{"id":3870,"date":"2025-07-02T11:38:23","date_gmt":"2025-07-02T09:38:23","guid":{"rendered":"https:\/\/tajo.coop\/certifications\/"},"modified":"2026-03-04T13:16:58","modified_gmt":"2026-03-04T12:16:58","slug":"certyfikaty","status":"publish","type":"page","link":"https:\/\/tajo.coop\/pl\/certyfikaty\/","title":{"rendered":"Certyfikaty"},"content":{"rendered":"<p>[et_pb_section fb_built=&#8221;1&#8243; admin_label=&#8221;Section&#8221; _builder_version=&#8221;4.27.4&#8243; _module_preset=&#8221;default&#8221; background_color=&#8221;rgba(26,22,27,0.5)&#8221; background_image=&#8221;https:\/\/tajo.coop\/wp-content\/uploads\/2025\/06\/tajo-group-global-solutions-technical-components-plastic-injection-automotive-home-applicances-TajoPolska175.webp&#8221; background_blend=&#8221;multiply&#8221; min_height=&#8221;100vh&#8221; custom_css_main_element=&#8221;align-items: center;||  display: grid;&#8221; global_colors_info=&#8221;{}&#8221;][et_pb_row _builder_version=&#8221;4.27.4&#8243; _module_preset=&#8221;default&#8221; global_colors_info=&#8221;{}&#8221;][et_pb_column type=&#8221;4_4&#8243; _builder_version=&#8221;4.27.4&#8243; _module_preset=&#8221;default&#8221; global_colors_info=&#8221;{}&#8221;][dsm_dual_heading before_text=&#8221;CERTYFIKATY &#8221; middle_text=&#8221;JAKO\u015aCI&#8221; heading_html_tag=&#8221;h1&#8243; _builder_version=&#8221;4.27.5&#8243; _module_preset=&#8221;default&#8221; header_font=&#8221;||on|on|||||&#8221; middle_text_color=&#8221;#E2001A&#8221; text_orientation=&#8221;center&#8221; background_layout=&#8221;dark&#8221; animation_style=&#8221;fade&#8221; hover_enabled=&#8221;0&#8243; header_font_size_tablet=&#8221;&#8221; header_font_size_phone=&#8221;2.7rem&#8221; header_font_size_last_edited=&#8221;on|phone&#8221; global_colors_info=&#8221;{}&#8221; sticky_enabled=&#8221;0&#8243;][\/dsm_dual_heading][et_pb_text _builder_version=&#8221;4.27.5&#8243; _module_preset=&#8221;default&#8221; text_font_size=&#8221;1.3rem&#8221; header_2_font=&#8221;|||on|||||&#8221; header_2_text_align=&#8221;center&#8221; header_3_font=&#8221;|||on|||||&#8221; header_3_text_align=&#8221;center&#8221; header_3_font_size=&#8221;1.5rem&#8221; text_orientation=&#8221;center&#8221; background_layout=&#8221;dark&#8221; max_width=&#8221;760px&#8221; module_alignment=&#8221;center&#8221; animation_style=&#8221;fade&#8221; hover_enabled=&#8221;0&#8243; global_colors_info=&#8221;{}&#8221; sticky_enabled=&#8221;0&#8243;]<\/p>\n<p>Przywi\u0105zujemy du\u017c\u0105 wag\u0119 do jako\u015bci naszych produkt\u00f3w i\u00a0proces\u00f3w. Dlatego opracowali\u015bmy <strong>Zintegrowany system zarz\u0105dzania<\/strong> ukierunkowany na <strong>jako\u015b\u0107, zapobieganie i\u00a0poszanowanie \u015brodowiska<\/strong>.<\/p>\n<p>[\/et_pb_text][et_pb_icon font_icon=&#8221;&#x22;||divi||400&#8243; icon_color=&#8221;#FFFFFF&#8221; icon_width=&#8221;36px&#8221; url=&#8221;#more&#8221; module_class=&#8221;animar-vertical&#8221; _builder_version=&#8221;4.27.4&#8243; _module_preset=&#8221;default&#8221; positioning=&#8221;relative&#8221; vertical_offset=&#8221;20vh&#8221; custom_padding=&#8221;12px|12px|12px|12px|true|true&#8221; border_radii=&#8221;on|50%|50%|50%|50%&#8221; border_width_all=&#8221;1px&#8221; border_color_all=&#8221;#FFFFFF&#8221; global_colors_info=&#8221;{}&#8221;][\/et_pb_icon][\/et_pb_column][\/et_pb_row][\/et_pb_section][et_pb_section fb_built=&#8221;1&#8243; admin_label=&#8221;Section&#8221; module_id=&#8221;more&#8221; _builder_version=&#8221;4.27.4&#8243; _module_preset=&#8221;default&#8221; custom_css_main_element=&#8221;display:flex;||align-items:center;&#8221; global_colors_info=&#8221;{}&#8221;][et_pb_row column_structure=&#8221;1_3,1_3,1_3&#8243; use_custom_gutter=&#8221;on&#8221; gutter_width=&#8221;3&#8243; make_equal=&#8221;on&#8221; module_id=&#8221;value-proposition&#8221; _builder_version=&#8221;4.27.4&#8243; _module_preset=&#8221;default&#8221; custom_css_main_element=&#8221;\/*align-items:center;*\/&#8221; global_colors_info=&#8221;{}&#8221;][et_pb_column type=&#8221;1_3&#8243; _builder_version=&#8221;4.27.4&#8243; _module_preset=&#8221;default&#8221; custom_padding=&#8221;4%|4%|4%|4%|true|true&#8221; border_width_all=&#8221;1px&#8221; global_colors_info=&#8221;{}&#8221;][et_pb_text _builder_version=&#8221;4.27.4&#8243; _module_preset=&#8221;default&#8221; text_font=&#8221;|||on|||||&#8221; header_font=&#8221;||on||||||&#8221; header_2_font=&#8221;||||||||&#8221; header_2_font_size=&#8221;2rem&#8221; max_width=&#8221;720px&#8221; module_alignment=&#8221;center&#8221; custom_padding=&#8221;|||4%|false|false&#8221; animation_style=&#8221;fade&#8221; border_width_left=&#8221;20px&#8221; border_color_left=&#8221;#E2001A&#8221; global_colors_info=&#8221;{}&#8221;]<\/p>\n<h2>TAJO OIARTZUN<\/h2>\n<p>[\/et_pb_text][et_pb_blurb title=&#8221;ISO 9001&#8243; use_icon=&#8221;on&#8221; font_icon=&#8221;&#xf0ea;||fa||900&#8243; icon_color=&#8221;#E2001A&#8221; icon_placement=&#8221;left&#8221; _builder_version=&#8221;4.27.4&#8243; _module_preset=&#8221;default&#8221; image_icon_custom_margin=&#8221;-5px||||false|false&#8221; link_option_url=&#8221;https:\/\/tajo.coop\/wp-content\/uploads\/2025\/06\/CertificadoER-0445-2003_ES_2024-04-25.pdf&#8221; link_option_url_new_window=&#8221;on&#8221; global_colors_info=&#8221;{}&#8221;][\/et_pb_blurb][et_pb_blurb title=&#8221;ISO 14001&#8243; use_icon=&#8221;on&#8221; font_icon=&#8221;&#xf0ea;||fa||900&#8243; icon_color=&#8221;#E2001A&#8221; icon_placement=&#8221;left&#8221; _builder_version=&#8221;4.27.4&#8243; _module_preset=&#8221;default&#8221; image_icon_custom_margin=&#8221;-5px||||false|false&#8221; link_option_url=&#8221;https:\/\/tajo.coop\/wp-content\/uploads\/2025\/06\/ISO_14001_2015_GA-2005-0343_ES.pdf&#8221; link_option_url_new_window=&#8221;on&#8221; global_colors_info=&#8221;{}&#8221;][\/et_pb_blurb][et_pb_blurb title=&#8221;ISO 45001&#8243; use_icon=&#8221;on&#8221; font_icon=&#8221;&#xf0ea;||fa||900&#8243; icon_color=&#8221;#E2001A&#8221; icon_placement=&#8221;left&#8221; _builder_version=&#8221;4.27.4&#8243; _module_preset=&#8221;default&#8221; image_icon_custom_margin=&#8221;-5px||||false|false&#8221; link_option_url=&#8221;https:\/\/tajo.coop\/wp-content\/uploads\/2025\/06\/ISO_45001_2018_ES.pdf&#8221; global_colors_info=&#8221;{}&#8221;][\/et_pb_blurb][et_pb_blurb title=&#8221;IATF 16949&#8243; use_icon=&#8221;on&#8221; font_icon=&#8221;&#xf0ea;||fa||900&#8243; icon_color=&#8221;#E2001A&#8221; icon_placement=&#8221;left&#8221; _builder_version=&#8221;4.27.4&#8243; _module_preset=&#8221;default&#8221; image_icon_custom_margin=&#8221;-5px||||false|false&#8221; link_option_url=&#8221;https:\/\/tajo.coop\/wp-content\/uploads\/2025\/06\/CertificadoRA02-0009_2005_IN_2024-04-25.pdf&#8221; link_option_url_new_window=&#8221;on&#8221; global_colors_info=&#8221;{}&#8221;][\/et_pb_blurb][et_pb_blurb title=&#8221;TISAX&#8221; use_icon=&#8221;on&#8221; font_icon=&#8221;&#xf0ea;||fa||900&#8243; icon_color=&#8221;#E2001A&#8221; icon_placement=&#8221;left&#8221; _builder_version=&#8221;4.27.4&#8243; _module_preset=&#8221;default&#8221; image_icon_custom_margin=&#8221;-5px||||false|false&#8221; link_option_url=&#8221;https:\/\/tajo.coop\/wp-content\/uploads\/2025\/11\/certificado-TISAX.pdf&#8221; link_option_url_new_window=&#8221;on&#8221; global_colors_info=&#8221;{}&#8221;][\/et_pb_blurb][\/et_pb_column][et_pb_column type=&#8221;1_3&#8243; _builder_version=&#8221;4.27.4&#8243; _module_preset=&#8221;default&#8221; custom_padding=&#8221;4%|4%|4%|4%|true|true&#8221; border_width_all=&#8221;1px&#8221; global_colors_info=&#8221;{}&#8221;][et_pb_text _builder_version=&#8221;4.27.4&#8243; _module_preset=&#8221;default&#8221; text_font=&#8221;|||on|||||&#8221; header_font=&#8221;||on||||||&#8221; header_2_font=&#8221;||||||||&#8221; header_2_font_size=&#8221;2rem&#8221; max_width=&#8221;720px&#8221; module_alignment=&#8221;center&#8221; custom_padding=&#8221;|||4%|false|false&#8221; animation_style=&#8221;fade&#8221; border_width_left=&#8221;20px&#8221; border_color_left=&#8221;#E2001A&#8221; global_colors_info=&#8221;{}&#8221;]<\/p>\n<h2>TAJO POLSKA<\/h2>\n<p>[\/et_pb_text][et_pb_blurb title=&#8221;ISO 9001&#8243; use_icon=&#8221;on&#8221; font_icon=&#8221;&#xf0ea;||fa||900&#8243; icon_color=&#8221;#E2001A&#8221; icon_placement=&#8221;left&#8221; _builder_version=&#8221;4.27.4&#8243; _module_preset=&#8221;default&#8221; image_icon_custom_margin=&#8221;-5px||||false|false&#8221; link_option_url=&#8221;https:\/\/tajo.coop\/wp-content\/uploads\/2025\/06\/CERT_9001_PCA_ENG_2024_TAJO_POLSKA_SP._Z_O._O.pdf&#8221; link_option_url_new_window=&#8221;on&#8221; global_colors_info=&#8221;{}&#8221;][\/et_pb_blurb][et_pb_blurb title=&#8221;ISO 14001&#8243; use_icon=&#8221;on&#8221; font_icon=&#8221;&#xf0ea;||fa||900&#8243; icon_color=&#8221;#E2001A&#8221; icon_placement=&#8221;left&#8221; _builder_version=&#8221;4.27.4&#8243; _module_preset=&#8221;default&#8221; image_icon_custom_margin=&#8221;-5px||||false|false&#8221; link_option_url=&#8221;https:\/\/tajo.coop\/wp-content\/uploads\/2025\/06\/TAJO_CERT_14001_PCA_EN_2024.pdf&#8221; link_option_url_new_window=&#8221;on&#8221; global_colors_info=&#8221;{}&#8221;][\/et_pb_blurb][et_pb_blurb title=&#8221;ISO 45001&#8243; use_icon=&#8221;on&#8221; font_icon=&#8221;&#xf0ea;||fa||900&#8243; icon_color=&#8221;#E2001A&#8221; icon_placement=&#8221;left&#8221; _builder_version=&#8221;4.27.4&#8243; _module_preset=&#8221;default&#8221; image_icon_custom_margin=&#8221;-5px||||false|false&#8221; link_option_url=&#8221;https:\/\/tajo.coop\/wp-content\/uploads\/2025\/06\/Tajo-Polska-ISO_45001_2018_EN.pdf&#8221; link_option_url_new_window=&#8221;on&#8221; global_colors_info=&#8221;{}&#8221;][\/et_pb_blurb][et_pb_blurb title=&#8221;IATF 16949&#8243; use_icon=&#8221;on&#8221; font_icon=&#8221;&#xf0ea;||fa||900&#8243; icon_color=&#8221;#E2001A&#8221; icon_placement=&#8221;left&#8221; disabled_on=&#8221;off|off|off&#8221; _builder_version=&#8221;4.27.4&#8243; _dynamic_attributes=&#8221;link_option_url&#8221; _module_preset=&#8221;default&#8221; image_icon_custom_margin=&#8221;-5px||||false|false&#8221; link_option_url=&#8221;@ET-DC@eyJkeW5hbWljIjp0cnVlLCJjb250ZW50IjoicG9zdF9saW5rX3VybF9hdHRhY2htZW50Iiwic2V0dGluZ3MiOnsicG9zdF9pZCI6IjE3OTUifX0=@&#8221; link_option_url_new_window=&#8221;on&#8221; global_colors_info=&#8221;{}&#8221;][\/et_pb_blurb][\/et_pb_column][et_pb_column type=&#8221;1_3&#8243; _builder_version=&#8221;4.27.4&#8243; _module_preset=&#8221;default&#8221; custom_padding=&#8221;4%|4%|4%|4%|true|true&#8221; border_width_all=&#8221;1px&#8221; global_colors_info=&#8221;{}&#8221;][et_pb_text _builder_version=&#8221;4.27.4&#8243; _module_preset=&#8221;default&#8221; text_font=&#8221;|||on|||||&#8221; header_font=&#8221;||on||||||&#8221; header_2_font=&#8221;||||||||&#8221; header_2_font_size=&#8221;2rem&#8221; max_width=&#8221;720px&#8221; module_alignment=&#8221;center&#8221; custom_padding=&#8221;|||4%|false|false&#8221; animation_style=&#8221;fade&#8221; border_width_left=&#8221;20px&#8221; border_color_left=&#8221;#E2001A&#8221; global_colors_info=&#8221;{}&#8221;]<\/p>\n<h2>TABIPLAST<\/h2>\n<p>[\/et_pb_text][et_pb_blurb title=&#8221;ISO 9001&#8243; use_icon=&#8221;on&#8221; font_icon=&#8221;&#xf0ea;||fa||900&#8243; icon_color=&#8221;#E2001A&#8221; icon_placement=&#8221;left&#8221; _builder_version=&#8221;4.27.4&#8243; _module_preset=&#8221;default&#8221; image_icon_custom_margin=&#8221;-5px||||false|false&#8221; link_option_url=&#8221;https:\/\/tajo.coop\/wp-content\/uploads\/2025\/06\/ISO9001_en.pdf&#8221; link_option_url_new_window=&#8221;on&#8221; global_colors_info=&#8221;{}&#8221;][\/et_pb_blurb][et_pb_blurb title=&#8221;ISO 14001&#8243; use_icon=&#8221;on&#8221; font_icon=&#8221;&#xf0ea;||fa||900&#8243; icon_color=&#8221;#E2001A&#8221; icon_placement=&#8221;left&#8221; _builder_version=&#8221;4.27.4&#8243; _module_preset=&#8221;default&#8221; image_icon_custom_margin=&#8221;-5px||||false|false&#8221; link_option_url=&#8221;https:\/\/tajo.coop\/wp-content\/uploads\/2025\/06\/CERT_14001_PCA_EN_2024.pdf&#8221; link_option_url_new_window=&#8221;on&#8221; global_colors_info=&#8221;{}&#8221;][\/et_pb_blurb][et_pb_blurb title=&#8221;ISO 45001&#8243; use_icon=&#8221;on&#8221; font_icon=&#8221;&#xf0ea;||fa||900&#8243; icon_color=&#8221;#E2001A&#8221; icon_placement=&#8221;left&#8221; _builder_version=&#8221;4.27.4&#8243; _module_preset=&#8221;default&#8221; image_icon_custom_margin=&#8221;-5px||||false|false&#8221; link_option_url=&#8221;https:\/\/tajo.coop\/wp-content\/uploads\/2025\/06\/Tabiplast-CERT_45001_PCA_EN_2024.pdf&#8221; link_option_url_new_window=&#8221;on&#8221; global_colors_info=&#8221;{}&#8221;][\/et_pb_blurb][et_pb_blurb title=&#8221;IATF 16949&#8243; use_icon=&#8221;on&#8221; font_icon=&#8221;&#xf0ea;||fa||900&#8243; icon_color=&#8221;#E2001A&#8221; icon_placement=&#8221;left&#8221; _builder_version=&#8221;4.27.4&#8243; _module_preset=&#8221;default&#8221; image_icon_custom_margin=&#8221;-5px||||false|false&#8221; link_option_url=&#8221;https:\/\/tajo.coop\/wp-content\/uploads\/2025\/06\/IATF_16949_2024_en.pdf&#8221; link_option_url_new_window=&#8221;on&#8221; global_colors_info=&#8221;{}&#8221;][\/et_pb_blurb][\/et_pb_column][\/et_pb_row][\/et_pb_section]<\/p>\n","protected":false},"excerpt":{"rendered":"<p><div class=\"et_pb_module dsm_dual_heading dsm_dual_heading_0 et_animated  et_pb_text_align_center et_pb_bg_layout_dark\">\n\t\t\t\t\n\t\t\t\t\n\t\t\t\t\n\t\t\t\t\n\t\t\t\t\n\t\t\t\t\n\t\t\t\t<div class=\"et_pb_module_inner\">\n\t\t\t\t\t<h1 class=\"dsm-dual-heading-main et_pb_module_header\"><span class=\"dsm-dual-heading-before\">CERTYFIKATY <\/span><span class=\"dsm-dual-heading-middle\">JAKO\u015aCI<\/span><\/h1>\n\t\t\t\t<\/div>\n\t\t\t<\/div>Przywi\u0105zujemy du\u017c\u0105 wag\u0119 do jako\u015bci naszych produkt\u00f3w i\u00a0proces\u00f3w. Dlatego opracowali\u015bmy Zintegrowany system zarz\u0105dzania ukierunkowany na jako\u015b\u0107, zapobieganie i\u00a0poszanowanie \u015brodowiska.TAJO OIARTZUNTAJO POLSKATABIPLAST<\/p>\n","protected":false},"author":1,"featured_media":0,"parent":0,"menu_order":28,"comment_status":"closed","ping_status":"closed","template":"","meta":{"_et_pb_use_builder":"on","_et_pb_old_content":"","_et_gb_content_width":"","footnotes":""},"class_list":["post-3870","page","type-page","status-publish","hentry"],"yoast_head":"<!-- This site is optimized with the Yoast SEO plugin v27.1.1 - https:\/\/yoast.com\/product\/yoast-seo-wordpress\/ -->\n<title>Tajo Group Quality Certifications | ISO &amp; IATF Standards<\/title>\n<meta name=\"description\" content=\"Discover Tajo Group quality certifications: global compliance with ISO and IATF standards ensuring excellence in plastic manufacturing.\" \/>\n<meta name=\"robots\" content=\"index, follow, max-snippet:-1, max-image-preview:large, max-video-preview:-1\" \/>\n<link rel=\"canonical\" href=\"https:\/\/tajo.coop\/certifications\/\" \/>\n<meta property=\"og:locale\" content=\"pl_PL\" \/>\n<meta property=\"og:type\" content=\"article\" \/>\n<meta property=\"og:title\" content=\"Tajo Group Quality Certifications | ISO &amp; IATF Standards\" \/>\n<meta property=\"og:description\" content=\"Discover Tajo Group quality certifications: global compliance with ISO and IATF standards ensuring excellence in plastic manufacturing.\" \/>\n<meta property=\"og:url\" content=\"https:\/\/tajo.coop\/certifications\/\" \/>\n<meta property=\"og:site_name\" content=\"Tajo Group\" \/>\n<meta property=\"article:modified_time\" content=\"2026-03-04T12:16:58+00:00\" \/>\n<meta property=\"og:image\" content=\"https:\/\/tajo.coop\/wp-content\/uploads\/2025\/06\/tajo-group-logo.webp\" \/>\n\t<meta property=\"og:image:width\" content=\"168\" \/>\n\t<meta property=\"og:image:height\" content=\"64\" \/>\n\t<meta property=\"og:image:type\" content=\"image\/webp\" \/>\n<meta name=\"twitter:card\" content=\"summary_large_image\" \/>\n<meta name=\"twitter:label1\" content=\"Szacowany czas czytania\" \/>\n\t<meta name=\"twitter:data1\" content=\"1 minuta\" \/>\n<script type=\"application\/ld+json\" class=\"yoast-schema-graph\">{\"@context\":\"https:\/\/schema.org\",\"@graph\":[{\"@type\":\"WebPage\",\"@id\":\"https:\/\/tajo.coop\/certifications\/\",\"url\":\"https:\/\/tajo.coop\/certifications\/\",\"name\":\"Tajo Group Quality Certifications | ISO & IATF Standards\",\"isPartOf\":{\"@id\":\"https:\/\/tajo.coop\/#website\"},\"datePublished\":\"2025-07-02T09:38:23+00:00\",\"dateModified\":\"2026-03-04T12:16:58+00:00\",\"description\":\"Discover Tajo Group quality certifications: global compliance with ISO and IATF standards ensuring excellence in plastic manufacturing.\",\"breadcrumb\":{\"@id\":\"https:\/\/tajo.coop\/certifications\/#breadcrumb\"},\"inLanguage\":\"pl-PL\",\"potentialAction\":[{\"@type\":\"ReadAction\",\"target\":[\"https:\/\/tajo.coop\/certifications\/\"]}]},{\"@type\":\"BreadcrumbList\",\"@id\":\"https:\/\/tajo.coop\/certifications\/#breadcrumb\",\"itemListElement\":[{\"@type\":\"ListItem\",\"position\":1,\"name\":\"Home\",\"item\":\"https:\/\/tajo.coop\/\"},{\"@type\":\"ListItem\",\"position\":2,\"name\":\"Certyfikaty\"}]},{\"@type\":\"WebSite\",\"@id\":\"https:\/\/tajo.coop\/#website\",\"url\":\"https:\/\/tajo.coop\/\",\"name\":\"Tajo Group\",\"description\":\"Global solutions for technical components in plastic injection\",\"potentialAction\":[{\"@type\":\"SearchAction\",\"target\":{\"@type\":\"EntryPoint\",\"urlTemplate\":\"https:\/\/tajo.coop\/?s={search_term_string}\"},\"query-input\":{\"@type\":\"PropertyValueSpecification\",\"valueRequired\":true,\"valueName\":\"search_term_string\"}}],\"inLanguage\":\"pl-PL\"}]}<\/script>\n<!-- \/ Yoast SEO plugin. -->","yoast_head_json":{"title":"Tajo Group Quality Certifications | ISO & IATF Standards","description":"Discover Tajo Group quality certifications: global compliance with ISO and IATF standards ensuring excellence in plastic manufacturing.","robots":{"index":"index","follow":"follow","max-snippet":"max-snippet:-1","max-image-preview":"max-image-preview:large","max-video-preview":"max-video-preview:-1"},"canonical":"https:\/\/tajo.coop\/certifications\/","og_locale":"pl_PL","og_type":"article","og_title":"Tajo Group Quality Certifications | ISO & IATF Standards","og_description":"Discover Tajo Group quality certifications: global compliance with ISO and IATF standards ensuring excellence in plastic manufacturing.","og_url":"https:\/\/tajo.coop\/certifications\/","og_site_name":"Tajo Group","article_modified_time":"2026-03-04T12:16:58+00:00","og_image":[{"width":168,"height":64,"url":"https:\/\/tajo.coop\/wp-content\/uploads\/2025\/06\/tajo-group-logo.webp","type":"image\/webp"}],"twitter_card":"summary_large_image","twitter_misc":{"Szacowany czas czytania":"1 minuta"},"schema":{"@context":"https:\/\/schema.org","@graph":[{"@type":"WebPage","@id":"https:\/\/tajo.coop\/certifications\/","url":"https:\/\/tajo.coop\/certifications\/","name":"Tajo Group Quality Certifications | ISO & IATF Standards","isPartOf":{"@id":"https:\/\/tajo.coop\/#website"},"datePublished":"2025-07-02T09:38:23+00:00","dateModified":"2026-03-04T12:16:58+00:00","description":"Discover Tajo Group quality certifications: global compliance with ISO and IATF standards ensuring excellence in plastic manufacturing.","breadcrumb":{"@id":"https:\/\/tajo.coop\/certifications\/#breadcrumb"},"inLanguage":"pl-PL","potentialAction":[{"@type":"ReadAction","target":["https:\/\/tajo.coop\/certifications\/"]}]},{"@type":"BreadcrumbList","@id":"https:\/\/tajo.coop\/certifications\/#breadcrumb","itemListElement":[{"@type":"ListItem","position":1,"name":"Home","item":"https:\/\/tajo.coop\/"},{"@type":"ListItem","position":2,"name":"Certyfikaty"}]},{"@type":"WebSite","@id":"https:\/\/tajo.coop\/#website","url":"https:\/\/tajo.coop\/","name":"Tajo Group","description":"Global solutions for technical components in plastic injection","potentialAction":[{"@type":"SearchAction","target":{"@type":"EntryPoint","urlTemplate":"https:\/\/tajo.coop\/?s={search_term_string}"},"query-input":{"@type":"PropertyValueSpecification","valueRequired":true,"valueName":"search_term_string"}}],"inLanguage":"pl-PL"}]}},"_links":{"self":[{"href":"https:\/\/tajo.coop\/pl\/wp-json\/wp\/v2\/pages\/3870","targetHints":{"allow":["GET"]}}],"collection":[{"href":"https:\/\/tajo.coop\/pl\/wp-json\/wp\/v2\/pages"}],"about":[{"href":"https:\/\/tajo.coop\/pl\/wp-json\/wp\/v2\/types\/page"}],"author":[{"embeddable":true,"href":"https:\/\/tajo.coop\/pl\/wp-json\/wp\/v2\/users\/1"}],"replies":[{"embeddable":true,"href":"https:\/\/tajo.coop\/pl\/wp-json\/wp\/v2\/comments?post=3870"}],"version-history":[{"count":3,"href":"https:\/\/tajo.coop\/pl\/wp-json\/wp\/v2\/pages\/3870\/revisions"}],"predecessor-version":[{"id":3873,"href":"https:\/\/tajo.coop\/pl\/wp-json\/wp\/v2\/pages\/3870\/revisions\/3873"}],"wp:attachment":[{"href":"https:\/\/tajo.coop\/pl\/wp-json\/wp\/v2\/media?parent=3870"}],"curies":[{"name":"wp","href":"https:\/\/api.w.org\/{rel}","templated":true}]}}