{"id":3866,"date":"2025-07-02T11:37:22","date_gmt":"2025-07-02T09:37:22","guid":{"rendered":"https:\/\/tajo.coop\/policies\/"},"modified":"2026-03-04T15:37:49","modified_gmt":"2026-03-04T14:37:49","slug":"polityki","status":"publish","type":"page","link":"https:\/\/tajo.coop\/pl\/polityki\/","title":{"rendered":"Polityki"},"content":{"rendered":"<p>[et_pb_section fb_built=&#8221;1&#8243; admin_label=&#8221;Section&#8221; _builder_version=&#8221;4.27.4&#8243; _module_preset=&#8221;default&#8221; background_color=&#8221;rgba(26,22,27,0.6)&#8221; background_image=&#8221;https:\/\/tajo.coop\/wp-content\/uploads\/2025\/06\/tajo-group-global-solutions-technical-components-plastic-injection-automotive-home-applicances-IndustriasTAJO054.webp&#8221; background_blend=&#8221;multiply&#8221; min_height=&#8221;100vh&#8221; custom_css_main_element=&#8221;display:flex;||align-items:center;&#8221; global_colors_info=&#8221;{}&#8221;][et_pb_row _builder_version=&#8221;4.27.4&#8243; _module_preset=&#8221;default&#8221; global_colors_info=&#8221;{}&#8221;][et_pb_column type=&#8221;4_4&#8243; _builder_version=&#8221;4.27.4&#8243; _module_preset=&#8221;default&#8221; global_colors_info=&#8221;{}&#8221;][dsm_dual_heading before_text=&#8221;NASZE &#8221; middle_text=&#8221;POLITYKI&#8221; heading_html_tag=&#8221;h1&#8243; _builder_version=&#8221;4.27.5&#8243; _module_preset=&#8221;default&#8221; header_font=&#8221;||on|on|||||&#8221; middle_text_color=&#8221;#E2001A&#8221; text_orientation=&#8221;center&#8221; background_layout=&#8221;dark&#8221; animation_style=&#8221;fade&#8221; header_font_size_tablet=&#8221;&#8221; header_font_size_phone=&#8221;2.7rem&#8221; header_font_size_last_edited=&#8221;on|phone&#8221; global_colors_info=&#8221;{}&#8221; middle_background_color__hover_enabled=&#8221;off|desktop&#8221;][\/dsm_dual_heading][et_pb_icon font_icon=&#8221;&#x22;||divi||400&#8243; icon_color=&#8221;#FFFFFF&#8221; icon_width=&#8221;36px&#8221; url=&#8221;#more&#8221; module_class=&#8221;animar-vertical&#8221; _builder_version=&#8221;4.27.4&#8243; _module_preset=&#8221;default&#8221; positioning=&#8221;relative&#8221; vertical_offset=&#8221;20vh&#8221; custom_padding=&#8221;12px|12px|12px|12px|true|true&#8221; border_radii=&#8221;on|50%|50%|50%|50%&#8221; border_width_all=&#8221;1px&#8221; border_color_all=&#8221;#FFFFFF&#8221; global_colors_info=&#8221;{}&#8221;][\/et_pb_icon][\/et_pb_column][\/et_pb_row][\/et_pb_section][et_pb_section fb_built=&#8221;1&#8243; admin_label=&#8221;Section&#8221; module_id=&#8221;more&#8221; _builder_version=&#8221;4.27.4&#8243; _module_preset=&#8221;default&#8221; min_height=&#8221;60vh&#8221; custom_css_main_element=&#8221;display:flex;||align-items:center;&#8221; global_colors_info=&#8221;{}&#8221;][et_pb_row _builder_version=&#8221;4.27.4&#8243; _module_preset=&#8221;default&#8221; global_colors_info=&#8221;{}&#8221;][et_pb_column type=&#8221;4_4&#8243; _builder_version=&#8221;4.27.4&#8243; _module_preset=&#8221;default&#8221; global_colors_info=&#8221;{}&#8221;][dsm_dual_heading before_text=&#8221;POLITYKA &#8221; middle_text=&#8221;SPO\u0141ECZNEJ ODPOWIEDZIALNO\u015aCI&#8221; after_text=&#8221; BIZNESU&#8221; middle_background_color=&#8221;#E2001A&#8221; _builder_version=&#8221;4.27.5&#8243; _module_preset=&#8221;default&#8221; header_font=&#8221;|||on|||||&#8221; middle_text_color=&#8221;#FFFFFF&#8221; text_orientation=&#8221;center&#8221; custom_margin=&#8221;||||false|false&#8221; animation_style=&#8221;fade&#8221; hover_enabled=&#8221;0&#8243; header_font_size_tablet=&#8221;&#8221; header_font_size_phone=&#8221;2.5rem&#8221; header_font_size_last_edited=&#8221;on|phone&#8221; locked=&#8221;off&#8221; global_colors_info=&#8221;{}&#8221; middle_font_size_last_edited=&#8221;on|phone&#8221; sticky_enabled=&#8221;0&#8243; middle_font_size_phone=&#8221;2.3rem&#8221;][\/dsm_dual_heading][et_pb_divider color=&#8221;#E2001A&#8221; divider_weight=&#8221;6px&#8221; _builder_version=&#8221;4.27.4&#8243; _module_preset=&#8221;default&#8221; width=&#8221;190px&#8221; module_alignment=&#8221;center&#8221; animation_style=&#8221;fold&#8221; animation_direction=&#8221;left&#8221; locked=&#8221;off&#8221; global_colors_info=&#8221;{}&#8221;][\/et_pb_divider][et_pb_heading title=&#8221;Streszczenie polityki&#8221; _builder_version=&#8221;4.27.5&#8243; _module_preset=&#8221;default&#8221; title_level=&#8221;h3&#8243; title_font=&#8221;|||on|||||&#8221; title_text_align=&#8221;center&#8221; title_text_color=&#8221;#E2001A&#8221; title_font_size=&#8221;32px&#8221; global_colors_info=&#8221;{}&#8221;][\/et_pb_heading][et_pb_text _builder_version=&#8221;4.27.5&#8243; _module_preset=&#8221;default&#8221; text_font_size=&#8221;1.3rem&#8221; header_2_font=&#8221;|||on|||||&#8221; header_2_text_align=&#8221;center&#8221; header_3_font=&#8221;|||on|||||&#8221; header_3_text_align=&#8221;center&#8221; header_3_font_size=&#8221;1.5rem&#8221; text_orientation=&#8221;center&#8221; max_width=&#8221;820px&#8221; module_alignment=&#8221;center&#8221; custom_margin=&#8221;||4%||false|false&#8221; global_colors_info=&#8221;{}&#8221;]Spo\u0142eczna odpowiedzialno\u015b\u0107 biznesu to forma dzia\u0142ania przyj\u0119ta przez firmy w\u00a0celu prowadzenia dzia\u0142alno\u015bci w\u00a0spos\u00f3b zr\u00f3wnowa\u017cony i\u00a0etyczny, zmniejszaj\u0105c negatywny wp\u0142yw, jaki wywieraj\u0105 na swoich interesariuszy (klient\u00f3w, pracownik\u00f3w itp.), \u015brodowisko i\u00a0spo\u0142ecze\u0144stwo.<\/p>\n<p>Poniewa\u017c jeste\u015bmy organizacj\u0105 sp\u00f3\u0142dzielcz\u0105, spo\u0142eczna odpowiedzialno\u015b\u0107 biznesu w\u00a0Tajo Group jest kompleksowa i\u00a0strukturalnie zintegrowana. Jeste\u015bmy przekonani, \u017ce poprzez zr\u00f3wnowa\u017cone zarz\u0105dzanie mo\u017cemy przyczyni\u0107 si\u0119 do wzrostu naszego kapita\u0142u i\u00a0rozwoju naszego otoczenia, jednocze\u015bnie dbaj\u0105c o\u00a0\u015brodowisko naturalne.[\/et_pb_text][et_pb_heading title=&#8221;Zakres&#8221; _builder_version=&#8221;4.27.5&#8243; _module_preset=&#8221;default&#8221; title_level=&#8221;h3&#8243; title_font=&#8221;|||on|||||&#8221; title_text_align=&#8221;center&#8221; title_text_color=&#8221;#E2001A&#8221; title_font_size=&#8221;32px&#8221; global_colors_info=&#8221;{}&#8221;][\/et_pb_heading][et_pb_text _builder_version=&#8221;4.27.5&#8243; _module_preset=&#8221;default&#8221; text_font_size=&#8221;1.3rem&#8221; header_2_font=&#8221;|||on|||||&#8221; header_2_text_align=&#8221;center&#8221; header_3_font=&#8221;|||on|||||&#8221; header_3_text_align=&#8221;center&#8221; header_3_font_size=&#8221;1.5rem&#8221; text_orientation=&#8221;center&#8221; max_width=&#8221;820px&#8221; module_alignment=&#8221;center&#8221; custom_margin=&#8221;||4%||false|false&#8221; global_colors_info=&#8221;{}&#8221;]Niniejsza polityka dotyczy wszystkich pracownik\u00f3w, dyrektor\u00f3w i\u00a0cz\u0142onk\u00f3w organ\u00f3w administracyjnych TAJO GROUP, w\u00a0tym nieaktywnych partner\u00f3w i\u00a0partner\u00f3w wsp\u00f3\u0142pracuj\u0105cych, i\u00a0odnosi si\u0119 do indywidualnych i\/lub wsp\u00f3lnych dzia\u0142a\u0144 prowadzonych przez TAJO GROUP lub w\u00a0jej imieniu. Obejmuje ona wszystkie dzia\u0142ania, procesy i\u00a0relacje ustanowione przez TAJO GROUP i\u00a0jej pracownik\u00f3w na wszystkich szczeblach, niezale\u017cnie od tego, czy zosta\u0142y one formalnie okre\u015blone w\u00a0umowie, polityce, procedurze lub podobnym dokumencie czy te\u017c s\u0105 stosowane zwyczajowo.[\/et_pb_text][et_pb_heading title=&#8221;Wymagania og\u00f3lne&#8221; _builder_version=&#8221;4.27.5&#8243; _module_preset=&#8221;default&#8221; title_level=&#8221;h3&#8243; title_font=&#8221;|||on|||||&#8221; title_text_align=&#8221;center&#8221; title_text_color=&#8221;#E2001A&#8221; title_font_size=&#8221;32px&#8221; global_colors_info=&#8221;{}&#8221;][\/et_pb_heading][et_pb_text _builder_version=&#8221;4.27.5&#8243; _module_preset=&#8221;default&#8221; text_font_size=&#8221;1.3rem&#8221; header_2_font=&#8221;|||on|||||&#8221; header_2_text_align=&#8221;center&#8221; header_3_font=&#8221;|||on|||||&#8221; header_3_text_align=&#8221;center&#8221; header_3_font_size=&#8221;1.5rem&#8221; header_4_font=&#8221;|||on|||||&#8221; header_4_font_size=&#8221;24px&#8221; text_orientation=&#8221;center&#8221; max_width=&#8221;820px&#8221; module_alignment=&#8221;center&#8221; custom_margin=&#8221;||4%||false|false&#8221; custom_css_main_element=&#8221;h4 {margin-bottom:12px;}&#8221; global_colors_info=&#8221;{}&#8221;]Odpowiedzialno\u015b\u0107 biznesu Tajo Group obejmuje 4\u00a0filary:<\/p>\n<h4>Rozw\u00f3j ludzi<\/h4>\n<p>Dla Tajo Group ludzie s\u0105 bardzo wa\u017cni. Dlatego propagujemy bezpiecze\u0144stwo, zdrowie i\u00a0rozw\u00f3j ludzi jako niezbywalne zobowi\u0105zanie naszej kultury. Potrzeby i\u00a0cele ludzi tworz\u0105cych Tajo Group s\u0105 brane pod uwag\u0119 i\u00a0dostosowane do cel\u00f3w i\u00a0potrzeb firmy.<\/p>\n<h4>W\u0142\u0105czanie do spo\u0142ecze\u0144stwa<\/h4>\n<p>D\u0105\u017cymy do zr\u00f3wnowa\u017conego rozwoju naszego \u015brodowiska, a\u00a0tak\u017ce dobrobytu obywateli, klient\u00f3w, dostawc\u00f3w, pracownik\u00f3w i\u00a0innych podmiot\u00f3w.<\/p>\n<h4>Rozw\u00f3j dostawc\u00f3w<\/h4>\n<p>Tajo Group wsp\u00f3\u0142pracuje ze swoimi dostawcami w\u00a0zakresie stosowania odpowiedzialnych praktyk, poprawy standard\u00f3w zr\u00f3wnowa\u017conego rozwoju i\u00a0optymalizacji wydajno\u015bci ca\u0142ego \u0142a\u0144cucha dostaw na r\u00f3\u017cnych etapach cyklu \u017cycia produktu.<\/p>\n<h4>Odpowiedzialno\u015b\u0107 \u015brodowiskowa<\/h4>\n<p>Grupa Tajo, \u015bwiadoma znaczenia \u0142\u0105czenia rozwoju swojej dzia\u0142alno\u015bci z\u00a0ochron\u0105 \u015brodowiska, zobowi\u0105zuje si\u0119 do jak najmniejszego wp\u0142ywu na \u015brodowisko. W\u00a0tym celu b\u0119dzie d\u0105\u017cy\u0107 do ograniczenia emisji, oszcz\u0119dzania energii i\u00a0promowania korzystania z\u00a0odnawialnych \u017ar\u00f3de\u0142 energii.<\/p>\n<p>Tajo Group zapewni odpowiedzialne wykorzystanie zasob\u00f3w, skupiaj\u0105c si\u0119 na redukcji odpad\u00f3w, w\u0142a\u015bciwym wykorzystaniu wody i\u00a0jej kontroli oraz odpowiedzialnym zarz\u0105dzaniu wszystkimi u\u017cywanymi produktami chemicznymi.<\/p>\n<p>Zr\u00f3wnowa\u017cony rozw\u00f3j musi by\u0107 filarem wspieraj\u0105cym przysz\u0142o\u015b\u0107 firmy.[\/et_pb_text][\/et_pb_column][\/et_pb_row][\/et_pb_section][et_pb_section fb_built=&#8221;1&#8243; admin_label=&#8221;Section&#8221; _builder_version=&#8221;4.27.4&#8243; _module_preset=&#8221;default&#8221; custom_padding=&#8221;0px||0px||true|false&#8221; global_colors_info=&#8221;{}&#8221;][et_pb_row _builder_version=&#8221;4.27.4&#8243; _module_preset=&#8221;default&#8221; width=&#8221;100%&#8221; custom_padding=&#8221;0px||0px||true|false&#8221; global_colors_info=&#8221;{}&#8221;][et_pb_column type=&#8221;4_4&#8243; _builder_version=&#8221;4.27.4&#8243; _module_preset=&#8221;default&#8221; global_colors_info=&#8221;{}&#8221;][dsm_image_carousel gallery_ids=&#8221;459,458,444,442,429,424,411,412&#8243; lazyload=&#8221;on&#8221; slide_to_show=&#8221;2&#8243; speed=&#8221;6000&#8243; autoplay_speed=&#8221;0&#8243; space_between=&#8221;0&#8243; infinite_smooth_scrolling=&#8221;on&#8221; slide_to_show_tablet=&#8221;2&#8243; slide_to_show_last_edited=&#8221;off|tablet&#8221; _builder_version=&#8221;4.27.4&#8243; _module_preset=&#8221;default&#8221; custom_css_main_element=&#8221;.dsm_image_carousel_container {||\tmargin-bottom: 0!important;||}&#8221; global_colors_info=&#8221;{}&#8221;][\/dsm_image_carousel][\/et_pb_column][\/et_pb_row][\/et_pb_section]<\/p>\n","protected":false},"excerpt":{"rendered":"<p><div class=\"et_pb_module dsm_dual_heading dsm_dual_heading_0 et_animated  et_pb_text_align_center et_pb_bg_layout_dark\">\n\t\t\t\t\n\t\t\t\t\n\t\t\t\t\n\t\t\t\t\n\t\t\t\t\n\t\t\t\t\n\t\t\t\t<div class=\"et_pb_module_inner\">\n\t\t\t\t\t<h1 class=\"dsm-dual-heading-main et_pb_module_header\"><span class=\"dsm-dual-heading-before\">NASZE <\/span><span class=\"dsm-dual-heading-middle\">POLITYKI<\/span><\/h1>\n\t\t\t\t<\/div>\n\t\t\t<\/div><div class=\"et_pb_module dsm_dual_heading dsm_dual_heading_1 et_animated  et_pb_text_align_center et_pb_bg_layout_light\">\n\t\t\t\t\n\t\t\t\t\n\t\t\t\t\n\t\t\t\t\n\t\t\t\t\n\t\t\t\t\n\t\t\t\t<div class=\"et_pb_module_inner\">\n\t\t\t\t\t<h2 class=\"dsm-dual-heading-main et_pb_module_header\"><span class=\"dsm-dual-heading-before\">POLITYKA <\/span><span class=\"dsm-dual-heading-middle\">SPO\u0141ECZNEJ ODPOWIEDZIALNO\u015aCI<\/span><span class=\"dsm-dual-heading-after\"> BIZNESU<\/span><\/h2>\n\t\t\t\t<\/div>\n\t\t\t<\/div>Spo\u0142eczna odpowiedzialno\u015b\u0107 biznesu to forma dzia\u0142ania przyj\u0119ta przez firmy w\u00a0celu prowadzenia dzia\u0142alno\u015bci w\u00a0spos\u00f3b zr\u00f3wnowa\u017cony i\u00a0etyczny, zmniejszaj\u0105c negatywny wp\u0142yw, jaki wywieraj\u0105 na swoich interesariuszy (klient\u00f3w, pracownik\u00f3w itp.), \u015brodowisko i\u00a0spo\u0142ecze\u0144stwo. Poniewa\u017c jeste\u015bmy organizacj\u0105 sp\u00f3\u0142dzielcz\u0105, spo\u0142eczna odpowiedzialno\u015b\u0107 biznesu w\u00a0Tajo Group jest kompleksowa i\u00a0strukturalnie zintegrowana. Jeste\u015bmy przekonani, \u017ce poprzez zr\u00f3wnowa\u017cone zarz\u0105dzanie mo\u017cemy przyczyni\u0107 si\u0119 do wzrostu naszego kapita\u0142u i\u00a0rozwoju naszego otoczenia, jednocze\u015bnie dbaj\u0105c o\u00a0\u015brodowisko naturalne.Niniejsza polityka dotyczy wszystkich pracownik\u00f3w, dyrektor\u00f3w i\u00a0cz\u0142onk\u00f3w organ\u00f3w administracyjnych TAJO GROUP, w\u00a0tym nieaktywnych partner\u00f3w i\u00a0partner\u00f3w wsp\u00f3\u0142pracuj\u0105cych, i\u00a0odnosi si\u0119 do indywidualnych i\/lub wsp\u00f3lnych dzia\u0142a\u0144 prowadzonych przez TAJO GROUP lub w\u00a0jej imieniu. Obejmuje ona wszystkie dzia\u0142ania, procesy i\u00a0relacje ustanowione przez TAJO GROUP i\u00a0jej pracownik\u00f3w na wszystkich szczeblach, niezale\u017cnie od tego, czy zosta\u0142y one formalnie okre\u015blone w\u00a0umowie, polityce, procedurze lub podobnym dokumencie czy te\u017c s\u0105 stosowane zwyczajowo.Odpowiedzialno\u015b\u0107 biznesu Tajo Group obejmuje 4\u00a0filary: Rozw\u00f3j ludzi Dla Tajo Group ludzie s\u0105 bardzo wa\u017cni. Dlatego propagujemy bezpiecze\u0144stwo, zdrowie i\u00a0rozw\u00f3j ludzi jako niezbywalne zobowi\u0105zanie naszej kultury. Potrzeby i\u00a0cele ludzi tworz\u0105cych Tajo Group s\u0105 brane pod uwag\u0119 i\u00a0dostosowane do [&hellip;]<\/p>\n","protected":false},"author":1,"featured_media":0,"parent":0,"menu_order":27,"comment_status":"closed","ping_status":"closed","template":"","meta":{"_et_pb_use_builder":"on","_et_pb_old_content":"","_et_gb_content_width":"","footnotes":""},"class_list":["post-3866","page","type-page","status-publish","hentry"],"yoast_head":"<!-- This site is optimized with the Yoast SEO plugin v27.1.1 - https:\/\/yoast.com\/product\/yoast-seo-wordpress\/ -->\n<title>Social Responsibility in Plastic Manufacturing | Tajo Group<\/title>\n<meta name=\"description\" content=\"Social responsibility in plastic manufacturing through people development, sustainability and responsible supply chains. Tajo Group.\" \/>\n<meta name=\"robots\" content=\"index, follow, max-snippet:-1, max-image-preview:large, max-video-preview:-1\" \/>\n<link rel=\"canonical\" href=\"https:\/\/tajo.coop\/policies\/\" \/>\n<meta property=\"og:locale\" content=\"pl_PL\" \/>\n<meta property=\"og:type\" content=\"article\" \/>\n<meta property=\"og:title\" content=\"Social Responsibility in Plastic Manufacturing | Tajo Group\" \/>\n<meta property=\"og:description\" content=\"Social responsibility in plastic manufacturing through people development, sustainability and responsible supply chains. Tajo Group.\" \/>\n<meta property=\"og:url\" content=\"https:\/\/tajo.coop\/policies\/\" \/>\n<meta property=\"og:site_name\" content=\"Tajo Group\" \/>\n<meta property=\"article:modified_time\" content=\"2026-03-04T14:37:49+00:00\" \/>\n<meta property=\"og:image\" content=\"https:\/\/tajo.coop\/wp-content\/uploads\/2025\/06\/tajo-group-logo.webp\" \/>\n\t<meta property=\"og:image:width\" content=\"168\" \/>\n\t<meta property=\"og:image:height\" content=\"64\" \/>\n\t<meta property=\"og:image:type\" content=\"image\/webp\" \/>\n<meta name=\"twitter:card\" content=\"summary_large_image\" \/>\n<meta name=\"twitter:label1\" content=\"Szacowany czas czytania\" \/>\n\t<meta name=\"twitter:data1\" content=\"4 minuty\" \/>\n<script type=\"application\/ld+json\" class=\"yoast-schema-graph\">{\"@context\":\"https:\/\/schema.org\",\"@graph\":[{\"@type\":\"WebPage\",\"@id\":\"https:\/\/tajo.coop\/policies\/\",\"url\":\"https:\/\/tajo.coop\/policies\/\",\"name\":\"Social Responsibility in Plastic Manufacturing | Tajo Group\",\"isPartOf\":{\"@id\":\"https:\/\/tajo.coop\/#website\"},\"datePublished\":\"2025-07-02T09:37:22+00:00\",\"dateModified\":\"2026-03-04T14:37:49+00:00\",\"description\":\"Social responsibility in plastic manufacturing through people development, sustainability and responsible supply chains. Tajo Group.\",\"breadcrumb\":{\"@id\":\"https:\/\/tajo.coop\/policies\/#breadcrumb\"},\"inLanguage\":\"pl-PL\",\"potentialAction\":[{\"@type\":\"ReadAction\",\"target\":[\"https:\/\/tajo.coop\/policies\/\"]}]},{\"@type\":\"BreadcrumbList\",\"@id\":\"https:\/\/tajo.coop\/policies\/#breadcrumb\",\"itemListElement\":[{\"@type\":\"ListItem\",\"position\":1,\"name\":\"Home\",\"item\":\"https:\/\/tajo.coop\/\"},{\"@type\":\"ListItem\",\"position\":2,\"name\":\"Polityki\"}]},{\"@type\":\"WebSite\",\"@id\":\"https:\/\/tajo.coop\/#website\",\"url\":\"https:\/\/tajo.coop\/\",\"name\":\"Tajo Group\",\"description\":\"Global solutions for technical components in plastic injection\",\"potentialAction\":[{\"@type\":\"SearchAction\",\"target\":{\"@type\":\"EntryPoint\",\"urlTemplate\":\"https:\/\/tajo.coop\/?s={search_term_string}\"},\"query-input\":{\"@type\":\"PropertyValueSpecification\",\"valueRequired\":true,\"valueName\":\"search_term_string\"}}],\"inLanguage\":\"pl-PL\"}]}<\/script>\n<!-- \/ Yoast SEO plugin. -->","yoast_head_json":{"title":"Social Responsibility in Plastic Manufacturing | Tajo Group","description":"Social responsibility in plastic manufacturing through people development, sustainability and responsible supply chains. Tajo Group.","robots":{"index":"index","follow":"follow","max-snippet":"max-snippet:-1","max-image-preview":"max-image-preview:large","max-video-preview":"max-video-preview:-1"},"canonical":"https:\/\/tajo.coop\/policies\/","og_locale":"pl_PL","og_type":"article","og_title":"Social Responsibility in Plastic Manufacturing | Tajo Group","og_description":"Social responsibility in plastic manufacturing through people development, sustainability and responsible supply chains. Tajo Group.","og_url":"https:\/\/tajo.coop\/policies\/","og_site_name":"Tajo Group","article_modified_time":"2026-03-04T14:37:49+00:00","og_image":[{"width":168,"height":64,"url":"https:\/\/tajo.coop\/wp-content\/uploads\/2025\/06\/tajo-group-logo.webp","type":"image\/webp"}],"twitter_card":"summary_large_image","twitter_misc":{"Szacowany czas czytania":"4 minuty"},"schema":{"@context":"https:\/\/schema.org","@graph":[{"@type":"WebPage","@id":"https:\/\/tajo.coop\/policies\/","url":"https:\/\/tajo.coop\/policies\/","name":"Social Responsibility in Plastic Manufacturing | Tajo Group","isPartOf":{"@id":"https:\/\/tajo.coop\/#website"},"datePublished":"2025-07-02T09:37:22+00:00","dateModified":"2026-03-04T14:37:49+00:00","description":"Social responsibility in plastic manufacturing through people development, sustainability and responsible supply chains. Tajo Group.","breadcrumb":{"@id":"https:\/\/tajo.coop\/policies\/#breadcrumb"},"inLanguage":"pl-PL","potentialAction":[{"@type":"ReadAction","target":["https:\/\/tajo.coop\/policies\/"]}]},{"@type":"BreadcrumbList","@id":"https:\/\/tajo.coop\/policies\/#breadcrumb","itemListElement":[{"@type":"ListItem","position":1,"name":"Home","item":"https:\/\/tajo.coop\/"},{"@type":"ListItem","position":2,"name":"Polityki"}]},{"@type":"WebSite","@id":"https:\/\/tajo.coop\/#website","url":"https:\/\/tajo.coop\/","name":"Tajo Group","description":"Global solutions for technical components in plastic injection","potentialAction":[{"@type":"SearchAction","target":{"@type":"EntryPoint","urlTemplate":"https:\/\/tajo.coop\/?s={search_term_string}"},"query-input":{"@type":"PropertyValueSpecification","valueRequired":true,"valueName":"search_term_string"}}],"inLanguage":"pl-PL"}]}},"_links":{"self":[{"href":"https:\/\/tajo.coop\/pl\/wp-json\/wp\/v2\/pages\/3866","targetHints":{"allow":["GET"]}}],"collection":[{"href":"https:\/\/tajo.coop\/pl\/wp-json\/wp\/v2\/pages"}],"about":[{"href":"https:\/\/tajo.coop\/pl\/wp-json\/wp\/v2\/types\/page"}],"author":[{"embeddable":true,"href":"https:\/\/tajo.coop\/pl\/wp-json\/wp\/v2\/users\/1"}],"replies":[{"embeddable":true,"href":"https:\/\/tajo.coop\/pl\/wp-json\/wp\/v2\/comments?post=3866"}],"version-history":[{"count":4,"href":"https:\/\/tajo.coop\/pl\/wp-json\/wp\/v2\/pages\/3866\/revisions"}],"predecessor-version":[{"id":3917,"href":"https:\/\/tajo.coop\/pl\/wp-json\/wp\/v2\/pages\/3866\/revisions\/3917"}],"wp:attachment":[{"href":"https:\/\/tajo.coop\/pl\/wp-json\/wp\/v2\/media?parent=3866"}],"curies":[{"name":"wp","href":"https:\/\/api.w.org\/{rel}","templated":true}]}}