{"id":3849,"date":"2025-07-02T11:32:52","date_gmt":"2025-07-02T09:32:52","guid":{"rendered":"https:\/\/tajo.coop\/facts-figures\/"},"modified":"2026-03-04T12:49:14","modified_gmt":"2026-03-04T11:49:14","slug":"fakty-liczby","status":"publish","type":"page","link":"https:\/\/tajo.coop\/pl\/fakty-liczby\/","title":{"rendered":"Fakty i\u00a0liczby"},"content":{"rendered":"<p>[et_pb_section fb_built=&#8221;1&#8243; admin_label=&#8221;section&#8221; _builder_version=&#8221;4.27.4&#8243; background_image=&#8221;https:\/\/tajo.coop\/wp-content\/uploads\/2025\/06\/tajo-group-global-solutions-technical-components-plastic-injection-automotive-home-applicances-TabiPlast095.webp&#8221; background_enable_video_mp4=&#8221;off&#8221; custom_padding=&#8221;0px||0px||true|false&#8221; global_colors_info=&#8221;{}&#8221;][et_pb_row _builder_version=&#8221;4.27.4&#8243; _module_preset=&#8221;default&#8221; background_color=&#8221;rgba(26,22,27,0.6)&#8221; width=&#8221;100%&#8221; min_height=&#8221;100vh&#8221; custom_padding=&#8221;|10%||10%|false|true&#8221; custom_css_main_element=&#8221;align-items:center;||display:inline-flex;&#8221; global_colors_info=&#8221;{}&#8221;][et_pb_column type=&#8221;4_4&#8243; _builder_version=&#8221;4.27.4&#8243; _module_preset=&#8221;default&#8221; global_colors_info=&#8221;{}&#8221;][dsm_dual_heading before_text=&#8221;Fakty i\u00a0&#8221; middle_text=&#8221;liczby&#8221; heading_html_tag=&#8221;h1&#8243; _builder_version=&#8221;4.27.5&#8243; _module_preset=&#8221;default&#8221; header_font=&#8221;||on|on|||||&#8221; middle_text_color=&#8221;#E2001A&#8221; text_orientation=&#8221;center&#8221; background_layout=&#8221;dark&#8221; max_width=&#8221;680px&#8221; module_alignment=&#8221;center&#8221; animation_style=&#8221;fade&#8221; hover_enabled=&#8221;0&#8243; header_font_size_tablet=&#8221;&#8221; header_font_size_phone=&#8221;3.5rem&#8221; header_font_size_last_edited=&#8221;on|phone&#8221; global_colors_info=&#8221;{}&#8221; sticky_enabled=&#8221;0&#8243;][\/dsm_dual_heading][et_pb_icon font_icon=&#8221;&#x22;||divi||400&#8243; icon_color=&#8221;#FFFFFF&#8221; icon_width=&#8221;36px&#8221; url=&#8221;#more&#8221; module_class=&#8221;animar-vertical&#8221; _builder_version=&#8221;4.27.4&#8243; _module_preset=&#8221;default&#8221; positioning=&#8221;relative&#8221; vertical_offset=&#8221;20vh&#8221; custom_padding=&#8221;12px|12px|12px|12px|true|true&#8221; border_radii=&#8221;on|50%|50%|50%|50%&#8221; border_width_all=&#8221;1px&#8221; border_color_all=&#8221;#FFFFFF&#8221; global_colors_info=&#8221;{}&#8221;][\/et_pb_icon][\/et_pb_column][\/et_pb_row][\/et_pb_section][et_pb_section fb_built=&#8221;1&#8243; admin_label=&#8221;Section&#8221; module_id=&#8221;more&#8221; _builder_version=&#8221;4.27.4&#8243; _module_preset=&#8221;default&#8221; min_height=&#8221;60vh&#8221; global_colors_info=&#8221;{}&#8221;][et_pb_row column_structure=&#8221;1_3,1_3,1_3&#8243; make_equal=&#8221;on&#8221; _builder_version=&#8221;4.27.4&#8243; _module_preset=&#8221;default&#8221; max_width=&#8221;680px&#8221; custom_css_main_element=&#8221;align-items:center;&#8221; global_colors_info=&#8221;{}&#8221;][et_pb_column type=&#8221;1_3&#8243; _builder_version=&#8221;4.27.4&#8243; _module_preset=&#8221;default&#8221; global_colors_info=&#8221;{}&#8221;][et_pb_heading title=&#8221;Tajo Group&#8221; _builder_version=&#8221;4.27.4&#8243; _module_preset=&#8221;default&#8221; title_level=&#8221;h2&#8243; title_font=&#8221;|||on|||||&#8221; title_text_align=&#8221;center&#8221; title_font_size=&#8221;42px&#8221; global_colors_info=&#8221;{}&#8221;][\/et_pb_heading][\/et_pb_column][et_pb_column type=&#8221;1_3&#8243; _builder_version=&#8221;4.27.4&#8243; _module_preset=&#8221;default&#8221; global_colors_info=&#8221;{}&#8221;][et_pb_divider color=&#8221;#E2001A&#8221; divider_weight=&#8221;6px&#8221; _builder_version=&#8221;4.27.4&#8243; _module_preset=&#8221;default&#8221; transform_rotate=&#8221;0deg|0deg|90deg&#8221; width=&#8221;32px&#8221; module_alignment=&#8221;center&#8221; height=&#8221;6px&#8221; global_colors_info=&#8221;{}&#8221;][\/et_pb_divider][\/et_pb_column][et_pb_column type=&#8221;1_3&#8243; _builder_version=&#8221;4.27.4&#8243; _module_preset=&#8221;default&#8221; global_colors_info=&#8221;{}&#8221;][et_pb_heading title=&#8221;Mondrag\u00f3n&#8221; _builder_version=&#8221;4.27.4&#8243; _module_preset=&#8221;default&#8221; title_level=&#8221;h2&#8243; title_font=&#8221;|||on|||||&#8221; title_text_align=&#8221;center&#8221; title_font_size=&#8221;42px&#8221; global_colors_info=&#8221;{}&#8221;][\/et_pb_heading][\/et_pb_column][\/et_pb_row][et_pb_row column_structure=&#8221;1_3,1_3,1_3&#8243; make_equal=&#8221;on&#8221; _builder_version=&#8221;4.27.4&#8243; _module_preset=&#8221;default&#8221; max_width=&#8221;680px&#8221; custom_css_main_element=&#8221;align-items:center;&#8221; global_colors_info=&#8221;{}&#8221;][et_pb_column type=&#8221;1_3&#8243; _builder_version=&#8221;4.27.4&#8243; _module_preset=&#8221;default&#8221; global_colors_info=&#8221;{}&#8221;][et_pb_number_counter title=&#8221;PRACOWNIK\u00d3W&#8221; number=&#8221;280&#8243; percent_sign=&#8221;off&#8221; _builder_version=&#8221;4.27.5&#8243; _module_preset=&#8221;default&#8221; title_font_size=&#8221;1.7rem&#8221; number_font=&#8221;&#8211;et_global_heading_font|&#8211;et_global_heading_font_weight|||||||&#8221; number_text_color=&#8221;#E2001A&#8221; hover_enabled=&#8221;0&#8243; global_colors_info=&#8221;{}&#8221; sticky_enabled=&#8221;0&#8243;][\/et_pb_number_counter][\/et_pb_column][et_pb_column type=&#8221;1_3&#8243; _builder_version=&#8221;4.27.4&#8243; _module_preset=&#8221;default&#8221; global_colors_info=&#8221;{}&#8221;][et_pb_text _builder_version=&#8221;4.27.5&#8243; _module_preset=&#8221;default&#8221; text_font=&#8221;&#8211;et_global_heading_font|&#8211;et_global_heading_font_weight|||||||&#8221; text_font_size=&#8221;1.5rem&#8221; text_orientation=&#8221;center&#8221; hover_enabled=&#8221;0&#8243; global_colors_info=&#8221;{}&#8221; sticky_enabled=&#8221;0&#8243;]CZ\u0118\u015a\u0106[\/et_pb_text][\/et_pb_column][et_pb_column type=&#8221;1_3&#8243; _builder_version=&#8221;4.27.4&#8243; _module_preset=&#8221;default&#8221; global_colors_info=&#8221;{}&#8221;][et_pb_number_counter title=&#8221;SILNYCH SIECI&#8221; number=&#8221;70,000&#8243; percent_sign=&#8221;off&#8221; _builder_version=&#8221;4.27.5&#8243; _module_preset=&#8221;default&#8221; title_font_size=&#8221;1.7rem&#8221; number_font=&#8221;&#8211;et_global_heading_font|&#8211;et_global_heading_font_weight|||||||&#8221; number_text_color=&#8221;#E2001A&#8221; hover_enabled=&#8221;0&#8243; global_colors_info=&#8221;{}&#8221; sticky_enabled=&#8221;0&#8243;][\/et_pb_number_counter][\/et_pb_column][\/et_pb_row][et_pb_row column_structure=&#8221;1_3,1_3,1_3&#8243; make_equal=&#8221;on&#8221; _builder_version=&#8221;4.27.4&#8243; _module_preset=&#8221;default&#8221; max_width=&#8221;680px&#8221; custom_css_main_element=&#8221;align-items:center;&#8221; global_colors_info=&#8221;{}&#8221;][et_pb_column type=&#8221;1_3&#8243; _builder_version=&#8221;4.27.4&#8243; _module_preset=&#8221;default&#8221; global_colors_info=&#8221;{}&#8221;][et_pb_number_counter title=&#8221;ZAK\u0141ADY PRODUKCYJNE&#8221; number=&#8221;3&#8243; percent_sign=&#8221;off&#8221; _builder_version=&#8221;4.27.5&#8243; _module_preset=&#8221;default&#8221; title_font_size=&#8221;1.7rem&#8221; number_font=&#8221;&#8211;et_global_heading_font|&#8211;et_global_heading_font_weight|||||||&#8221; number_text_color=&#8221;#E2001A&#8221; hover_enabled=&#8221;0&#8243; global_colors_info=&#8221;{}&#8221; sticky_enabled=&#8221;0&#8243;][\/et_pb_number_counter][\/et_pb_column][et_pb_column type=&#8221;1_3&#8243; _builder_version=&#8221;4.27.4&#8243; _module_preset=&#8221;default&#8221; global_colors_info=&#8221;{}&#8221;][et_pb_text _builder_version=&#8221;4.27.5&#8243; _module_preset=&#8221;default&#8221; text_font=&#8221;&#8211;et_global_heading_font|&#8211;et_global_heading_font_weight|||||||&#8221; text_font_size=&#8221;1.5rem&#8221; text_orientation=&#8221;center&#8221; hover_enabled=&#8221;0&#8243; global_colors_info=&#8221;{}&#8221; sticky_enabled=&#8221;0&#8243;]W\u00a0RAMACH GRUPY[\/et_pb_text][\/et_pb_column][et_pb_column type=&#8221;1_3&#8243; _builder_version=&#8221;4.27.4&#8243; _module_preset=&#8221;default&#8221; global_colors_info=&#8221;{}&#8221;][et_pb_number_counter title=&#8221;ZAK\u0141AD\u00d3W&#8221; number=&#8221;104&#8243; percent_sign=&#8221;off&#8221; _builder_version=&#8221;4.27.5&#8243; _module_preset=&#8221;default&#8221; title_font_size=&#8221;1.7rem&#8221; number_font=&#8221;&#8211;et_global_heading_font|&#8211;et_global_heading_font_weight|||||||&#8221; number_text_color=&#8221;#E2001A&#8221; hover_enabled=&#8221;0&#8243; global_colors_info=&#8221;{}&#8221; sticky_enabled=&#8221;0&#8243;][\/et_pb_number_counter][\/et_pb_column][\/et_pb_row][et_pb_row column_structure=&#8221;1_3,1_3,1_3&#8243; make_equal=&#8221;on&#8221; _builder_version=&#8221;4.27.4&#8243; _module_preset=&#8221;default&#8221; max_width=&#8221;680px&#8221; custom_css_main_element=&#8221;align-items:center;&#8221; global_colors_info=&#8221;{}&#8221;][et_pb_column type=&#8221;1_3&#8243; _builder_version=&#8221;4.27.4&#8243; _module_preset=&#8221;default&#8221; global_colors_info=&#8221;{}&#8221;][et_pb_number_counter title=&#8221;mln EUR&#8221; number=&#8221;50&#8243; percent_sign=&#8221;off&#8221; _builder_version=&#8221;4.27.5&#8243; _module_preset=&#8221;default&#8221; title_font_size=&#8221;1.7rem&#8221; number_font=&#8221;&#8211;et_global_heading_font|&#8211;et_global_heading_font_weight|||||||&#8221; number_text_color=&#8221;#E2001A&#8221; hover_enabled=&#8221;0&#8243; global_colors_info=&#8221;{}&#8221; sticky_enabled=&#8221;0&#8243;][\/et_pb_number_counter][\/et_pb_column][et_pb_column type=&#8221;1_3&#8243; _builder_version=&#8221;4.27.4&#8243; _module_preset=&#8221;default&#8221; global_colors_info=&#8221;{}&#8221;][et_pb_text _builder_version=&#8221;4.27.5&#8243; _module_preset=&#8221;default&#8221; text_font=&#8221;&#8211;et_global_heading_font|&#8211;et_global_heading_font_weight|||||||&#8221; text_font_size=&#8221;1.5rem&#8221; text_orientation=&#8221;center&#8221; hover_enabled=&#8221;0&#8243; global_colors_info=&#8221;{}&#8221; sticky_enabled=&#8221;0&#8243;]ROCZNY OBR\u00d3T[\/et_pb_text][\/et_pb_column][et_pb_column type=&#8221;1_3&#8243; _builder_version=&#8221;4.27.4&#8243; _module_preset=&#8221;default&#8221; global_colors_info=&#8221;{}&#8221;][et_pb_number_counter title=&#8221;mld EUR&#8221; number=&#8221;10,607&#8243; percent_sign=&#8221;off&#8221; _builder_version=&#8221;4.27.5&#8243; _module_preset=&#8221;default&#8221; title_font_size=&#8221;1.7rem&#8221; number_font=&#8221;&#8211;et_global_heading_font|&#8211;et_global_heading_font_weight|||||||&#8221; number_text_color=&#8221;#E2001A&#8221; hover_enabled=&#8221;0&#8243; global_colors_info=&#8221;{}&#8221; sticky_enabled=&#8221;0&#8243;][\/et_pb_number_counter][\/et_pb_column][\/et_pb_row][et_pb_row _builder_version=&#8221;4.27.4&#8243; _module_preset=&#8221;default&#8221; global_colors_info=&#8221;{}&#8221;][et_pb_column type=&#8221;4_4&#8243; _builder_version=&#8221;4.27.4&#8243; _module_preset=&#8221;default&#8221; global_colors_info=&#8221;{}&#8221;][et_pb_text _builder_version=&#8221;4.27.5&#8243; _module_preset=&#8221;default&#8221; text_font=&#8221;&#8211;et_global_heading_font|&#8211;et_global_heading_font_weight||on|||||&#8221; text_font_size=&#8221;1.5rem&#8221; text_orientation=&#8221;center&#8221; hover_enabled=&#8221;0&#8243; global_colors_info=&#8221;{}&#8221; sticky_enabled=&#8221;0&#8243;]Jeste\u015bmy cz\u0119\u015bci\u0105[\/et_pb_text][et_pb_image src=&#8221;https:\/\/tajo.coop\/wp-content\/uploads\/2025\/06\/logo-mondragon-ES-1.webp&#8221; title_text=&#8221;logo-mondragon-ES-1&#8243; align=&#8221;center&#8221; _builder_version=&#8221;4.27.4&#8243; _module_preset=&#8221;default&#8221; width=&#8221;80%&#8221; max_width=&#8221;320px&#8221; global_colors_info=&#8221;{}&#8221;][\/et_pb_image][\/et_pb_column][\/et_pb_row][\/et_pb_section]<\/p>\n","protected":false},"excerpt":{"rendered":"<p><div class=\"et_pb_module dsm_dual_heading dsm_dual_heading_0 et_animated  et_pb_text_align_center et_pb_bg_layout_dark\">\n\t\t\t\t\n\t\t\t\t\n\t\t\t\t\n\t\t\t\t\n\t\t\t\t\n\t\t\t\t\n\t\t\t\t<div class=\"et_pb_module_inner\">\n\t\t\t\t\t<h1 class=\"dsm-dual-heading-main et_pb_module_header\"><span class=\"dsm-dual-heading-before\">Fakty i <\/span><span class=\"dsm-dual-heading-middle\">liczby<\/span><\/h1>\n\t\t\t\t<\/div>\n\t\t\t<\/div>CZ\u0118\u015a\u0106W\u00a0RAMACH GRUPYROCZNY OBR\u00d3TJeste\u015bmy cz\u0119\u015bci\u0105<\/p>\n","protected":false},"author":1,"featured_media":0,"parent":0,"menu_order":24,"comment_status":"closed","ping_status":"closed","template":"","meta":{"_et_pb_use_builder":"on","_et_pb_old_content":"","_et_gb_content_width":"","footnotes":""},"class_list":["post-3849","page","type-page","status-publish","hentry"],"yoast_head":"<!-- This site is optimized with the Yoast SEO plugin v27.1.1 - https:\/\/yoast.com\/product\/yoast-seo-wordpress\/ -->\n<title>Plastic Manufacturing Key Figures | Tajo Group<\/title>\n<meta name=\"description\" content=\"Plastic manufacturing key figures: employees, plants and turnover across our global network. Data at a glance from Tajo Group.\" \/>\n<meta name=\"robots\" content=\"index, follow, max-snippet:-1, max-image-preview:large, max-video-preview:-1\" \/>\n<link rel=\"canonical\" href=\"https:\/\/tajo.coop\/facts-figures\/\" \/>\n<meta property=\"og:locale\" content=\"pl_PL\" \/>\n<meta property=\"og:type\" content=\"article\" \/>\n<meta property=\"og:title\" content=\"Plastic Manufacturing Key Figures | Tajo Group\" \/>\n<meta property=\"og:description\" content=\"Plastic manufacturing key figures: employees, plants and turnover across our global network. Data at a glance from Tajo Group.\" \/>\n<meta property=\"og:url\" content=\"https:\/\/tajo.coop\/facts-figures\/\" \/>\n<meta property=\"og:site_name\" content=\"Tajo Group\" \/>\n<meta property=\"article:modified_time\" content=\"2026-03-04T11:49:14+00:00\" \/>\n<meta property=\"og:image\" content=\"https:\/\/tajo.coop\/wp-content\/uploads\/2025\/06\/tajo-group-logo.webp\" \/>\n\t<meta property=\"og:image:width\" content=\"168\" \/>\n\t<meta property=\"og:image:height\" content=\"64\" \/>\n\t<meta property=\"og:image:type\" content=\"image\/webp\" \/>\n<meta name=\"twitter:card\" content=\"summary_large_image\" \/>\n<meta name=\"twitter:label1\" content=\"Szacowany czas czytania\" \/>\n\t<meta name=\"twitter:data1\" content=\"1 minuta\" \/>\n<script type=\"application\/ld+json\" class=\"yoast-schema-graph\">{\"@context\":\"https:\/\/schema.org\",\"@graph\":[{\"@type\":\"WebPage\",\"@id\":\"https:\/\/tajo.coop\/facts-figures\/\",\"url\":\"https:\/\/tajo.coop\/facts-figures\/\",\"name\":\"Plastic Manufacturing Key Figures | Tajo Group\",\"isPartOf\":{\"@id\":\"https:\/\/tajo.coop\/#website\"},\"datePublished\":\"2025-07-02T09:32:52+00:00\",\"dateModified\":\"2026-03-04T11:49:14+00:00\",\"description\":\"Plastic manufacturing key figures: employees, plants and turnover across our global network. Data at a glance from Tajo Group.\",\"breadcrumb\":{\"@id\":\"https:\/\/tajo.coop\/facts-figures\/#breadcrumb\"},\"inLanguage\":\"pl-PL\",\"potentialAction\":[{\"@type\":\"ReadAction\",\"target\":[\"https:\/\/tajo.coop\/facts-figures\/\"]}]},{\"@type\":\"BreadcrumbList\",\"@id\":\"https:\/\/tajo.coop\/facts-figures\/#breadcrumb\",\"itemListElement\":[{\"@type\":\"ListItem\",\"position\":1,\"name\":\"Home\",\"item\":\"https:\/\/tajo.coop\/\"},{\"@type\":\"ListItem\",\"position\":2,\"name\":\"Fakty i\u00a0liczby\"}]},{\"@type\":\"WebSite\",\"@id\":\"https:\/\/tajo.coop\/#website\",\"url\":\"https:\/\/tajo.coop\/\",\"name\":\"Tajo Group\",\"description\":\"Global solutions for technical components in plastic injection\",\"potentialAction\":[{\"@type\":\"SearchAction\",\"target\":{\"@type\":\"EntryPoint\",\"urlTemplate\":\"https:\/\/tajo.coop\/?s={search_term_string}\"},\"query-input\":{\"@type\":\"PropertyValueSpecification\",\"valueRequired\":true,\"valueName\":\"search_term_string\"}}],\"inLanguage\":\"pl-PL\"}]}<\/script>\n<!-- \/ Yoast SEO plugin. -->","yoast_head_json":{"title":"Plastic Manufacturing Key Figures | Tajo Group","description":"Plastic manufacturing key figures: employees, plants and turnover across our global network. Data at a glance from Tajo Group.","robots":{"index":"index","follow":"follow","max-snippet":"max-snippet:-1","max-image-preview":"max-image-preview:large","max-video-preview":"max-video-preview:-1"},"canonical":"https:\/\/tajo.coop\/facts-figures\/","og_locale":"pl_PL","og_type":"article","og_title":"Plastic Manufacturing Key Figures | Tajo Group","og_description":"Plastic manufacturing key figures: employees, plants and turnover across our global network. Data at a glance from Tajo Group.","og_url":"https:\/\/tajo.coop\/facts-figures\/","og_site_name":"Tajo Group","article_modified_time":"2026-03-04T11:49:14+00:00","og_image":[{"width":168,"height":64,"url":"https:\/\/tajo.coop\/wp-content\/uploads\/2025\/06\/tajo-group-logo.webp","type":"image\/webp"}],"twitter_card":"summary_large_image","twitter_misc":{"Szacowany czas czytania":"1 minuta"},"schema":{"@context":"https:\/\/schema.org","@graph":[{"@type":"WebPage","@id":"https:\/\/tajo.coop\/facts-figures\/","url":"https:\/\/tajo.coop\/facts-figures\/","name":"Plastic Manufacturing Key Figures | Tajo Group","isPartOf":{"@id":"https:\/\/tajo.coop\/#website"},"datePublished":"2025-07-02T09:32:52+00:00","dateModified":"2026-03-04T11:49:14+00:00","description":"Plastic manufacturing key figures: employees, plants and turnover across our global network. Data at a glance from Tajo Group.","breadcrumb":{"@id":"https:\/\/tajo.coop\/facts-figures\/#breadcrumb"},"inLanguage":"pl-PL","potentialAction":[{"@type":"ReadAction","target":["https:\/\/tajo.coop\/facts-figures\/"]}]},{"@type":"BreadcrumbList","@id":"https:\/\/tajo.coop\/facts-figures\/#breadcrumb","itemListElement":[{"@type":"ListItem","position":1,"name":"Home","item":"https:\/\/tajo.coop\/"},{"@type":"ListItem","position":2,"name":"Fakty i\u00a0liczby"}]},{"@type":"WebSite","@id":"https:\/\/tajo.coop\/#website","url":"https:\/\/tajo.coop\/","name":"Tajo Group","description":"Global solutions for technical components in plastic injection","potentialAction":[{"@type":"SearchAction","target":{"@type":"EntryPoint","urlTemplate":"https:\/\/tajo.coop\/?s={search_term_string}"},"query-input":{"@type":"PropertyValueSpecification","valueRequired":true,"valueName":"search_term_string"}}],"inLanguage":"pl-PL"}]}},"_links":{"self":[{"href":"https:\/\/tajo.coop\/pl\/wp-json\/wp\/v2\/pages\/3849","targetHints":{"allow":["GET"]}}],"collection":[{"href":"https:\/\/tajo.coop\/pl\/wp-json\/wp\/v2\/pages"}],"about":[{"href":"https:\/\/tajo.coop\/pl\/wp-json\/wp\/v2\/types\/page"}],"author":[{"embeddable":true,"href":"https:\/\/tajo.coop\/pl\/wp-json\/wp\/v2\/users\/1"}],"replies":[{"embeddable":true,"href":"https:\/\/tajo.coop\/pl\/wp-json\/wp\/v2\/comments?post=3849"}],"version-history":[{"count":3,"href":"https:\/\/tajo.coop\/pl\/wp-json\/wp\/v2\/pages\/3849\/revisions"}],"predecessor-version":[{"id":3852,"href":"https:\/\/tajo.coop\/pl\/wp-json\/wp\/v2\/pages\/3849\/revisions\/3852"}],"wp:attachment":[{"href":"https:\/\/tajo.coop\/pl\/wp-json\/wp\/v2\/media?parent=3849"}],"curies":[{"name":"wp","href":"https:\/\/api.w.org\/{rel}","templated":true}]}}