{"id":3845,"date":"2025-09-24T12:41:20","date_gmt":"2025-09-24T10:41:20","guid":{"rendered":"https:\/\/tajo.coop\/mission-vision\/"},"modified":"2026-03-04T12:34:39","modified_gmt":"2026-03-04T11:34:39","slug":"misja-wizja","status":"publish","type":"page","link":"https:\/\/tajo.coop\/pl\/misja-wizja\/","title":{"rendered":"Misja i\u00a0Wizja"},"content":{"rendered":"<p>[et_pb_section fb_built=&#8221;1&#8243; admin_label=&#8221;Section&#8221; _builder_version=&#8221;4.27.4&#8243; _module_preset=&#8221;default&#8221; background_color=&#8221;rgba(26,22,27,0.7)&#8221; background_image=&#8221;https:\/\/tajo.coop\/wp-content\/uploads\/2025\/06\/tajo-group-global-solutions-technical-components-plastic-injection-automotive-home-applicances-TabiPlast082.webp&#8221; background_blend=&#8221;multiply&#8221; min_height=&#8221;100vh&#8221; custom_css_main_element=&#8221;align-items: center;||  display: grid;&#8221; global_colors_info=&#8221;{}&#8221;][et_pb_row _builder_version=&#8221;4.27.4&#8243; _module_preset=&#8221;default&#8221; global_colors_info=&#8221;{}&#8221;][et_pb_column type=&#8221;4_4&#8243; _builder_version=&#8221;4.27.4&#8243; _module_preset=&#8221;default&#8221; global_colors_info=&#8221;{}&#8221;][dsm_dual_heading before_text=&#8221;NASZA &#8221; middle_text=&#8221;misja i\u00a0wizja&#8221; heading_html_tag=&#8221;h1&#8243; _builder_version=&#8221;4.27.5&#8243; _module_preset=&#8221;default&#8221; header_font=&#8221;||on|on|||||&#8221; middle_text_color=&#8221;#E2001A&#8221; text_orientation=&#8221;center&#8221; background_layout=&#8221;dark&#8221; hover_enabled=&#8221;0&#8243; header_font_size_tablet=&#8221;&#8221; header_font_size_phone=&#8221;3.5rem&#8221; header_font_size_last_edited=&#8221;on|phone&#8221; global_colors_info=&#8221;{}&#8221; sticky_enabled=&#8221;0&#8243;][\/dsm_dual_heading][et_pb_icon font_icon=&#8221;&#x22;||divi||400&#8243; icon_color=&#8221;#FFFFFF&#8221; icon_width=&#8221;36px&#8221; url=&#8221;#more&#8221; module_class=&#8221;animar-vertical&#8221; _builder_version=&#8221;4.27.4&#8243; _module_preset=&#8221;default&#8221; positioning=&#8221;relative&#8221; vertical_offset=&#8221;20vh&#8221; custom_padding=&#8221;12px|12px|12px|12px|true|true&#8221; border_radii=&#8221;on|50%|50%|50%|50%&#8221; border_width_all=&#8221;1px&#8221; border_color_all=&#8221;#FFFFFF&#8221; global_colors_info=&#8221;{}&#8221;][\/et_pb_icon][\/et_pb_column][\/et_pb_row][\/et_pb_section][et_pb_section fb_built=&#8221;1&#8243; admin_label=&#8221;Section&#8221; module_id=&#8221;more&#8221; _builder_version=&#8221;4.27.4&#8243; _module_preset=&#8221;default&#8221; min_height=&#8221;60vh&#8221; custom_css_main_element=&#8221;display:flex;||align-items:center;&#8221; global_colors_info=&#8221;{}&#8221;][et_pb_row _builder_version=&#8221;4.27.4&#8243; _module_preset=&#8221;default&#8221; global_colors_info=&#8221;{}&#8221;][et_pb_column type=&#8221;4_4&#8243; _builder_version=&#8221;4.27.4&#8243; _module_preset=&#8221;default&#8221; global_colors_info=&#8221;{}&#8221;][dsm_dual_heading before_text=&#8221;Nasza &#8221; middle_text=&#8221;MISJA&#8221; middle_background_color=&#8221;#E2001A&#8221; _builder_version=&#8221;4.27.5&#8243; _module_preset=&#8221;default&#8221; header_font=&#8221;|||on|||||&#8221; middle_text_color=&#8221;#FFFFFF&#8221; text_orientation=&#8221;center&#8221; custom_margin=&#8221;||0px||false|false&#8221; animation_style=&#8221;fade&#8221; hover_enabled=&#8221;0&#8243; header_font_size_tablet=&#8221;&#8221; header_font_size_phone=&#8221;2.7rem&#8221; header_font_size_last_edited=&#8221;on|phone&#8221; locked=&#8221;off&#8221; global_colors_info=&#8221;{}&#8221; sticky_enabled=&#8221;0&#8243;][\/dsm_dual_heading][et_pb_divider color=&#8221;#E2001A&#8221; divider_weight=&#8221;6px&#8221; _builder_version=&#8221;4.27.4&#8243; _module_preset=&#8221;default&#8221; width=&#8221;190px&#8221; module_alignment=&#8221;center&#8221; animation_style=&#8221;fold&#8221; animation_direction=&#8221;left&#8221; locked=&#8221;off&#8221; global_colors_info=&#8221;{}&#8221;][\/et_pb_divider][et_pb_text _builder_version=&#8221;4.27.5&#8243; _module_preset=&#8221;default&#8221; text_font_size=&#8221;1.3rem&#8221; header_2_font=&#8221;|||on|||||&#8221; header_2_text_align=&#8221;center&#8221; header_3_font=&#8221;|||on|||||&#8221; header_3_text_align=&#8221;center&#8221; header_3_font_size=&#8221;1.5rem&#8221; text_orientation=&#8221;center&#8221; max_width=&#8221;820px&#8221; module_alignment=&#8221;center&#8221; custom_margin=&#8221;||4%||false|false&#8221; hover_enabled=&#8221;0&#8243; global_colors_info=&#8221;{}&#8221; sticky_enabled=&#8221;0&#8243;]<\/p>\n<p>Jeste\u015bmy<strong> konkurencyjn\u0105 grup\u0105 przemys\u0142ow\u0105<\/strong>, zintegrowan\u0105 z\u00a0Mondrag\u00f3n Corporation, <strong>specjalizuj\u0105c\u0105 si\u0119 w\u00a0opracowywaniu projekt\u00f3w i\u00a0produkcji plastikowych komponent\u00f3w<\/strong> i\u00a0podzespo\u0142\u00f3w dla sektora AGD i\u00a0motoryzacyjnego. Stanowimy punkt odniesienia dla naszych klient\u00f3w w\u00a0zakresie <strong>rozwoju, jako\u015bci i\u00a0us\u0142ug<\/strong>, jednocze\u015bnie dbaj\u0105c o\u00a0potencja\u0142, zaanga\u017cowanie i\u00a0rozw\u00f3j naszych pracownik\u00f3w.<\/p>\n<p>[\/et_pb_text][\/et_pb_column][\/et_pb_row][\/et_pb_section][et_pb_section fb_built=&#8221;1&#8243; admin_label=&#8221;Section&#8221; _builder_version=&#8221;4.27.4&#8243; _module_preset=&#8221;default&#8221; background_color=&#8221;rgba(26,22,27,0.8)&#8221; background_image=&#8221;https:\/\/tajo.coop\/wp-content\/uploads\/2025\/06\/tajo-group-global-solutions-technical-components-plastic-injection-automotive-home-applicances-TabiPlast060.webp&#8221; background_blend=&#8221;multiply&#8221; min_height=&#8221;100vh&#8221; custom_css_main_element=&#8221;align-items: center;||  display: grid;&#8221; global_colors_info=&#8221;{}&#8221;][et_pb_row _builder_version=&#8221;4.27.4&#8243; _module_preset=&#8221;default&#8221; global_colors_info=&#8221;{}&#8221;][et_pb_column type=&#8221;4_4&#8243; _builder_version=&#8221;4.27.4&#8243; _module_preset=&#8221;default&#8221; global_colors_info=&#8221;{}&#8221;][dsm_dual_heading before_text=&#8221;Nasza &#8221; middle_text=&#8221;wizja&#8221; middle_background_color=&#8221;#E2001A&#8221; _builder_version=&#8221;4.27.5&#8243; _module_preset=&#8221;default&#8221; header_font=&#8221;|||on|||||&#8221; middle_text_color=&#8221;#FFFFFF&#8221; text_orientation=&#8221;center&#8221; background_layout=&#8221;dark&#8221; animation_style=&#8221;fade&#8221; hover_enabled=&#8221;0&#8243; header_font_size_tablet=&#8221;&#8221; header_font_size_phone=&#8221;2.7rem&#8221; header_font_size_last_edited=&#8221;on|phone&#8221; global_colors_info=&#8221;{}&#8221; sticky_enabled=&#8221;0&#8243;][\/dsm_dual_heading][et_pb_divider color=&#8221;#E2001A&#8221; divider_weight=&#8221;6px&#8221; _builder_version=&#8221;4.27.4&#8243; _module_preset=&#8221;default&#8221; width=&#8221;190px&#8221; module_alignment=&#8221;center&#8221; animation_style=&#8221;fold&#8221; animation_direction=&#8221;left&#8221; locked=&#8221;off&#8221; global_colors_info=&#8221;{}&#8221;][\/et_pb_divider][et_pb_text _builder_version=&#8221;4.27.5&#8243; _module_preset=&#8221;default&#8221; text_font_size=&#8221;1.3rem&#8221; header_2_font=&#8221;|||on|||||&#8221; header_2_text_align=&#8221;center&#8221; header_3_font=&#8221;|||on|||||&#8221; header_3_text_align=&#8221;center&#8221; header_3_font_size=&#8221;1.5rem&#8221; text_orientation=&#8221;center&#8221; background_layout=&#8221;dark&#8221; max_width=&#8221;760px&#8221; module_alignment=&#8221;center&#8221; animation_style=&#8221;fade&#8221; hover_enabled=&#8221;0&#8243; global_colors_info=&#8221;{}&#8221; sticky_enabled=&#8221;0&#8243;]<\/p>\n<p>Chcemy by\u0107<strong> dynamiczn\u0105 organizacj\u0105 z\u00a0doskona\u0142ym zarz\u0105dzaniem<\/strong>, sk\u0142adaj\u0105c\u0105 si\u0119 z\u00a0zaanga\u017cowanych ludzi <strong>skoncentrowanych na skutecznym i\u00a0zyskownym zaspokajaniu potrzeb naszych klient\u00f3w<\/strong>.<\/p>\n<p>[\/et_pb_text][\/et_pb_column][\/et_pb_row][\/et_pb_section]<\/p>\n","protected":false},"excerpt":{"rendered":"<p><div class=\"et_pb_module dsm_dual_heading dsm_dual_heading_0  et_pb_text_align_center et_pb_bg_layout_dark\">\n\t\t\t\t\n\t\t\t\t\n\t\t\t\t\n\t\t\t\t\n\t\t\t\t\n\t\t\t\t\n\t\t\t\t<div class=\"et_pb_module_inner\">\n\t\t\t\t\t<h1 class=\"dsm-dual-heading-main et_pb_module_header\"><span class=\"dsm-dual-heading-before\">NASZA <\/span><span class=\"dsm-dual-heading-middle\">misja i wizja<\/span><\/h1>\n\t\t\t\t<\/div>\n\t\t\t<\/div><div class=\"et_pb_module dsm_dual_heading dsm_dual_heading_1 et_animated  et_pb_text_align_center et_pb_bg_layout_light\">\n\t\t\t\t\n\t\t\t\t\n\t\t\t\t\n\t\t\t\t\n\t\t\t\t\n\t\t\t\t\n\t\t\t\t<div class=\"et_pb_module_inner\">\n\t\t\t\t\t<h2 class=\"dsm-dual-heading-main et_pb_module_header\"><span class=\"dsm-dual-heading-before\">Nasza <\/span><span class=\"dsm-dual-heading-middle\">MISJA<\/span><\/h2>\n\t\t\t\t<\/div>\n\t\t\t<\/div>Jeste\u015bmy konkurencyjn\u0105 grup\u0105 przemys\u0142ow\u0105, zintegrowan\u0105 z\u00a0Mondrag\u00f3n Corporation, specjalizuj\u0105c\u0105 si\u0119 w\u00a0opracowywaniu projekt\u00f3w i\u00a0produkcji plastikowych komponent\u00f3w i\u00a0podzespo\u0142\u00f3w dla sektora AGD i\u00a0motoryzacyjnego. Stanowimy punkt odniesienia dla naszych klient\u00f3w w\u00a0zakresie rozwoju, jako\u015bci i\u00a0us\u0142ug, jednocze\u015bnie dbaj\u0105c o\u00a0potencja\u0142, zaanga\u017cowanie i\u00a0rozw\u00f3j naszych pracownik\u00f3w.<div class=\"et_pb_module dsm_dual_heading dsm_dual_heading_2 et_animated  et_pb_text_align_center et_pb_bg_layout_dark\">\n\t\t\t\t\n\t\t\t\t\n\t\t\t\t\n\t\t\t\t\n\t\t\t\t\n\t\t\t\t\n\t\t\t\t<div class=\"et_pb_module_inner\">\n\t\t\t\t\t<h2 class=\"dsm-dual-heading-main et_pb_module_header\"><span class=\"dsm-dual-heading-before\">Nasza <\/span><span class=\"dsm-dual-heading-middle\">wizja<\/span><\/h2>\n\t\t\t\t<\/div>\n\t\t\t<\/div>Chcemy by\u0107 dynamiczn\u0105 organizacj\u0105 z\u00a0doskona\u0142ym zarz\u0105dzaniem, sk\u0142adaj\u0105c\u0105 si\u0119 z\u00a0zaanga\u017cowanych ludzi skoncentrowanych na skutecznym i\u00a0zyskownym zaspokajaniu potrzeb naszych klient\u00f3w.<\/p>\n","protected":false},"author":1,"featured_media":0,"parent":0,"menu_order":23,"comment_status":"closed","ping_status":"closed","template":"","meta":{"_et_pb_use_builder":"on","_et_pb_old_content":"","_et_gb_content_width":"","footnotes":""},"class_list":["post-3845","page","type-page","status-publish","hentry"],"yoast_head":"<!-- This site is optimized with the Yoast SEO plugin v27.1.1 - https:\/\/yoast.com\/product\/yoast-seo-wordpress\/ -->\n<title>Industrial Plastic Injection Solutions | Tajo Group<\/title>\n<meta name=\"description\" content=\"Industrial plastic injection solutions for automotive and appliances, focused on quality, efficiency and people development. Tajo Group.\" \/>\n<meta name=\"robots\" content=\"index, follow, max-snippet:-1, max-image-preview:large, max-video-preview:-1\" \/>\n<link rel=\"canonical\" href=\"https:\/\/tajo.coop\/mission-vision\/\" \/>\n<meta property=\"og:locale\" content=\"pl_PL\" \/>\n<meta property=\"og:type\" content=\"article\" \/>\n<meta property=\"og:title\" content=\"Industrial Plastic Injection Solutions | Tajo Group\" \/>\n<meta property=\"og:description\" content=\"Industrial plastic injection solutions for automotive and appliances, focused on quality, efficiency and people development. Tajo Group.\" \/>\n<meta property=\"og:url\" content=\"https:\/\/tajo.coop\/mission-vision\/\" \/>\n<meta property=\"og:site_name\" content=\"Tajo Group\" \/>\n<meta property=\"article:modified_time\" content=\"2026-03-04T11:34:39+00:00\" \/>\n<meta property=\"og:image\" content=\"https:\/\/tajo.coop\/wp-content\/uploads\/2025\/06\/tajo-group-logo.webp\" \/>\n\t<meta property=\"og:image:width\" content=\"168\" \/>\n\t<meta property=\"og:image:height\" content=\"64\" \/>\n\t<meta property=\"og:image:type\" content=\"image\/webp\" \/>\n<meta name=\"twitter:card\" content=\"summary_large_image\" \/>\n<meta name=\"twitter:label1\" content=\"Szacowany czas czytania\" \/>\n\t<meta name=\"twitter:data1\" content=\"1 minuta\" \/>\n<script type=\"application\/ld+json\" class=\"yoast-schema-graph\">{\"@context\":\"https:\/\/schema.org\",\"@graph\":[{\"@type\":\"WebPage\",\"@id\":\"https:\/\/tajo.coop\/mission-vision\/\",\"url\":\"https:\/\/tajo.coop\/mission-vision\/\",\"name\":\"Industrial Plastic Injection Solutions | Tajo Group\",\"isPartOf\":{\"@id\":\"https:\/\/tajo.coop\/#website\"},\"datePublished\":\"2025-09-24T10:41:20+00:00\",\"dateModified\":\"2026-03-04T11:34:39+00:00\",\"description\":\"Industrial plastic injection solutions for automotive and appliances, focused on quality, efficiency and people development. Tajo Group.\",\"breadcrumb\":{\"@id\":\"https:\/\/tajo.coop\/mission-vision\/#breadcrumb\"},\"inLanguage\":\"pl-PL\",\"potentialAction\":[{\"@type\":\"ReadAction\",\"target\":[\"https:\/\/tajo.coop\/mission-vision\/\"]}]},{\"@type\":\"BreadcrumbList\",\"@id\":\"https:\/\/tajo.coop\/mission-vision\/#breadcrumb\",\"itemListElement\":[{\"@type\":\"ListItem\",\"position\":1,\"name\":\"Home\",\"item\":\"https:\/\/tajo.coop\/\"},{\"@type\":\"ListItem\",\"position\":2,\"name\":\"Misja i\u00a0Wizja\"}]},{\"@type\":\"WebSite\",\"@id\":\"https:\/\/tajo.coop\/#website\",\"url\":\"https:\/\/tajo.coop\/\",\"name\":\"Tajo Group\",\"description\":\"Global solutions for technical components in plastic injection\",\"potentialAction\":[{\"@type\":\"SearchAction\",\"target\":{\"@type\":\"EntryPoint\",\"urlTemplate\":\"https:\/\/tajo.coop\/?s={search_term_string}\"},\"query-input\":{\"@type\":\"PropertyValueSpecification\",\"valueRequired\":true,\"valueName\":\"search_term_string\"}}],\"inLanguage\":\"pl-PL\"}]}<\/script>\n<!-- \/ Yoast SEO plugin. -->","yoast_head_json":{"title":"Industrial Plastic Injection Solutions | Tajo Group","description":"Industrial plastic injection solutions for automotive and appliances, focused on quality, efficiency and people development. Tajo Group.","robots":{"index":"index","follow":"follow","max-snippet":"max-snippet:-1","max-image-preview":"max-image-preview:large","max-video-preview":"max-video-preview:-1"},"canonical":"https:\/\/tajo.coop\/mission-vision\/","og_locale":"pl_PL","og_type":"article","og_title":"Industrial Plastic Injection Solutions | Tajo Group","og_description":"Industrial plastic injection solutions for automotive and appliances, focused on quality, efficiency and people development. Tajo Group.","og_url":"https:\/\/tajo.coop\/mission-vision\/","og_site_name":"Tajo Group","article_modified_time":"2026-03-04T11:34:39+00:00","og_image":[{"width":168,"height":64,"url":"https:\/\/tajo.coop\/wp-content\/uploads\/2025\/06\/tajo-group-logo.webp","type":"image\/webp"}],"twitter_card":"summary_large_image","twitter_misc":{"Szacowany czas czytania":"1 minuta"},"schema":{"@context":"https:\/\/schema.org","@graph":[{"@type":"WebPage","@id":"https:\/\/tajo.coop\/mission-vision\/","url":"https:\/\/tajo.coop\/mission-vision\/","name":"Industrial Plastic Injection Solutions | Tajo Group","isPartOf":{"@id":"https:\/\/tajo.coop\/#website"},"datePublished":"2025-09-24T10:41:20+00:00","dateModified":"2026-03-04T11:34:39+00:00","description":"Industrial plastic injection solutions for automotive and appliances, focused on quality, efficiency and people development. Tajo Group.","breadcrumb":{"@id":"https:\/\/tajo.coop\/mission-vision\/#breadcrumb"},"inLanguage":"pl-PL","potentialAction":[{"@type":"ReadAction","target":["https:\/\/tajo.coop\/mission-vision\/"]}]},{"@type":"BreadcrumbList","@id":"https:\/\/tajo.coop\/mission-vision\/#breadcrumb","itemListElement":[{"@type":"ListItem","position":1,"name":"Home","item":"https:\/\/tajo.coop\/"},{"@type":"ListItem","position":2,"name":"Misja i\u00a0Wizja"}]},{"@type":"WebSite","@id":"https:\/\/tajo.coop\/#website","url":"https:\/\/tajo.coop\/","name":"Tajo Group","description":"Global solutions for technical components in plastic injection","potentialAction":[{"@type":"SearchAction","target":{"@type":"EntryPoint","urlTemplate":"https:\/\/tajo.coop\/?s={search_term_string}"},"query-input":{"@type":"PropertyValueSpecification","valueRequired":true,"valueName":"search_term_string"}}],"inLanguage":"pl-PL"}]}},"_links":{"self":[{"href":"https:\/\/tajo.coop\/pl\/wp-json\/wp\/v2\/pages\/3845","targetHints":{"allow":["GET"]}}],"collection":[{"href":"https:\/\/tajo.coop\/pl\/wp-json\/wp\/v2\/pages"}],"about":[{"href":"https:\/\/tajo.coop\/pl\/wp-json\/wp\/v2\/types\/page"}],"author":[{"embeddable":true,"href":"https:\/\/tajo.coop\/pl\/wp-json\/wp\/v2\/users\/1"}],"replies":[{"embeddable":true,"href":"https:\/\/tajo.coop\/pl\/wp-json\/wp\/v2\/comments?post=3845"}],"version-history":[{"count":3,"href":"https:\/\/tajo.coop\/pl\/wp-json\/wp\/v2\/pages\/3845\/revisions"}],"predecessor-version":[{"id":3848,"href":"https:\/\/tajo.coop\/pl\/wp-json\/wp\/v2\/pages\/3845\/revisions\/3848"}],"wp:attachment":[{"href":"https:\/\/tajo.coop\/pl\/wp-json\/wp\/v2\/media?parent=3845"}],"curies":[{"name":"wp","href":"https:\/\/api.w.org\/{rel}","templated":true}]}}