{"id":3582,"date":"2025-07-02T11:37:22","date_gmt":"2025-07-02T09:37:22","guid":{"rendered":"https:\/\/tajo.coop\/policies\/"},"modified":"2026-02-26T13:52:27","modified_gmt":"2026-02-26T12:52:27","slug":"politicas","status":"publish","type":"page","link":"https:\/\/tajo.coop\/es\/politicas\/","title":{"rendered":"Pol\u00edticas"},"content":{"rendered":"<p>[et_pb_section fb_built=\u00bb1&#8243; admin_label=\u00bbSection\u00bb _builder_version=\u00bb4.27.4&#8243; _module_preset=\u00bbdefault\u00bb background_color=\u00bbrgba(26,22,27,0.6)\u00bb background_image=\u00bbhttps:\/\/tajo.coop\/wp-content\/uploads\/2025\/06\/tajo-group-global-solutions-technical-components-plastic-injection-automotive-home-applicances-IndustriasTAJO054.webp\u00bb background_blend=\u00bbmultiply\u00bb min_height=\u00bb100vh\u00bb custom_css_main_element=\u00bbdisplay:flex;||align-items:center;\u00bb global_colors_info=\u00bb{}\u00bb][et_pb_row _builder_version=\u00bb4.27.4&#8243; _module_preset=\u00bbdefault\u00bb global_colors_info=\u00bb{}\u00bb][et_pb_column type=\u00bb4_4&#8243; _builder_version=\u00bb4.27.4&#8243; _module_preset=\u00bbdefault\u00bb global_colors_info=\u00bb{}\u00bb][dsm_dual_heading before_text=\u00bbNuestras \u00bb middle_text=\u00bbpol\u00edticas\u00bb heading_html_tag=\u00bbh1&#8243; _builder_version=\u00bb4.27.5&#8243; _module_preset=\u00bbdefault\u00bb header_font=\u00bb||on|on|||||\u00bb middle_text_color=\u00bb#E2001A\u00bb text_orientation=\u00bbcenter\u00bb background_layout=\u00bbdark\u00bb animation_style=\u00bbfade\u00bb hover_enabled=\u00bb0&#8243; header_font_size_tablet=\u00bb\u00bb header_font_size_phone=\u00bb2.7rem\u00bb header_font_size_last_edited=\u00bbon|phone\u00bb global_colors_info=\u00bb{}\u00bb middle_background_color__hover_enabled=\u00bboff|desktop\u00bb sticky_enabled=\u00bb0&#8243;][\/dsm_dual_heading][et_pb_icon font_icon=\u00bb&#x22;||divi||400&#8243; icon_color=\u00bb#FFFFFF\u00bb icon_width=\u00bb36px\u00bb url=\u00bb#more\u00bb module_class=\u00bbanimar-vertical\u00bb _builder_version=\u00bb4.27.4&#8243; _module_preset=\u00bbdefault\u00bb positioning=\u00bbrelative\u00bb vertical_offset=\u00bb20vh\u00bb custom_padding=\u00bb12px|12px|12px|12px|true|true\u00bb border_radii=\u00bbon|50%|50%|50%|50%\u00bb border_width_all=\u00bb1px\u00bb border_color_all=\u00bb#FFFFFF\u00bb global_colors_info=\u00bb{}\u00bb][\/et_pb_icon][\/et_pb_column][\/et_pb_row][\/et_pb_section][et_pb_section fb_built=\u00bb1&#8243; admin_label=\u00bbSection\u00bb module_id=\u00bbmore\u00bb _builder_version=\u00bb4.27.4&#8243; _module_preset=\u00bbdefault\u00bb min_height=\u00bb60vh\u00bb custom_css_main_element=\u00bbdisplay:flex;||align-items:center;\u00bb global_colors_info=\u00bb{}\u00bb][et_pb_row _builder_version=\u00bb4.27.4&#8243; _module_preset=\u00bbdefault\u00bb global_colors_info=\u00bb{}\u00bb][et_pb_column type=\u00bb4_4&#8243; _builder_version=\u00bb4.27.4&#8243; _module_preset=\u00bbdefault\u00bb global_colors_info=\u00bb{}\u00bb][dsm_dual_heading before_text=\u00bbPOL\u00cdTICA DE \u00bb middle_text=\u00bbRESPONSABILIDAD SOCIAL\u00bb after_text=\u00bb CORPORATIVA\u00bb middle_background_color=\u00bb#E2001A\u00bb _builder_version=\u00bb4.27.5&#8243; _module_preset=\u00bbdefault\u00bb header_font=\u00bb|||on|||||\u00bb middle_text_color=\u00bb#FFFFFF\u00bb text_orientation=\u00bbcenter\u00bb custom_margin=\u00bb||||false|false\u00bb animation_style=\u00bbfade\u00bb hover_enabled=\u00bb0&#8243; header_font_size_tablet=\u00bb\u00bb header_font_size_phone=\u00bb2.7rem\u00bb header_font_size_last_edited=\u00bbon|phone\u00bb locked=\u00bboff\u00bb global_colors_info=\u00bb{}\u00bb sticky_enabled=\u00bb0&#8243;][\/dsm_dual_heading][et_pb_divider color=\u00bb#E2001A\u00bb divider_weight=\u00bb6px\u00bb _builder_version=\u00bb4.27.4&#8243; _module_preset=\u00bbdefault\u00bb width=\u00bb190px\u00bb module_alignment=\u00bbcenter\u00bb animation_style=\u00bbfold\u00bb animation_direction=\u00bbleft\u00bb locked=\u00bboff\u00bb global_colors_info=\u00bb{}\u00bb][\/et_pb_divider][et_pb_heading title=\u00bbResumen de la pol\u00edtica\u00bb _builder_version=\u00bb4.27.5&#8243; _module_preset=\u00bbdefault\u00bb title_level=\u00bbh3&#8243; title_font=\u00bb|||on|||||\u00bb title_text_align=\u00bbcenter\u00bb title_text_color=\u00bb#E2001A\u00bb title_font_size=\u00bb32px\u00bb hover_enabled=\u00bb0&#8243; global_colors_info=\u00bb{}\u00bb sticky_enabled=\u00bb0&#8243;][\/et_pb_heading][et_pb_text _builder_version=\u00bb4.27.5&#8243; _module_preset=\u00bbdefault\u00bb text_font_size=\u00bb1.3rem\u00bb header_2_font=\u00bb|||on|||||\u00bb header_2_text_align=\u00bbcenter\u00bb header_3_font=\u00bb|||on|||||\u00bb header_3_text_align=\u00bbcenter\u00bb header_3_font_size=\u00bb1.5rem\u00bb text_orientation=\u00bbcenter\u00bb max_width=\u00bb820px\u00bb module_alignment=\u00bbcenter\u00bb custom_margin=\u00bb||4%||false|false\u00bb hover_enabled=\u00bb0&#8243; global_colors_info=\u00bb{}\u00bb sticky_enabled=\u00bb0&#8243;]La Responsabilidad Social Corporativa es la forma de actuar adoptada por las empresas para llevar a cabo su actividad de manera sostenible y \u00e9tica, reduciendo el impacto negativo que las empresas tienen sobre sus grupos de inter\u00e9s (clientes, empleados&#8230;), el medio ambiente y la sociedad en general.<\/p>\n<p>Al tratarse de una organizaci\u00f3n cooperativa, la responsabilidad social corporativa en Tajo Group es integral y est\u00e1 integrada estructuralmente. Estamos convencidos de que, a trav\u00e9s de una gesti\u00f3n sostenible, podemos contribuir a la generaci\u00f3n de riqueza y al desarrollo de nuestro entorno, al tiempo que cuidamos el medio ambiente.[\/et_pb_text][et_pb_heading title=\u00bbAlcance\u00bb _builder_version=\u00bb4.27.5&#8243; _module_preset=\u00bbdefault\u00bb title_level=\u00bbh3&#8243; title_font=\u00bb|||on|||||\u00bb title_text_align=\u00bbcenter\u00bb title_text_color=\u00bb#E2001A\u00bb title_font_size=\u00bb32px\u00bb hover_enabled=\u00bb0&#8243; global_colors_info=\u00bb{}\u00bb sticky_enabled=\u00bb0&#8243;][\/et_pb_heading][et_pb_text _builder_version=\u00bb4.27.5&#8243; _module_preset=\u00bbdefault\u00bb text_font_size=\u00bb1.3rem\u00bb header_2_font=\u00bb|||on|||||\u00bb header_2_text_align=\u00bbcenter\u00bb header_3_font=\u00bb|||on|||||\u00bb header_3_text_align=\u00bbcenter\u00bb header_3_font_size=\u00bb1.5rem\u00bb text_orientation=\u00bbcenter\u00bb max_width=\u00bb820px\u00bb module_alignment=\u00bbcenter\u00bb custom_margin=\u00bb||4%||false|false\u00bb hover_enabled=\u00bb0&#8243; global_colors_info=\u00bb{}\u00bb sticky_enabled=\u00bb0&#8243;]La presente Pol\u00edtica es aplicable a todos los trabajadores, directivos y miembros de los \u00f3rganos de administraci\u00f3n de TAJO GROUP, incluidos los socios inactivos y los socios colaboradores, y se refiere a las acciones individuales y\/o conjuntas realizadas por o en nombre de TAJO GROUP. Esta Pol\u00edtica incluir\u00e1 todas las actividades, procesos y relaciones establecidas por TAJO GROUP y sus trabajadores, a todos los niveles, ya sean formalmente redactadas mediante contrato, pol\u00edtica, procedimiento o similar, o bien se apliquen mediante costumbre o pr\u00e1ctica habitual.[\/et_pb_text][et_pb_heading title=\u00bbRequisitos generales\u00bb _builder_version=\u00bb4.27.5&#8243; _module_preset=\u00bbdefault\u00bb title_level=\u00bbh3&#8243; title_font=\u00bb|||on|||||\u00bb title_text_align=\u00bbcenter\u00bb title_text_color=\u00bb#E2001A\u00bb title_font_size=\u00bb32px\u00bb hover_enabled=\u00bb0&#8243; global_colors_info=\u00bb{}\u00bb sticky_enabled=\u00bb0&#8243;][\/et_pb_heading][et_pb_text _builder_version=\u00bb4.27.5&#8243; _module_preset=\u00bbdefault\u00bb text_font_size=\u00bb1.3rem\u00bb header_2_font=\u00bb|||on|||||\u00bb header_2_text_align=\u00bbcenter\u00bb header_3_font=\u00bb|||on|||||\u00bb header_3_text_align=\u00bbcenter\u00bb header_3_font_size=\u00bb1.5rem\u00bb header_4_font=\u00bb|||on|||||\u00bb header_4_font_size=\u00bb24px\u00bb text_orientation=\u00bbcenter\u00bb max_width=\u00bb820px\u00bb module_alignment=\u00bbcenter\u00bb custom_margin=\u00bb||4%||false|false\u00bb hover_enabled=\u00bb0&#8243; custom_css_main_element=\u00bbh4 {margin-bottom:12px;}\u00bb global_colors_info=\u00bb{}\u00bb sticky_enabled=\u00bb0&#8243;]La responsabilidad corporativa de Tajo Group se basa en cuatro pilares:<\/p>\n<h4>Desarrollo de las personas<\/h4>\n<p>Para Tajo Group, las personas son muy importantes. Por eso promovemos la seguridad, la salud y el desarrollo de las personas como un compromiso inalienable de nuestra cultura. Las necesidades y los objetivos de las personas que forman parte de Tajo Group se tienen en cuenta y se alinean con los objetivos y las necesidades de la empresa.<\/p>\n<h4>Integraci\u00f3n en la sociedad<\/h4>\n<p>Buscamos el desarrollo sostenible de nuestro entorno, as\u00ed como el bienestar de los ciudadanos, clientes, proveedores, trabajadores y otras partes interesadas.<\/p>\n<h4>Desarrollo de proveedores<\/h4>\n<p>Tajo Group colabora con sus proveedores en la aplicaci\u00f3n de pr\u00e1cticas responsables, mejorando los est\u00e1ndares de sostenibilidad y optimizando el rendimiento de toda la cadena de suministro en las diferentes etapas del ciclo de vida del producto.<\/p>\n<h4>Responsabilidad medioambiental<\/h4>\n<p>Tajo Group, consciente de la importancia de conciliar el desarrollo de su actividad con la protecci\u00f3n del medio ambiente, se compromete a minimizar su impacto medioambiental en la medida de lo posible. Para ello, trabajar\u00e1 para reducir las emisiones, ahorrar energ\u00eda y promover el uso de energ\u00edas renovables.<\/p>\n<p>Tajo Group velar\u00e1 por el consumo responsable de los recursos, centr\u00e1ndose en la reducci\u00f3n de residuos, el uso adecuado del agua y su control, y la gesti\u00f3n responsable de todos los productos qu\u00edmicos utilizados.<\/p>\n<p>La sostenibilidad debe ser un pilar que sustente el futuro de la empresa.[\/et_pb_text][\/et_pb_column][\/et_pb_row][\/et_pb_section][et_pb_section fb_built=\u00bb1&#8243; admin_label=\u00bbSection\u00bb _builder_version=\u00bb4.27.4&#8243; _module_preset=\u00bbdefault\u00bb custom_padding=\u00bb0px||0px||true|false\u00bb global_colors_info=\u00bb{}\u00bb][et_pb_row _builder_version=\u00bb4.27.4&#8243; _module_preset=\u00bbdefault\u00bb width=\u00bb100%\u00bb custom_padding=\u00bb0px||0px||true|false\u00bb global_colors_info=\u00bb{}\u00bb][et_pb_column type=\u00bb4_4&#8243; _builder_version=\u00bb4.27.4&#8243; _module_preset=\u00bbdefault\u00bb global_colors_info=\u00bb{}\u00bb][dsm_image_carousel gallery_ids=\u00bb459,458,444,442,429,424,411,412&#8243; lazyload=\u00bbon\u00bb slide_to_show=\u00bb2&#8243; speed=\u00bb6000&#8243; autoplay_speed=\u00bb0&#8243; space_between=\u00bb0&#8243; infinite_smooth_scrolling=\u00bbon\u00bb slide_to_show_tablet=\u00bb2&#8243; slide_to_show_last_edited=\u00bboff|tablet\u00bb _builder_version=\u00bb4.27.4&#8243; _module_preset=\u00bbdefault\u00bb custom_css_main_element=\u00bb.dsm_image_carousel_container {||\tmargin-bottom: 0!important;||}\u00bb global_colors_info=\u00bb{}\u00bb][\/dsm_image_carousel][\/et_pb_column][\/et_pb_row][\/et_pb_section]<\/p>\n","protected":false},"excerpt":{"rendered":"<p><div class=\"et_pb_module dsm_dual_heading dsm_dual_heading_0 et_animated  et_pb_text_align_center et_pb_bg_layout_dark\">\n\t\t\t\t\n\t\t\t\t\n\t\t\t\t\n\t\t\t\t\n\t\t\t\t\n\t\t\t\t\n\t\t\t\t<div class=\"et_pb_module_inner\">\n\t\t\t\t\t<h1 class=\"dsm-dual-heading-main et_pb_module_header\"><span class=\"dsm-dual-heading-before\">Nuestras <\/span><span class=\"dsm-dual-heading-middle\">pol\u00edticas<\/span><\/h1>\n\t\t\t\t<\/div>\n\t\t\t<\/div><div class=\"et_pb_module dsm_dual_heading dsm_dual_heading_1 et_animated  et_pb_text_align_center et_pb_bg_layout_light\">\n\t\t\t\t\n\t\t\t\t\n\t\t\t\t\n\t\t\t\t\n\t\t\t\t\n\t\t\t\t\n\t\t\t\t<div class=\"et_pb_module_inner\">\n\t\t\t\t\t<h2 class=\"dsm-dual-heading-main et_pb_module_header\"><span class=\"dsm-dual-heading-before\">POL\u00cdTICA DE <\/span><span class=\"dsm-dual-heading-middle\">RESPONSABILIDAD SOCIAL<\/span><span class=\"dsm-dual-heading-after\"> CORPORATIVA<\/span><\/h2>\n\t\t\t\t<\/div>\n\t\t\t<\/div>La Responsabilidad Social Corporativa es la forma de actuar adoptada por las empresas para llevar a cabo su actividad de manera sostenible y \u00e9tica, reduciendo el impacto negativo que las empresas tienen sobre sus grupos de inter\u00e9s (clientes, empleados&#8230;), el medio ambiente y la sociedad en general. Al tratarse de una organizaci\u00f3n cooperativa, la responsabilidad social corporativa en Tajo Group es integral y est\u00e1 integrada estructuralmente. Estamos convencidos de que, a trav\u00e9s de una gesti\u00f3n sostenible, podemos contribuir a la generaci\u00f3n de riqueza y al desarrollo de nuestro entorno, al tiempo que cuidamos el medio ambiente.La presente Pol\u00edtica es aplicable a todos los trabajadores, directivos y miembros de los \u00f3rganos de administraci\u00f3n de TAJO GROUP, incluidos los socios inactivos y los socios colaboradores, y se refiere a las acciones individuales y\/o conjuntas realizadas por o en nombre de TAJO GROUP. Esta Pol\u00edtica incluir\u00e1 todas las actividades, procesos y relaciones establecidas por TAJO GROUP y sus trabajadores, a todos los niveles, [&hellip;]<\/p>\n","protected":false},"author":1,"featured_media":0,"parent":0,"menu_order":27,"comment_status":"closed","ping_status":"closed","template":"","meta":{"_et_pb_use_builder":"on","_et_pb_old_content":"","_et_gb_content_width":"","footnotes":""},"class_list":["post-3582","page","type-page","status-publish","hentry"],"yoast_head":"<!-- This site is optimized with the Yoast SEO plugin v27.1.1 - https:\/\/yoast.com\/product\/yoast-seo-wordpress\/ -->\n<title>Social Responsibility in Plastic Manufacturing | Tajo Group<\/title>\n<meta name=\"description\" content=\"Social responsibility in plastic manufacturing through people development, sustainability and responsible supply chains. Tajo Group.\" \/>\n<meta name=\"robots\" content=\"index, follow, max-snippet:-1, max-image-preview:large, max-video-preview:-1\" \/>\n<link rel=\"canonical\" href=\"https:\/\/tajo.coop\/policies\/\" \/>\n<meta property=\"og:locale\" content=\"es_ES\" \/>\n<meta property=\"og:type\" content=\"article\" \/>\n<meta property=\"og:title\" content=\"Social Responsibility in Plastic Manufacturing | Tajo Group\" \/>\n<meta property=\"og:description\" content=\"Social responsibility in plastic manufacturing through people development, sustainability and responsible supply chains. Tajo Group.\" \/>\n<meta property=\"og:url\" content=\"https:\/\/tajo.coop\/policies\/\" \/>\n<meta property=\"og:site_name\" content=\"Tajo Group\" \/>\n<meta property=\"article:modified_time\" content=\"2026-02-26T12:52:27+00:00\" \/>\n<meta property=\"og:image\" content=\"https:\/\/tajo.coop\/wp-content\/uploads\/2025\/06\/tajo-group-logo.webp\" \/>\n\t<meta property=\"og:image:width\" content=\"168\" \/>\n\t<meta property=\"og:image:height\" content=\"64\" \/>\n\t<meta property=\"og:image:type\" content=\"image\/webp\" \/>\n<meta name=\"twitter:card\" content=\"summary_large_image\" \/>\n<meta name=\"twitter:label1\" content=\"Tiempo de lectura\" \/>\n\t<meta name=\"twitter:data1\" content=\"4 minutos\" \/>\n<script type=\"application\/ld+json\" class=\"yoast-schema-graph\">{\"@context\":\"https:\/\/schema.org\",\"@graph\":[{\"@type\":\"WebPage\",\"@id\":\"https:\/\/tajo.coop\/policies\/\",\"url\":\"https:\/\/tajo.coop\/policies\/\",\"name\":\"Social Responsibility in Plastic Manufacturing | Tajo Group\",\"isPartOf\":{\"@id\":\"https:\/\/tajo.coop\/#website\"},\"datePublished\":\"2025-07-02T09:37:22+00:00\",\"dateModified\":\"2026-02-26T12:52:27+00:00\",\"description\":\"Social responsibility in plastic manufacturing through people development, sustainability and responsible supply chains. Tajo Group.\",\"breadcrumb\":{\"@id\":\"https:\/\/tajo.coop\/policies\/#breadcrumb\"},\"inLanguage\":\"es\",\"potentialAction\":[{\"@type\":\"ReadAction\",\"target\":[\"https:\/\/tajo.coop\/policies\/\"]}]},{\"@type\":\"BreadcrumbList\",\"@id\":\"https:\/\/tajo.coop\/policies\/#breadcrumb\",\"itemListElement\":[{\"@type\":\"ListItem\",\"position\":1,\"name\":\"Home\",\"item\":\"https:\/\/tajo.coop\/de\/\"},{\"@type\":\"ListItem\",\"position\":2,\"name\":\"Pol\u00edticas\"}]},{\"@type\":\"WebSite\",\"@id\":\"https:\/\/tajo.coop\/#website\",\"url\":\"https:\/\/tajo.coop\/\",\"name\":\"Tajo Group\",\"description\":\"Global solutions for technical components in plastic injection\",\"potentialAction\":[{\"@type\":\"SearchAction\",\"target\":{\"@type\":\"EntryPoint\",\"urlTemplate\":\"https:\/\/tajo.coop\/?s={search_term_string}\"},\"query-input\":{\"@type\":\"PropertyValueSpecification\",\"valueRequired\":true,\"valueName\":\"search_term_string\"}}],\"inLanguage\":\"es\"}]}<\/script>\n<!-- \/ Yoast SEO plugin. -->","yoast_head_json":{"title":"Social Responsibility in Plastic Manufacturing | Tajo Group","description":"Social responsibility in plastic manufacturing through people development, sustainability and responsible supply chains. Tajo Group.","robots":{"index":"index","follow":"follow","max-snippet":"max-snippet:-1","max-image-preview":"max-image-preview:large","max-video-preview":"max-video-preview:-1"},"canonical":"https:\/\/tajo.coop\/policies\/","og_locale":"es_ES","og_type":"article","og_title":"Social Responsibility in Plastic Manufacturing | Tajo Group","og_description":"Social responsibility in plastic manufacturing through people development, sustainability and responsible supply chains. Tajo Group.","og_url":"https:\/\/tajo.coop\/policies\/","og_site_name":"Tajo Group","article_modified_time":"2026-02-26T12:52:27+00:00","og_image":[{"width":168,"height":64,"url":"https:\/\/tajo.coop\/wp-content\/uploads\/2025\/06\/tajo-group-logo.webp","type":"image\/webp"}],"twitter_card":"summary_large_image","twitter_misc":{"Tiempo de lectura":"4 minutos"},"schema":{"@context":"https:\/\/schema.org","@graph":[{"@type":"WebPage","@id":"https:\/\/tajo.coop\/policies\/","url":"https:\/\/tajo.coop\/policies\/","name":"Social Responsibility in Plastic Manufacturing | Tajo Group","isPartOf":{"@id":"https:\/\/tajo.coop\/#website"},"datePublished":"2025-07-02T09:37:22+00:00","dateModified":"2026-02-26T12:52:27+00:00","description":"Social responsibility in plastic manufacturing through people development, sustainability and responsible supply chains. Tajo Group.","breadcrumb":{"@id":"https:\/\/tajo.coop\/policies\/#breadcrumb"},"inLanguage":"es","potentialAction":[{"@type":"ReadAction","target":["https:\/\/tajo.coop\/policies\/"]}]},{"@type":"BreadcrumbList","@id":"https:\/\/tajo.coop\/policies\/#breadcrumb","itemListElement":[{"@type":"ListItem","position":1,"name":"Home","item":"https:\/\/tajo.coop\/de\/"},{"@type":"ListItem","position":2,"name":"Pol\u00edticas"}]},{"@type":"WebSite","@id":"https:\/\/tajo.coop\/#website","url":"https:\/\/tajo.coop\/","name":"Tajo Group","description":"Global solutions for technical components in plastic injection","potentialAction":[{"@type":"SearchAction","target":{"@type":"EntryPoint","urlTemplate":"https:\/\/tajo.coop\/?s={search_term_string}"},"query-input":{"@type":"PropertyValueSpecification","valueRequired":true,"valueName":"search_term_string"}}],"inLanguage":"es"}]}},"_links":{"self":[{"href":"https:\/\/tajo.coop\/es\/wp-json\/wp\/v2\/pages\/3582","targetHints":{"allow":["GET"]}}],"collection":[{"href":"https:\/\/tajo.coop\/es\/wp-json\/wp\/v2\/pages"}],"about":[{"href":"https:\/\/tajo.coop\/es\/wp-json\/wp\/v2\/types\/page"}],"author":[{"embeddable":true,"href":"https:\/\/tajo.coop\/es\/wp-json\/wp\/v2\/users\/1"}],"replies":[{"embeddable":true,"href":"https:\/\/tajo.coop\/es\/wp-json\/wp\/v2\/comments?post=3582"}],"version-history":[{"count":3,"href":"https:\/\/tajo.coop\/es\/wp-json\/wp\/v2\/pages\/3582\/revisions"}],"predecessor-version":[{"id":3586,"href":"https:\/\/tajo.coop\/es\/wp-json\/wp\/v2\/pages\/3582\/revisions\/3586"}],"wp:attachment":[{"href":"https:\/\/tajo.coop\/es\/wp-json\/wp\/v2\/media?parent=3582"}],"curies":[{"name":"wp","href":"https:\/\/api.w.org\/{rel}","templated":true}]}}