{"id":3564,"date":"2025-09-24T12:41:20","date_gmt":"2025-09-24T10:41:20","guid":{"rendered":"https:\/\/tajo.coop\/mission-vision\/"},"modified":"2026-02-26T13:19:56","modified_gmt":"2026-02-26T12:19:56","slug":"mision-vision","status":"publish","type":"page","link":"https:\/\/tajo.coop\/es\/mision-vision\/","title":{"rendered":"Misi\u00f3n y Visi\u00f3n"},"content":{"rendered":"<p>[et_pb_section fb_built=\u00bb1&#8243; admin_label=\u00bbSection\u00bb _builder_version=\u00bb4.27.4&#8243; _module_preset=\u00bbdefault\u00bb background_color=\u00bbrgba(26,22,27,0.7)\u00bb background_image=\u00bbhttps:\/\/tajo.coop\/wp-content\/uploads\/2025\/06\/tajo-group-global-solutions-technical-components-plastic-injection-automotive-home-applicances-TabiPlast082.webp\u00bb background_blend=\u00bbmultiply\u00bb min_height=\u00bb100vh\u00bb custom_css_main_element=\u00bbalign-items: center;||  display: grid;\u00bb global_colors_info=\u00bb{}\u00bb][et_pb_row _builder_version=\u00bb4.27.4&#8243; _module_preset=\u00bbdefault\u00bb global_colors_info=\u00bb{}\u00bb][et_pb_column type=\u00bb4_4&#8243; _builder_version=\u00bb4.27.4&#8243; _module_preset=\u00bbdefault\u00bb global_colors_info=\u00bb{}\u00bb][dsm_dual_heading before_text=\u00bbNuestra \u00bb middle_text=\u00bbMisi\u00f3n y Visi\u00f3n\u00bb heading_html_tag=\u00bbh1&#8243; _builder_version=\u00bb4.27.5&#8243; _module_preset=\u00bbdefault\u00bb header_font=\u00bb||on|on|||||\u00bb middle_text_color=\u00bb#E2001A\u00bb text_orientation=\u00bbcenter\u00bb background_layout=\u00bbdark\u00bb hover_enabled=\u00bb0&#8243; header_font_size_tablet=\u00bb\u00bb header_font_size_phone=\u00bb3.5rem\u00bb header_font_size_last_edited=\u00bbon|phone\u00bb global_colors_info=\u00bb{}\u00bb sticky_enabled=\u00bb0&#8243;][\/dsm_dual_heading][et_pb_icon font_icon=\u00bb&#x22;||divi||400&#8243; icon_color=\u00bb#FFFFFF\u00bb icon_width=\u00bb36px\u00bb url=\u00bb#more\u00bb module_class=\u00bbanimar-vertical\u00bb _builder_version=\u00bb4.27.4&#8243; _module_preset=\u00bbdefault\u00bb positioning=\u00bbrelative\u00bb vertical_offset=\u00bb20vh\u00bb custom_padding=\u00bb12px|12px|12px|12px|true|true\u00bb border_radii=\u00bbon|50%|50%|50%|50%\u00bb border_width_all=\u00bb1px\u00bb border_color_all=\u00bb#FFFFFF\u00bb global_colors_info=\u00bb{}\u00bb][\/et_pb_icon][\/et_pb_column][\/et_pb_row][\/et_pb_section][et_pb_section fb_built=\u00bb1&#8243; admin_label=\u00bbSection\u00bb module_id=\u00bbmore\u00bb _builder_version=\u00bb4.27.4&#8243; _module_preset=\u00bbdefault\u00bb min_height=\u00bb60vh\u00bb custom_css_main_element=\u00bbdisplay:flex;||align-items:center;\u00bb global_colors_info=\u00bb{}\u00bb][et_pb_row _builder_version=\u00bb4.27.4&#8243; _module_preset=\u00bbdefault\u00bb global_colors_info=\u00bb{}\u00bb][et_pb_column type=\u00bb4_4&#8243; _builder_version=\u00bb4.27.4&#8243; _module_preset=\u00bbdefault\u00bb global_colors_info=\u00bb{}\u00bb][dsm_dual_heading before_text=\u00bbNuestra \u00bb middle_text=\u00bbMISI\u00d3N\u00bb middle_background_color=\u00bb#E2001A\u00bb _builder_version=\u00bb4.27.5&#8243; _module_preset=\u00bbdefault\u00bb header_font=\u00bb|||on|||||\u00bb middle_text_color=\u00bb#FFFFFF\u00bb text_orientation=\u00bbcenter\u00bb custom_margin=\u00bb||0px||false|false\u00bb animation_style=\u00bbfade\u00bb hover_enabled=\u00bb0&#8243; header_font_size_tablet=\u00bb\u00bb header_font_size_phone=\u00bb2.7rem\u00bb header_font_size_last_edited=\u00bbon|phone\u00bb locked=\u00bboff\u00bb global_colors_info=\u00bb{}\u00bb sticky_enabled=\u00bb0&#8243;][\/dsm_dual_heading][et_pb_divider color=\u00bb#E2001A\u00bb divider_weight=\u00bb6px\u00bb _builder_version=\u00bb4.27.4&#8243; _module_preset=\u00bbdefault\u00bb width=\u00bb190px\u00bb module_alignment=\u00bbcenter\u00bb animation_style=\u00bbfold\u00bb animation_direction=\u00bbleft\u00bb locked=\u00bboff\u00bb global_colors_info=\u00bb{}\u00bb][\/et_pb_divider][et_pb_text _builder_version=\u00bb4.27.5&#8243; _module_preset=\u00bbdefault\u00bb text_font_size=\u00bb1.3rem\u00bb header_2_font=\u00bb|||on|||||\u00bb header_2_text_align=\u00bbcenter\u00bb header_3_font=\u00bb|||on|||||\u00bb header_3_text_align=\u00bbcenter\u00bb header_3_font_size=\u00bb1.5rem\u00bb text_orientation=\u00bbcenter\u00bb max_width=\u00bb820px\u00bb module_alignment=\u00bbcenter\u00bb custom_margin=\u00bb||4%||false|false\u00bb hover_enabled=\u00bb0&#8243; global_colors_info=\u00bb{}\u00bb sticky_enabled=\u00bb0&#8243;]<\/p>\n<p>Somos un <strong>grupo industrial competitivo<\/strong>, integrado en la Corporaci\u00f3n Mondragon, <strong>especializado en el desarrollo de proyectos y la producci\u00f3n de componentes<\/strong> y subconjuntos pl\u00e1sticos para los sectores de electrodom\u00e9sticos y automoci\u00f3n. Somos un referente para nuestros clientes en <strong>desarrollo, calidad y servicio<\/strong>, al tiempo que fomentamos la capacidad, la implicaci\u00f3n y el crecimiento de nuestra gente.<\/p>\n<p>[\/et_pb_text][\/et_pb_column][\/et_pb_row][\/et_pb_section][et_pb_section fb_built=\u00bb1&#8243; admin_label=\u00bbSection\u00bb _builder_version=\u00bb4.27.4&#8243; _module_preset=\u00bbdefault\u00bb background_color=\u00bbrgba(26,22,27,0.8)\u00bb background_image=\u00bbhttps:\/\/tajo.coop\/wp-content\/uploads\/2025\/06\/tajo-group-global-solutions-technical-components-plastic-injection-automotive-home-applicances-TabiPlast060.webp\u00bb background_blend=\u00bbmultiply\u00bb min_height=\u00bb100vh\u00bb custom_css_main_element=\u00bbalign-items: center;||  display: grid;\u00bb global_colors_info=\u00bb{}\u00bb][et_pb_row _builder_version=\u00bb4.27.4&#8243; _module_preset=\u00bbdefault\u00bb global_colors_info=\u00bb{}\u00bb][et_pb_column type=\u00bb4_4&#8243; _builder_version=\u00bb4.27.4&#8243; _module_preset=\u00bbdefault\u00bb global_colors_info=\u00bb{}\u00bb][dsm_dual_heading before_text=\u00bbNuestra \u00bb middle_text=\u00bbVisi\u00f3n\u00bb middle_background_color=\u00bb#E2001A\u00bb _builder_version=\u00bb4.27.5&#8243; _module_preset=\u00bbdefault\u00bb header_font=\u00bb|||on|||||\u00bb middle_text_color=\u00bb#FFFFFF\u00bb text_orientation=\u00bbcenter\u00bb background_layout=\u00bbdark\u00bb animation_style=\u00bbfade\u00bb hover_enabled=\u00bb0&#8243; header_font_size_tablet=\u00bb\u00bb header_font_size_phone=\u00bb2.7rem\u00bb header_font_size_last_edited=\u00bbon|phone\u00bb global_colors_info=\u00bb{}\u00bb sticky_enabled=\u00bb0&#8243;][\/dsm_dual_heading][et_pb_divider color=\u00bb#E2001A\u00bb divider_weight=\u00bb6px\u00bb _builder_version=\u00bb4.27.4&#8243; _module_preset=\u00bbdefault\u00bb width=\u00bb190px\u00bb module_alignment=\u00bbcenter\u00bb animation_style=\u00bbfold\u00bb animation_direction=\u00bbleft\u00bb locked=\u00bboff\u00bb global_colors_info=\u00bb{}\u00bb][\/et_pb_divider][et_pb_text _builder_version=\u00bb4.27.5&#8243; _module_preset=\u00bbdefault\u00bb text_font_size=\u00bb1.3rem\u00bb header_2_font=\u00bb|||on|||||\u00bb header_2_text_align=\u00bbcenter\u00bb header_3_font=\u00bb|||on|||||\u00bb header_3_text_align=\u00bbcenter\u00bb header_3_font_size=\u00bb1.5rem\u00bb text_orientation=\u00bbcenter\u00bb background_layout=\u00bbdark\u00bb max_width=\u00bb760px\u00bb module_alignment=\u00bbcenter\u00bb animation_style=\u00bbfade\u00bb hover_enabled=\u00bb0&#8243; global_colors_info=\u00bb{}\u00bb sticky_enabled=\u00bb0&#8243;]<\/p>\n<p>Ser una <strong>organizaci\u00f3n \u00e1gil con excelencia en la gesti\u00f3n<\/strong>, formada por personas comprometidas y <strong>centradas en satisfacer de manera eficiente y rentable las necesidades de nuestros clientes<\/strong>.<\/p>\n<p>[\/et_pb_text][\/et_pb_column][\/et_pb_row][\/et_pb_section]<\/p>\n","protected":false},"excerpt":{"rendered":"<p><div class=\"et_pb_module dsm_dual_heading dsm_dual_heading_0  et_pb_text_align_center et_pb_bg_layout_dark\">\n\t\t\t\t\n\t\t\t\t\n\t\t\t\t\n\t\t\t\t\n\t\t\t\t\n\t\t\t\t\n\t\t\t\t<div class=\"et_pb_module_inner\">\n\t\t\t\t\t<h1 class=\"dsm-dual-heading-main et_pb_module_header\"><span class=\"dsm-dual-heading-before\">Nuestra <\/span><span class=\"dsm-dual-heading-middle\">Misi\u00f3n y Visi\u00f3n<\/span><\/h1>\n\t\t\t\t<\/div>\n\t\t\t<\/div><div class=\"et_pb_module dsm_dual_heading dsm_dual_heading_1 et_animated  et_pb_text_align_center et_pb_bg_layout_light\">\n\t\t\t\t\n\t\t\t\t\n\t\t\t\t\n\t\t\t\t\n\t\t\t\t\n\t\t\t\t\n\t\t\t\t<div class=\"et_pb_module_inner\">\n\t\t\t\t\t<h2 class=\"dsm-dual-heading-main et_pb_module_header\"><span class=\"dsm-dual-heading-before\">Nuestra <\/span><span class=\"dsm-dual-heading-middle\">MISI\u00d3N<\/span><\/h2>\n\t\t\t\t<\/div>\n\t\t\t<\/div>Somos un grupo industrial competitivo, integrado en la Corporaci\u00f3n Mondragon, especializado en el desarrollo de proyectos y la producci\u00f3n de componentes y subconjuntos pl\u00e1sticos para los sectores de electrodom\u00e9sticos y automoci\u00f3n. Somos un referente para nuestros clientes en desarrollo, calidad y servicio, al tiempo que fomentamos la capacidad, la implicaci\u00f3n y el crecimiento de nuestra gente.<div class=\"et_pb_module dsm_dual_heading dsm_dual_heading_2 et_animated  et_pb_text_align_center et_pb_bg_layout_dark\">\n\t\t\t\t\n\t\t\t\t\n\t\t\t\t\n\t\t\t\t\n\t\t\t\t\n\t\t\t\t\n\t\t\t\t<div class=\"et_pb_module_inner\">\n\t\t\t\t\t<h2 class=\"dsm-dual-heading-main et_pb_module_header\"><span class=\"dsm-dual-heading-before\">Nuestra <\/span><span class=\"dsm-dual-heading-middle\">Visi\u00f3n<\/span><\/h2>\n\t\t\t\t<\/div>\n\t\t\t<\/div>Ser una organizaci\u00f3n \u00e1gil con excelencia en la gesti\u00f3n, formada por personas comprometidas y centradas en satisfacer de manera eficiente y rentable las necesidades de nuestros clientes.<\/p>\n","protected":false},"author":1,"featured_media":0,"parent":0,"menu_order":23,"comment_status":"closed","ping_status":"closed","template":"","meta":{"_et_pb_use_builder":"on","_et_pb_old_content":"","_et_gb_content_width":"","footnotes":""},"class_list":["post-3564","page","type-page","status-publish","hentry"],"yoast_head":"<!-- This site is optimized with the Yoast SEO plugin v27.1.1 - https:\/\/yoast.com\/product\/yoast-seo-wordpress\/ -->\n<title>Industrial Plastic Injection Solutions | Tajo Group<\/title>\n<meta name=\"description\" content=\"Industrial plastic injection solutions for automotive and appliances, focused on quality, efficiency and people development. Tajo Group.\" \/>\n<meta name=\"robots\" content=\"index, follow, max-snippet:-1, max-image-preview:large, max-video-preview:-1\" \/>\n<link rel=\"canonical\" href=\"https:\/\/tajo.coop\/es\/mision-vision\/\" \/>\n<meta property=\"og:locale\" content=\"es_ES\" \/>\n<meta property=\"og:type\" content=\"article\" \/>\n<meta property=\"og:title\" content=\"Industrial Plastic Injection Solutions | Tajo Group\" \/>\n<meta property=\"og:description\" content=\"Industrial plastic injection solutions for automotive and appliances, focused on quality, efficiency and people development. Tajo Group.\" \/>\n<meta property=\"og:url\" content=\"https:\/\/tajo.coop\/es\/mision-vision\/\" \/>\n<meta property=\"og:site_name\" content=\"Tajo Group\" \/>\n<meta property=\"article:modified_time\" content=\"2026-02-26T12:19:56+00:00\" \/>\n<meta property=\"og:image\" content=\"https:\/\/tajo.coop\/wp-content\/uploads\/2025\/06\/tajo-group-logo.webp\" \/>\n\t<meta property=\"og:image:width\" content=\"168\" \/>\n\t<meta property=\"og:image:height\" content=\"64\" \/>\n\t<meta property=\"og:image:type\" content=\"image\/webp\" \/>\n<meta name=\"twitter:card\" content=\"summary_large_image\" \/>\n<meta name=\"twitter:label1\" content=\"Tiempo de lectura\" \/>\n\t<meta name=\"twitter:data1\" content=\"1 minuto\" \/>\n<script type=\"application\/ld+json\" class=\"yoast-schema-graph\">{\"@context\":\"https:\/\/schema.org\",\"@graph\":[{\"@type\":\"WebPage\",\"@id\":\"https:\/\/tajo.coop\/es\/mision-vision\/\",\"url\":\"https:\/\/tajo.coop\/es\/mision-vision\/\",\"name\":\"Industrial Plastic Injection Solutions | Tajo Group\",\"isPartOf\":{\"@id\":\"https:\/\/tajo.coop\/#website\"},\"datePublished\":\"2025-09-24T10:41:20+00:00\",\"dateModified\":\"2026-02-26T12:19:56+00:00\",\"description\":\"Industrial plastic injection solutions for automotive and appliances, focused on quality, efficiency and people development. Tajo Group.\",\"breadcrumb\":{\"@id\":\"https:\/\/tajo.coop\/es\/mision-vision\/#breadcrumb\"},\"inLanguage\":\"es\",\"potentialAction\":[{\"@type\":\"ReadAction\",\"target\":[\"https:\/\/tajo.coop\/es\/mision-vision\/\"]}]},{\"@type\":\"BreadcrumbList\",\"@id\":\"https:\/\/tajo.coop\/es\/mision-vision\/#breadcrumb\",\"itemListElement\":[{\"@type\":\"ListItem\",\"position\":1,\"name\":\"Home\",\"item\":\"https:\/\/tajo.coop\/de\/\"},{\"@type\":\"ListItem\",\"position\":2,\"name\":\"Misi\u00f3n y Visi\u00f3n\"}]},{\"@type\":\"WebSite\",\"@id\":\"https:\/\/tajo.coop\/#website\",\"url\":\"https:\/\/tajo.coop\/\",\"name\":\"Tajo Group\",\"description\":\"Global solutions for technical components in plastic injection\",\"potentialAction\":[{\"@type\":\"SearchAction\",\"target\":{\"@type\":\"EntryPoint\",\"urlTemplate\":\"https:\/\/tajo.coop\/?s={search_term_string}\"},\"query-input\":{\"@type\":\"PropertyValueSpecification\",\"valueRequired\":true,\"valueName\":\"search_term_string\"}}],\"inLanguage\":\"es\"}]}<\/script>\n<!-- \/ Yoast SEO plugin. -->","yoast_head_json":{"title":"Industrial Plastic Injection Solutions | Tajo Group","description":"Industrial plastic injection solutions for automotive and appliances, focused on quality, efficiency and people development. Tajo Group.","robots":{"index":"index","follow":"follow","max-snippet":"max-snippet:-1","max-image-preview":"max-image-preview:large","max-video-preview":"max-video-preview:-1"},"canonical":"https:\/\/tajo.coop\/es\/mision-vision\/","og_locale":"es_ES","og_type":"article","og_title":"Industrial Plastic Injection Solutions | Tajo Group","og_description":"Industrial plastic injection solutions for automotive and appliances, focused on quality, efficiency and people development. Tajo Group.","og_url":"https:\/\/tajo.coop\/es\/mision-vision\/","og_site_name":"Tajo Group","article_modified_time":"2026-02-26T12:19:56+00:00","og_image":[{"width":168,"height":64,"url":"https:\/\/tajo.coop\/wp-content\/uploads\/2025\/06\/tajo-group-logo.webp","type":"image\/webp"}],"twitter_card":"summary_large_image","twitter_misc":{"Tiempo de lectura":"1 minuto"},"schema":{"@context":"https:\/\/schema.org","@graph":[{"@type":"WebPage","@id":"https:\/\/tajo.coop\/es\/mision-vision\/","url":"https:\/\/tajo.coop\/es\/mision-vision\/","name":"Industrial Plastic Injection Solutions | Tajo Group","isPartOf":{"@id":"https:\/\/tajo.coop\/#website"},"datePublished":"2025-09-24T10:41:20+00:00","dateModified":"2026-02-26T12:19:56+00:00","description":"Industrial plastic injection solutions for automotive and appliances, focused on quality, efficiency and people development. Tajo Group.","breadcrumb":{"@id":"https:\/\/tajo.coop\/es\/mision-vision\/#breadcrumb"},"inLanguage":"es","potentialAction":[{"@type":"ReadAction","target":["https:\/\/tajo.coop\/es\/mision-vision\/"]}]},{"@type":"BreadcrumbList","@id":"https:\/\/tajo.coop\/es\/mision-vision\/#breadcrumb","itemListElement":[{"@type":"ListItem","position":1,"name":"Home","item":"https:\/\/tajo.coop\/de\/"},{"@type":"ListItem","position":2,"name":"Misi\u00f3n y Visi\u00f3n"}]},{"@type":"WebSite","@id":"https:\/\/tajo.coop\/#website","url":"https:\/\/tajo.coop\/","name":"Tajo Group","description":"Global solutions for technical components in plastic injection","potentialAction":[{"@type":"SearchAction","target":{"@type":"EntryPoint","urlTemplate":"https:\/\/tajo.coop\/?s={search_term_string}"},"query-input":{"@type":"PropertyValueSpecification","valueRequired":true,"valueName":"search_term_string"}}],"inLanguage":"es"}]}},"_links":{"self":[{"href":"https:\/\/tajo.coop\/es\/wp-json\/wp\/v2\/pages\/3564","targetHints":{"allow":["GET"]}}],"collection":[{"href":"https:\/\/tajo.coop\/es\/wp-json\/wp\/v2\/pages"}],"about":[{"href":"https:\/\/tajo.coop\/es\/wp-json\/wp\/v2\/types\/page"}],"author":[{"embeddable":true,"href":"https:\/\/tajo.coop\/es\/wp-json\/wp\/v2\/users\/1"}],"replies":[{"embeddable":true,"href":"https:\/\/tajo.coop\/es\/wp-json\/wp\/v2\/comments?post=3564"}],"version-history":[{"count":5,"href":"https:\/\/tajo.coop\/es\/wp-json\/wp\/v2\/pages\/3564\/revisions"}],"predecessor-version":[{"id":3571,"href":"https:\/\/tajo.coop\/es\/wp-json\/wp\/v2\/pages\/3564\/revisions\/3571"}],"wp:attachment":[{"href":"https:\/\/tajo.coop\/es\/wp-json\/wp\/v2\/media?parent=3564"}],"curies":[{"name":"wp","href":"https:\/\/api.w.org\/{rel}","templated":true}]}}