{"id":3553,"date":"2025-06-05T12:40:39","date_gmt":"2025-06-05T10:40:39","guid":{"rendered":"https:\/\/tajo.coop\/our-history\/"},"modified":"2026-02-26T13:04:01","modified_gmt":"2026-02-26T12:04:01","slug":"nuestra-historia","status":"publish","type":"page","link":"https:\/\/tajo.coop\/es\/nuestra-historia\/","title":{"rendered":"Nuestra Historia"},"content":{"rendered":"<p>[et_pb_section fb_built=\u00bb1&#8243; admin_label=\u00bbSection\u00bb _builder_version=\u00bb4.27.4&#8243; _module_preset=\u00bbdefault\u00bb background_color=\u00bbrgba(26,22,27,0.6)\u00bb background_image=\u00bbhttps:\/\/tajo.coop\/wp-content\/uploads\/2025\/06\/tajo-group-global-solutions-technical-components-plastic-injection-home-applicances.webp\u00bb background_blend=\u00bbmultiply\u00bb min_height=\u00bb100vh\u00bb custom_css_main_element=\u00bbalign-items:center;||display:flex;\u00bb global_colors_info=\u00bb{}\u00bb][et_pb_row _builder_version=\u00bb4.27.4&#8243; _module_preset=\u00bbdefault\u00bb global_colors_info=\u00bb{}\u00bb][et_pb_column type=\u00bb4_4&#8243; _builder_version=\u00bb4.27.4&#8243; _module_preset=\u00bbdefault\u00bb global_colors_info=\u00bb{}\u00bb][dsm_dual_heading before_text=\u00bbHitos en \u00bb middle_text=\u00bbnuestra evoluci\u00f3n\u00bb _builder_version=\u00bb4.27.5&#8243; _module_preset=\u00bbdefault\u00bb header_font=\u00bb||on|on|||||\u00bb middle_font=\u00bb||||||||\u00bb middle_text_color=\u00bb#E2001A\u00bb text_orientation=\u00bbcenter\u00bb background_layout=\u00bbdark\u00bb animation_style=\u00bbfade\u00bb hover_enabled=\u00bb0&#8243; header_font_size_tablet=\u00bb\u00bb header_font_size_phone=\u00bb2.7rem\u00bb header_font_size_last_edited=\u00bbon|phone\u00bb global_colors_info=\u00bb{}\u00bb sticky_enabled=\u00bb0&#8243;][\/dsm_dual_heading][et_pb_text _builder_version=\u00bb4.27.5&#8243; _module_preset=\u00bbdefault\u00bb text_font_size=\u00bb1.3rem\u00bb header_2_font=\u00bb|||on|||||\u00bb header_2_text_align=\u00bbcenter\u00bb header_3_font=\u00bb|||on|||||\u00bb header_3_text_align=\u00bbcenter\u00bb header_3_font_size=\u00bb1.5rem\u00bb text_orientation=\u00bbcenter\u00bb background_layout=\u00bbdark\u00bb max_width=\u00bb760px\u00bb module_alignment=\u00bbcenter\u00bb animation_style=\u00bbfade\u00bb hover_enabled=\u00bb0&#8243; global_colors_info=\u00bb{}\u00bb sticky_enabled=\u00bb0&#8243;]<\/p>\n<p>Desde nuestros or\u00edgenes en la fabricaci\u00f3n de moldes en 1963 hasta convertirnos en un <strong>proveedor multinacional<\/strong>, la historia de TAJO refleja un <strong>crecimiento constante<\/strong>. Entre los hitos m\u00e1s destacados se incluyen la introducci\u00f3n de <strong>l\u00edneas de inyecci\u00f3n<\/strong> en los a\u00f1os 60, la expansi\u00f3n en los a\u00f1os 90 y 2000, y el enfoque actual en <strong>la sostenibilidad y la innovaci\u00f3n<\/strong>.<\/p>\n<p>[\/et_pb_text][et_pb_icon font_icon=\u00bb&#x22;||divi||400&#8243; icon_color=\u00bb#FFFFFF\u00bb icon_width=\u00bb36px\u00bb url=\u00bb#more\u00bb module_class=\u00bbanimar-vertical\u00bb _builder_version=\u00bb4.27.4&#8243; _module_preset=\u00bbdefault\u00bb positioning=\u00bbrelative\u00bb vertical_offset=\u00bb20vh\u00bb custom_padding=\u00bb12px|12px|12px|12px|true|true\u00bb border_radii=\u00bbon|50%|50%|50%|50%\u00bb border_width_all=\u00bb1px\u00bb border_color_all=\u00bb#FFFFFF\u00bb global_colors_info=\u00bb{}\u00bb][\/et_pb_icon][\/et_pb_column][\/et_pb_row][\/et_pb_section][et_pb_section fb_built=\u00bb1&#8243; admin_label=\u00bbSection\u00bb module_id=\u00bbmore\u00bb _builder_version=\u00bb4.27.4&#8243; _module_preset=\u00bbdefault\u00bb min_height=\u00bb60vh\u00bb custom_css_main_element=\u00bbdisplay:flex;||align-items:center;\u00bb global_colors_info=\u00bb{}\u00bb][et_pb_row _builder_version=\u00bb4.27.4&#8243; _module_preset=\u00bbdefault\u00bb global_colors_info=\u00bb{}\u00bb][et_pb_column type=\u00bb4_4&#8243; _builder_version=\u00bb4.27.4&#8243; _module_preset=\u00bbdefault\u00bb global_colors_info=\u00bb{}\u00bb][dsm_dual_heading before_text=\u00bbNuestra \u00bb middle_text=\u00bbHistoria\u00bb middle_background_color=\u00bb#E2001A\u00bb _builder_version=\u00bb4.27.5&#8243; _module_preset=\u00bbdefault\u00bb header_font=\u00bb|||on|||||\u00bb middle_text_color=\u00bb#FFFFFF\u00bb text_orientation=\u00bbcenter\u00bb custom_margin=\u00bb||0px||false|false\u00bb animation_style=\u00bbfade\u00bb hover_enabled=\u00bb0&#8243; header_font_size_tablet=\u00bb\u00bb header_font_size_phone=\u00bb2.7rem\u00bb header_font_size_last_edited=\u00bbon|phone\u00bb locked=\u00bboff\u00bb global_colors_info=\u00bb{}\u00bb sticky_enabled=\u00bb0&#8243;][\/dsm_dual_heading][et_pb_divider color=\u00bb#E2001A\u00bb divider_weight=\u00bb6px\u00bb _builder_version=\u00bb4.27.4&#8243; _module_preset=\u00bbdefault\u00bb width=\u00bb190px\u00bb module_alignment=\u00bbcenter\u00bb animation_style=\u00bbfold\u00bb animation_direction=\u00bbleft\u00bb locked=\u00bboff\u00bb global_colors_info=\u00bb{}\u00bb][\/et_pb_divider][dsm_content_timeline dsm_timeline_style=\u00bbleft\u00bb dsm_tree_animation=\u00bbon\u00bb dsm_fill_animation_speed=\u00bb60&#8243; dsm_bg_color=\u00bbRGBA(255,255,255,0)\u00bb dsm_pointer_bg_color=\u00bb#FFFFFF\u00bb dsm_pointer_active_bg_color=\u00bb#FFFFFF\u00bb dsm_pointer_active_icon_color=\u00bb#FFFFFF\u00bb dsm_tree_bg_color=\u00bb#FFFFFF\u00bb dsm_tree_active_bg_color=\u00bb#E2001A\u00bb dsm_tree_width=\u00bb6px\u00bb dsm_opposite_content_width=\u00bb50px\u00bb _builder_version=\u00bb4.27.5&#8243; _module_preset=\u00bbdefault\u00bb header_font=\u00bb&#8211;et_global_heading_font|&#8211;et_global_heading_font_weight|on||||||\u00bb content_font_size=\u00bb1.3rem\u00bb opposite_text_font=\u00bb&#8211;et_global_heading_font|&#8211;et_global_heading_font_weight|on||||||\u00bb opposite_text_font_size=\u00bb3rem\u00bb max_width=\u00bb720px\u00bb module_alignment=\u00bbcenter\u00bb hover_enabled=\u00bb0&#8243; custom_css_main_element=\u00bb.dsm-content-timeline-content-wrapper {||\tpadding-top: 0px!important;||\twidth: auto!important;||}||.date {||  z-index: 9999;||\tposition: relative;||\tmargin-top: 20px;||}\u00bb border_width_all_pointer_border=\u00bb24px\u00bb border_color_all_pointer_border=\u00bb#FFFFFF\u00bb global_colors_info=\u00bb{}\u00bb sticky_enabled=\u00bb0&#8243;][dsm_content_timeline_child dsm_image=\u00bbhttps:\/\/tajo.coop\/wp-content\/uploads\/2025\/07\/tajo-group-foundation.webp\u00bb title_text=\u00bbtajo-group-foundation\u00bb dsm_content=\u00bbTAJO se fund\u00f3 en el Pa\u00eds Vasco (Espa\u00f1a) como fabricante de moldes.\u00bb dsm_opposite_text=\u00bb1963&#8243; _builder_version=\u00bb4.27.5&#8243; _module_preset=\u00bbdefault\u00bb hover_enabled=\u00bb0&#8243; global_colors_info=\u00bb{}\u00bb parent_header_level=\u00bbh4&#8243; sticky_enabled=\u00bb0&#8243;][\/dsm_content_timeline_child][dsm_content_timeline_child dsm_image=\u00bbhttps:\/\/tajo.coop\/wp-content\/uploads\/2025\/09\/tajo-group-foundation-1966.webp\u00bb title_text=\u00bbtajo-group-foundation-1966&#8243; dsm_content=\u00bbInstalaci\u00f3n de nuestra primera l\u00ednea de moldeo por inyecci\u00f3n.\u00bb dsm_opposite_text=\u00bb1966&#8243; _builder_version=\u00bb4.27.5&#8243; _module_preset=\u00bbdefault\u00bb hover_enabled=\u00bb0&#8243; global_colors_info=\u00bb{}\u00bb parent_header_level=\u00bbh4&#8243; sticky_enabled=\u00bb0&#8243;][\/dsm_content_timeline_child][dsm_content_timeline_child dsm_image=\u00bbhttps:\/\/tajo.coop\/wp-content\/uploads\/2025\/09\/tajo-group-global-solutions-technical-components-plastic-injection-automotive-home-applicances-history-VW90s.webp\u00bb title_text=\u00bbtajo-group-global-solutions-technical-components-plastic-injection-automotive-home-applicances-history-VW90s\u00bb dsm_content=\u00bbConsolidaci\u00f3n como proveedor clave de componentes de automoci\u00f3n moldeados por inyecci\u00f3n en Espa\u00f1a.\u00bb dsm_opposite_text=\u00bb90&#8217;s\u00bb _builder_version=\u00bb4.27.5&#8243; _module_preset=\u00bbdefault\u00bb hover_enabled=\u00bb0&#8243; global_colors_info=\u00bb{}\u00bb parent_header_level=\u00bbh4&#8243; sticky_enabled=\u00bb0&#8243;][\/dsm_content_timeline_child][dsm_content_timeline_child dsm_image=\u00bbhttps:\/\/tajo.coop\/wp-content\/uploads\/2025\/09\/TabiPlast148.webp\u00bb title_text=\u00bbTabiPlast148&#8243; dsm_content=\u00bbInicio de nuestra expansi\u00f3n internacional con plantas de producci\u00f3n en Europa Central y del Este.\u00bb dsm_opposite_text=\u00bb00&#8217;s\u00bb _builder_version=\u00bb4.27.5&#8243; _module_preset=\u00bbdefault\u00bb hover_enabled=\u00bb0&#8243; global_colors_info=\u00bb{}\u00bb parent_header_level=\u00bbh4&#8243; sticky_enabled=\u00bb0&#8243;][\/dsm_content_timeline_child][dsm_content_timeline_child dsm_image=\u00bbhttps:\/\/tajo.coop\/wp-content\/uploads\/2025\/09\/tajo-group-global-solutions-technical-components-plastic-injection-automotive-home-applicances-history-10s-scaled.webp\u00bb title_text=\u00bbtajo-group-global-solutions-technical-components-plastic-injection-automotive-home-applicances-history-10s\u00bb dsm_content=\u00bbImportantes inversiones en tecnolog\u00edas avanzadas, incluyendo inyecci\u00f3n 2K y 3K, pintura, soldadura y montaje.\u00bb dsm_opposite_text=\u00bb10&#8217;s\u00bb _builder_version=\u00bb4.27.5&#8243; _module_preset=\u00bbdefault\u00bb hover_enabled=\u00bb0&#8243; global_colors_info=\u00bb{}\u00bb parent_header_level=\u00bbh4&#8243; sticky_enabled=\u00bb0&#8243;][\/dsm_content_timeline_child][dsm_content_timeline_child dsm_image=\u00bbhttps:\/\/tajo.coop\/wp-content\/uploads\/2025\/09\/tajo-group-global-solutions-technical-components-plastic-injection-automotive-home-applicances-history-20s.webp\u00bb title_text=\u00bbtajo-group-global-solutions-technical-components-plastic-injection-automotive-home-applicances-history-20s\u00bb dsm_content=\u00bbCrecimiento y fortalecimiento operativo en Polonia y Espa\u00f1a.\u00bb dsm_opposite_text=\u00bb20&#8217;s\u00bb _builder_version=\u00bb4.27.5&#8243; _module_preset=\u00bbdefault\u00bb hover_enabled=\u00bb0&#8243; global_colors_info=\u00bb{}\u00bb parent_header_level=\u00bbh4&#8243; sticky_enabled=\u00bb0&#8243;][\/dsm_content_timeline_child][dsm_content_timeline_child dsm_use_icon_image=\u00bboff\u00bb title_text=\u00bbtajo-group-global-solutions-technical-components-plastic-injection-automotive-home-applicances-history-20s\u00bb dsm_content=\u00bb<\/p>\n<p>Celebramos 60 a\u00f1os mientras impulsamos nuestra estrategia Tajo 2025 y nos expandimos a nuevos mercados.<\/p>\n<p>\u00bb dsm_opposite_text=\u00bb2023&#8243; _builder_version=\u00bb4.27.5&#8243; _module_preset=\u00bbdefault\u00bb hover_enabled=\u00bb0&#8243; global_colors_info=\u00bb{}\u00bb parent_header_level=\u00bbh4&#8243; sticky_enabled=\u00bb0&#8243;][\/dsm_content_timeline_child][dsm_content_timeline_child dsm_image=\u00bbhttps:\/\/tajo.coop\/wp-content\/uploads\/2025\/09\/tajo-group-global-solutions-technical-components-plastic-injection-automotive-home-applicances-history-2024-1.webp\u00bb title_text=\u00bbtajo-group-global-solutions-technical-components-plastic-injection-automotive-home-applicances-history-2024&#8243; dsm_content=\u00bbOptimizaci\u00f3n de nuestra presencia productiva en Europa Central y del Este.\u00bb dsm_opposite_text=\u00bb2024&#8243; _builder_version=\u00bb4.27.5&#8243; _module_preset=\u00bbdefault\u00bb hover_enabled=\u00bb0&#8243; global_colors_info=\u00bb{}\u00bb parent_header_level=\u00bbh4&#8243; sticky_enabled=\u00bb0&#8243;][\/dsm_content_timeline_child][dsm_content_timeline_child dsm_use_icon_image=\u00bboff\u00bb dsm_content=\u00bbAvanzamos en nuestro camino hacia la excelencia en el servicio al cliente, el crecimiento, la resiliencia financiera, la sostenibilidad, la innovaci\u00f3n tecnol\u00f3gica y el desarrollo del talento.\u00bb dsm_opposite_text=\u00bbHacia 2030&#8243; _builder_version=\u00bb4.27.5&#8243; _module_preset=\u00bbdefault\u00bb header_level=\u00bbh4&#8243; header_font=\u00bb&#8211;et_global_heading_font|&#8211;et_global_heading_font_weight|on||||||\u00bb content_font_size=\u00bb1.5rem\u00bb content_line_height=\u00bb1.2em\u00bb opposite_text_font=\u00bb&#8211;et_global_heading_font|&#8211;et_global_heading_font_weight|on|on|||||\u00bb opposite_text_line_height=\u00bb1em\u00bb hover_enabled=\u00bb0&#8243; custom_css_main_element=\u00bb.dsm-description {||  margin-top:20px;||  padding-top: 40px!important;||}\u00bb global_colors_info=\u00bb{}\u00bb parent_header_level=\u00bbh4&#8243; sticky_enabled=\u00bb0&#8243;][\/dsm_content_timeline_child][\/dsm_content_timeline][et_pb_button button_url=\u00bb@ET-DC@eyJkeW5hbWljIjp0cnVlLCJjb250ZW50IjoicG9zdF9saW5rX3VybF9wYWdlIiwic2V0dGluZ3MiOnsicG9zdF9pZCI6IjY0MSJ9fQ==@\u00bb button_text=\u00bb\u00a1Trabajemos juntos!\u00bb button_alignment=\u00bbcenter\u00bb _builder_version=\u00bb4.27.5&#8243; _dynamic_attributes=\u00bbbutton_url\u00bb _module_preset=\u00bbdefault\u00bb hover_enabled=\u00bb0&#8243; global_colors_info=\u00bb{}\u00bb sticky_enabled=\u00bb0&#8243;][\/et_pb_button][\/et_pb_column][\/et_pb_row][\/et_pb_section]<\/p>\n","protected":false},"excerpt":{"rendered":"<p><div class=\"et_pb_module dsm_dual_heading dsm_dual_heading_0 et_animated  et_pb_text_align_center et_pb_bg_layout_dark\">\n\t\t\t\t\n\t\t\t\t\n\t\t\t\t\n\t\t\t\t\n\t\t\t\t\n\t\t\t\t\n\t\t\t\t<div class=\"et_pb_module_inner\">\n\t\t\t\t\t<h2 class=\"dsm-dual-heading-main et_pb_module_header\"><span class=\"dsm-dual-heading-before\">Hitos en <\/span><span class=\"dsm-dual-heading-middle\">nuestra evoluci\u00f3n<\/span><\/h2>\n\t\t\t\t<\/div>\n\t\t\t<\/div>Desde nuestros or\u00edgenes en la fabricaci\u00f3n de moldes en 1963 hasta convertirnos en un proveedor multinacional, la historia de TAJO refleja un crecimiento constante. Entre los hitos m\u00e1s destacados se incluyen la introducci\u00f3n de l\u00edneas de inyecci\u00f3n en los a\u00f1os 60, la expansi\u00f3n en los a\u00f1os 90 y 2000, y el enfoque actual en la sostenibilidad y la innovaci\u00f3n.<div class=\"et_pb_module dsm_dual_heading dsm_dual_heading_1 et_animated  et_pb_text_align_center et_pb_bg_layout_light\">\n\t\t\t\t\n\t\t\t\t\n\t\t\t\t\n\t\t\t\t\n\t\t\t\t\n\t\t\t\t\n\t\t\t\t<div class=\"et_pb_module_inner\">\n\t\t\t\t\t<h2 class=\"dsm-dual-heading-main et_pb_module_header\"><span class=\"dsm-dual-heading-before\">Nuestra <\/span><span class=\"dsm-dual-heading-middle\">Historia<\/span><\/h2>\n\t\t\t\t<\/div>\n\t\t\t<\/div><div class=\"et_pb_with_border et_pb_module dsm_content_timeline dsm_content_timeline_0\">\n\t\t\t\t\n\t\t\t\t\n\t\t\t\t\n\t\t\t\t\n\t\t\t\t\n\t\t\t\t\n\t\t\t\t<div class=\"et_pb_module_inner\">\n\t\t\t\t\t<div class=\"dsm-content-timeline-items-wrapper dsm-left\" data-tree-animation=\"on\" data-tree-animation-tablet=\"\" data-tree-animation-phone=\"\" data-image_lightbox=\"off\">\n\t\t\t<div class=\"dsm-content-timeline-tree\">\n\t\t\t\t<div class=\"dsm-content-timeline-tree-progress\"><\/div>\n\t\t\t<\/div>\n\t\t   \n\t\t<\/div>\n\t\t\n\t\t\t\t<\/div>\n\t\t\t<\/div><div class=\"dsm-content-timeline-item-wrapper dsm_content_timeline_child_0\">\n\t\t\t\t<div class=\"dsm-content-timeline-date dsm-desktop\"><span class=\"date\">1963<\/span><\/div>\n\t\t\t\t<div class=\"dsm-content-timeline-content-wrapper dsm_wrapper_dsm_content_timeline_child_0 dsm-visibility\">   \t\t\n\t\t\t\t\t<div class=\"dsm-content-timeline-date dsm-mobile\"><span class=\"date\">1963<\/span><\/div>\n\t\t\t\t\t<div class=\"dsm-image-wrapper\"><div class=\"dsm-image\"><img decoding=\"async\" src=\"https:\/\/tajo.coop\/wp-content\/uploads\/2025\/07\/tajo-group-foundation.webp\" alt=\"\" title=\"tajo-group-foundation\" srcset=\"https:\/\/tajo.coop\/wp-content\/uploads\/2025\/07\/tajo-group-foundation.webp 1605w, https:\/\/tajo.coop\/wp-content\/uploads\/2025\/07\/tajo-group-foundation-1280x1024.webp 1280w, https:\/\/tajo.coop\/wp-content\/uploads\/2025\/07\/tajo-group-foundation-980x784.webp 980w, https:\/\/tajo.coop\/wp-content\/uploads\/2025\/07\/tajo-group-foundation-480x384.webp 480w\" sizes=\"(min-width: 0px) and (max-width: 480px) 480px, (min-width: 481px) and (max-width: 980px) 980px, (min-width: 981px) and (max-width: 1280px) 1280px, (min-width: 1281px) 1605px, 100vw\" \/><\/div><\/div>\n\t\t\t\t\t\n\t\t\t\t\t<div class=\"dsm-timeline-content\">\n\t\t\t\t\t\t\n\t\t\t\t\t\t<div class=\"dsm-description\">TAJO se fund\u00f3 en el Pa\u00eds Vasco (Espa\u00f1a) como fabricante de moldes.<\/div>\n\t\t\t\t\t\t\n\t\t\t\t\t\t\n\t\t\t\t\t<\/div>\t\n\t\t\t\t<\/div>\n\t\t\t\t<div class=\"dsm-pointer-wrapper\">\n\t\t\t\t\t\n\t\t\t\t\t\n\t\t\t\t<\/div>\n\t\t\t<\/div><div class=\"dsm-content-timeline-item-wrapper dsm_content_timeline_child_1\">\n\t\t\t\t<div class=\"dsm-content-timeline-date dsm-desktop\"><span class=\"date\">1966<\/span><\/div>\n\t\t\t\t<div class=\"dsm-content-timeline-content-wrapper dsm_wrapper_dsm_content_timeline_child_1 dsm-visibility\">   \t\t\n\t\t\t\t\t<div class=\"dsm-content-timeline-date dsm-mobile\"><span class=\"date\">1966<\/span><\/div>\n\t\t\t\t\t<div class=\"dsm-image-wrapper\"><div class=\"dsm-image\"><img decoding=\"async\" src=\"https:\/\/tajo.coop\/wp-content\/uploads\/2025\/09\/tajo-group-foundation-1966.webp\" alt=\"\" title=\"tajo-group-foundation-1966\" srcset=\"https:\/\/tajo.coop\/wp-content\/uploads\/2025\/09\/tajo-group-foundation-1966.webp 745w, https:\/\/tajo.coop\/wp-content\/uploads\/2025\/09\/tajo-group-foundation-1966-480x215.webp 480w\" sizes=\"(min-width: 0px) and (max-width: 480px) 480px, (min-width: 481px) 745px, 100vw\" \/><\/div><\/div>\n\t\t\t\t\t\n\t\t\t\t\t<div class=\"dsm-timeline-content\">\n\t\t\t\t\t\t\n\t\t\t\t\t\t<div class=\"dsm-description\">Instalaci\u00f3n de nuestra primera l\u00ednea de moldeo por inyecci\u00f3n.<\/div>\n\t\t\t\t\t\t\n\t\t\t\t\t\t\n\t\t\t\t\t<\/div>\t\n\t\t\t\t<\/div>\n\t\t\t\t<div class=\"dsm-pointer-wrapper\">\n\t\t\t\t\t\n\t\t\t\t\t\n\t\t\t\t<\/div>\n\t\t\t<\/div><div class=\"dsm-content-timeline-item-wrapper dsm_content_timeline_child_2\">\n\t\t\t\t<div class=\"dsm-content-timeline-date dsm-desktop\"><span class=\"date\">90's<\/span><\/div>\n\t\t\t\t<div class=\"dsm-content-timeline-content-wrapper dsm_wrapper_dsm_content_timeline_child_2 dsm-visibility\">   \t\t\n\t\t\t\t\t<div class=\"dsm-content-timeline-date dsm-mobile\"><span class=\"date\">90's<\/span><\/div>\n\t\t\t\t\t<div class=\"dsm-image-wrapper\"><div class=\"dsm-image\"><img decoding=\"async\" src=\"https:\/\/tajo.coop\/wp-content\/uploads\/2025\/09\/tajo-group-global-solutions-technical-components-plastic-injection-automotive-home-applicances-history-VW90s.webp\" alt=\"\" title=\"tajo-group-global-solutions-technical-components-plastic-injection-automotive-home-applicances-history-VW90s\" srcset=\"https:\/\/tajo.coop\/wp-content\/uploads\/2025\/09\/tajo-group-global-solutions-technical-components-plastic-injection-automotive-home-applicances-history-VW90s.webp 800w, https:\/\/tajo.coop\/wp-content\/uploads\/2025\/09\/tajo-group-global-solutions-technical-components-plastic-injection-automotive-home-applicances-history-VW90s-480x320.webp 480w\" sizes=\"(min-width: 0px) and (max-width: 480px) 480px, (min-width: 481px) 800px, 100vw\" \/><\/div><\/div>\n\t\t\t\t\t\n\t\t\t\t\t<div class=\"dsm-timeline-content\">\n\t\t\t\t\t\t\n\t\t\t\t\t\t<div class=\"dsm-description\">Consolidaci\u00f3n como proveedor clave de componentes de automoci\u00f3n moldeados por inyecci\u00f3n en Espa\u00f1a.<\/div>\n\t\t\t\t\t\t\n\t\t\t\t\t\t\n\t\t\t\t\t<\/div>\t\n\t\t\t\t<\/div>\n\t\t\t\t<div class=\"dsm-pointer-wrapper\">\n\t\t\t\t\t\n\t\t\t\t\t\n\t\t\t\t<\/div>\n\t\t\t<\/div><div class=\"dsm-content-timeline-item-wrapper dsm_content_timeline_child_3\">\n\t\t\t\t\n\t\t\t\t<div class=\"dsm-content-timeline-content-wrapper dsm_wrapper_dsm_content_timeline_child_3 dsm-visibility\">   \t\t\n\t\t\t\t\t\n\t\t\t\t\t<div class=\"dsm-image-wrapper\"><div class=\"dsm-image\"><img decoding=\"async\" src=\"\" alt=\"\" title=\"\u00bbTabiPlast148&#8243;\" class=\"et_multi_view_hidden_image\" \/><\/div><\/div>\n\t\t\t\t\t\n\t\t\t\t\t<div class=\"dsm-timeline-content\">\n\t\t\t\t\t\t\n\t\t\t\t\t\t<div class=\"dsm-description\">\u00bbInicio<\/div>\n\t\t\t\t\t\t\n\t\t\t\t\t\t\n\t\t\t\t\t<\/div>\t\n\t\t\t\t<\/div>\n\t\t\t\t<div class=\"dsm-pointer-wrapper\">\n\t\t\t\t\t\n\t\t\t\t\t\n\t\t\t\t<\/div>\n\t\t\t<\/div><\/p>\n","protected":false},"author":1,"featured_media":0,"parent":0,"menu_order":21,"comment_status":"closed","ping_status":"closed","template":"","meta":{"_et_pb_use_builder":"on","_et_pb_old_content":"","_et_gb_content_width":"","footnotes":""},"class_list":["post-3553","page","type-page","status-publish","hentry"],"yoast_head":"<!-- This site is optimized with the Yoast SEO plugin v27.1.1 - https:\/\/yoast.com\/product\/yoast-seo-wordpress\/ -->\n<title>Plastic Injection Molding History | Tajo Group<\/title>\n<meta name=\"description\" content=\"Explore plastic injection molding history from 1963 to today: milestones in innovation, global growth and technology investments by Tajo Group\" \/>\n<meta name=\"robots\" content=\"index, follow, max-snippet:-1, max-image-preview:large, max-video-preview:-1\" \/>\n<link rel=\"canonical\" href=\"https:\/\/tajo.coop\/our-history\/\" \/>\n<meta property=\"og:locale\" content=\"es_ES\" \/>\n<meta property=\"og:type\" content=\"article\" \/>\n<meta property=\"og:title\" content=\"Plastic Injection Molding History | Tajo Group\" \/>\n<meta property=\"og:description\" content=\"Explore plastic injection molding history from 1963 to today: milestones in innovation, global growth and technology investments by Tajo Group\" \/>\n<meta property=\"og:url\" content=\"https:\/\/tajo.coop\/our-history\/\" \/>\n<meta property=\"og:site_name\" content=\"Tajo Group\" \/>\n<meta property=\"article:modified_time\" content=\"2026-02-26T12:04:01+00:00\" \/>\n<meta property=\"og:image\" content=\"https:\/\/tajo.coop\/wp-content\/uploads\/2025\/06\/tajo-group-logo.webp\" \/>\n\t<meta property=\"og:image:width\" content=\"168\" \/>\n\t<meta property=\"og:image:height\" content=\"64\" \/>\n\t<meta property=\"og:image:type\" content=\"image\/webp\" \/>\n<meta name=\"twitter:card\" content=\"summary_large_image\" \/>\n<meta name=\"twitter:label1\" content=\"Tiempo de lectura\" \/>\n\t<meta name=\"twitter:data1\" content=\"3 minutos\" \/>\n<script type=\"application\/ld+json\" class=\"yoast-schema-graph\">{\"@context\":\"https:\/\/schema.org\",\"@graph\":[{\"@type\":\"WebPage\",\"@id\":\"https:\/\/tajo.coop\/our-history\/\",\"url\":\"https:\/\/tajo.coop\/our-history\/\",\"name\":\"Plastic Injection Molding History | Tajo Group\",\"isPartOf\":{\"@id\":\"https:\/\/tajo.coop\/#website\"},\"datePublished\":\"2025-06-05T10:40:39+00:00\",\"dateModified\":\"2026-02-26T12:04:01+00:00\",\"description\":\"Explore plastic injection molding history from 1963 to today: milestones in innovation, global growth and technology investments by Tajo Group\",\"breadcrumb\":{\"@id\":\"https:\/\/tajo.coop\/our-history\/#breadcrumb\"},\"inLanguage\":\"es\",\"potentialAction\":[{\"@type\":\"ReadAction\",\"target\":[\"https:\/\/tajo.coop\/our-history\/\"]}]},{\"@type\":\"BreadcrumbList\",\"@id\":\"https:\/\/tajo.coop\/our-history\/#breadcrumb\",\"itemListElement\":[{\"@type\":\"ListItem\",\"position\":1,\"name\":\"Home\",\"item\":\"https:\/\/tajo.coop\/de\/\"},{\"@type\":\"ListItem\",\"position\":2,\"name\":\"Nuestra Historia\"}]},{\"@type\":\"WebSite\",\"@id\":\"https:\/\/tajo.coop\/#website\",\"url\":\"https:\/\/tajo.coop\/\",\"name\":\"Tajo Group\",\"description\":\"Global solutions for technical components in plastic injection\",\"potentialAction\":[{\"@type\":\"SearchAction\",\"target\":{\"@type\":\"EntryPoint\",\"urlTemplate\":\"https:\/\/tajo.coop\/?s={search_term_string}\"},\"query-input\":{\"@type\":\"PropertyValueSpecification\",\"valueRequired\":true,\"valueName\":\"search_term_string\"}}],\"inLanguage\":\"es\"}]}<\/script>\n<!-- \/ Yoast SEO plugin. -->","yoast_head_json":{"title":"Plastic Injection Molding History | Tajo Group","description":"Explore plastic injection molding history from 1963 to today: milestones in innovation, global growth and technology investments by Tajo Group","robots":{"index":"index","follow":"follow","max-snippet":"max-snippet:-1","max-image-preview":"max-image-preview:large","max-video-preview":"max-video-preview:-1"},"canonical":"https:\/\/tajo.coop\/our-history\/","og_locale":"es_ES","og_type":"article","og_title":"Plastic Injection Molding History | Tajo Group","og_description":"Explore plastic injection molding history from 1963 to today: milestones in innovation, global growth and technology investments by Tajo Group","og_url":"https:\/\/tajo.coop\/our-history\/","og_site_name":"Tajo Group","article_modified_time":"2026-02-26T12:04:01+00:00","og_image":[{"width":168,"height":64,"url":"https:\/\/tajo.coop\/wp-content\/uploads\/2025\/06\/tajo-group-logo.webp","type":"image\/webp"}],"twitter_card":"summary_large_image","twitter_misc":{"Tiempo de lectura":"3 minutos"},"schema":{"@context":"https:\/\/schema.org","@graph":[{"@type":"WebPage","@id":"https:\/\/tajo.coop\/our-history\/","url":"https:\/\/tajo.coop\/our-history\/","name":"Plastic Injection Molding History | Tajo Group","isPartOf":{"@id":"https:\/\/tajo.coop\/#website"},"datePublished":"2025-06-05T10:40:39+00:00","dateModified":"2026-02-26T12:04:01+00:00","description":"Explore plastic injection molding history from 1963 to today: milestones in innovation, global growth and technology investments by Tajo Group","breadcrumb":{"@id":"https:\/\/tajo.coop\/our-history\/#breadcrumb"},"inLanguage":"es","potentialAction":[{"@type":"ReadAction","target":["https:\/\/tajo.coop\/our-history\/"]}]},{"@type":"BreadcrumbList","@id":"https:\/\/tajo.coop\/our-history\/#breadcrumb","itemListElement":[{"@type":"ListItem","position":1,"name":"Home","item":"https:\/\/tajo.coop\/de\/"},{"@type":"ListItem","position":2,"name":"Nuestra Historia"}]},{"@type":"WebSite","@id":"https:\/\/tajo.coop\/#website","url":"https:\/\/tajo.coop\/","name":"Tajo Group","description":"Global solutions for technical components in plastic injection","potentialAction":[{"@type":"SearchAction","target":{"@type":"EntryPoint","urlTemplate":"https:\/\/tajo.coop\/?s={search_term_string}"},"query-input":{"@type":"PropertyValueSpecification","valueRequired":true,"valueName":"search_term_string"}}],"inLanguage":"es"}]}},"_links":{"self":[{"href":"https:\/\/tajo.coop\/es\/wp-json\/wp\/v2\/pages\/3553","targetHints":{"allow":["GET"]}}],"collection":[{"href":"https:\/\/tajo.coop\/es\/wp-json\/wp\/v2\/pages"}],"about":[{"href":"https:\/\/tajo.coop\/es\/wp-json\/wp\/v2\/types\/page"}],"author":[{"embeddable":true,"href":"https:\/\/tajo.coop\/es\/wp-json\/wp\/v2\/users\/1"}],"replies":[{"embeddable":true,"href":"https:\/\/tajo.coop\/es\/wp-json\/wp\/v2\/comments?post=3553"}],"version-history":[{"count":5,"href":"https:\/\/tajo.coop\/es\/wp-json\/wp\/v2\/pages\/3553\/revisions"}],"predecessor-version":[{"id":3558,"href":"https:\/\/tajo.coop\/es\/wp-json\/wp\/v2\/pages\/3553\/revisions\/3558"}],"wp:attachment":[{"href":"https:\/\/tajo.coop\/es\/wp-json\/wp\/v2\/media?parent=3553"}],"curies":[{"name":"wp","href":"https:\/\/api.w.org\/{rel}","templated":true}]}}