{"id":3464,"date":"2025-07-02T11:39:00","date_gmt":"2025-07-02T09:39:00","guid":{"rendered":"https:\/\/tajo.coop\/career\/"},"modified":"2026-02-25T16:09:10","modified_gmt":"2026-02-25T15:09:10","slug":"karriere","status":"publish","type":"page","link":"https:\/\/tajo.coop\/de\/karriere\/","title":{"rendered":"Karriere"},"content":{"rendered":"<p>[et_pb_section fb_built=&#8220;1&#8243; admin_label=&#8220;Section&#8220; _builder_version=&#8220;4.27.4&#8243; _module_preset=&#8220;default&#8220; background_color=&#8220;rgba(26,22,27,0.6)&#8220; background_image=&#8220;https:\/\/tajo.coop\/wp-content\/uploads\/2025\/07\/tajo-group-global-solutions-technical-components-plastic-injection-automotive-home-applicances-TabiPlast072.webp&#8220; background_blend=&#8220;multiply&#8220; min_height=&#8220;100vh&#8220; custom_css_main_element=&#8220;display:flex;||align-items:center;&#8220; global_colors_info=&#8220;{}&#8220;][et_pb_row _builder_version=&#8220;4.27.4&#8243; _module_preset=&#8220;default&#8220; global_colors_info=&#8220;{}&#8220;][et_pb_column type=&#8220;4_4&#8243; _builder_version=&#8220;4.27.4&#8243; _module_preset=&#8220;default&#8220; global_colors_info=&#8220;{}&#8220;][dsm_dual_heading before_text=&#8220;Werden Sie Teil des &#8220; middle_text=&#8220;Tajo&#8220; after_text=&#8220;-Teams&#8220; heading_html_tag=&#8220;h1&#8243; _builder_version=&#8220;4.27.5&#8243; _module_preset=&#8220;default&#8220; header_font=&#8220;||on|on|||||&#8220; middle_text_color=&#8220;#E2001A&#8220; text_orientation=&#8220;center&#8220; background_layout=&#8220;dark&#8220; animation_style=&#8220;fade&#8220; hover_enabled=&#8220;0&#8243; header_font_size_tablet=&#8220;&#8220; header_font_size_phone=&#8220;3.5rem&#8220; header_font_size_last_edited=&#8220;on|phone&#8220; global_colors_info=&#8220;{}&#8220; sticky_enabled=&#8220;0&#8243;][\/dsm_dual_heading][et_pb_button button_url=&#8220;mailto:arodrigues@tajo.coop&#8220; url_new_window=&#8220;on&#8220; button_text=&#8220;LEBENSLAUF JETZT SENDEN&#8220; button_alignment=&#8220;center&#8220; _builder_version=&#8220;4.27.5&#8243; _module_preset=&#8220;default&#8220; hover_enabled=&#8220;0&#8243; global_colors_info=&#8220;{}&#8220; sticky_enabled=&#8220;0&#8243;][\/et_pb_button][et_pb_icon font_icon=&#8220;&#x22;||divi||400&#8243; icon_color=&#8220;#FFFFFF&#8220; icon_width=&#8220;36px&#8220; url=&#8220;#more&#8220; module_class=&#8220;animar-vertical&#8220; _builder_version=&#8220;4.27.4&#8243; _module_preset=&#8220;default&#8220; positioning=&#8220;relative&#8220; vertical_offset=&#8220;20vh&#8220; custom_padding=&#8220;12px|12px|12px|12px|true|true&#8220; border_radii=&#8220;on|50%|50%|50%|50%&#8220; border_width_all=&#8220;1px&#8220; border_color_all=&#8220;#FFFFFF&#8220; global_colors_info=&#8220;{}&#8220;][\/et_pb_icon][\/et_pb_column][\/et_pb_row][\/et_pb_section][et_pb_section fb_built=&#8220;1&#8243; admin_label=&#8220;Section&#8220; module_id=&#8220;more&#8220; _builder_version=&#8220;4.27.4&#8243; _module_preset=&#8220;default&#8220; min_height=&#8220;60vh&#8220; custom_padding=&#8220;0px||0px||true|false&#8220; global_colors_info=&#8220;{}&#8220;][et_pb_row _builder_version=&#8220;4.27.4&#8243; _module_preset=&#8220;default&#8220; global_colors_info=&#8220;{}&#8220;][et_pb_column type=&#8220;4_4&#8243; _builder_version=&#8220;4.27.4&#8243; _module_preset=&#8220;default&#8220; global_colors_info=&#8220;{}&#8220;][dsm_dual_heading before_text=&#8220;IN TAJO &#8220; middle_text=&#8220;SIND WIR&#8220; middle_background_color=&#8220;#E2001A&#8220; _builder_version=&#8220;4.27.5&#8243; _module_preset=&#8220;default&#8220; header_font=&#8220;|||on|||||&#8220; middle_text_color=&#8220;#FFFFFF&#8220; text_orientation=&#8220;center&#8220; custom_margin=&#8220;||||false|false&#8220; animation_style=&#8220;fade&#8220; hover_enabled=&#8220;0&#8243; header_font_size_tablet=&#8220;&#8220; header_font_size_phone=&#8220;2.7rem&#8220; header_font_size_last_edited=&#8220;on|phone&#8220; locked=&#8220;off&#8220; global_colors_info=&#8220;{}&#8220; sticky_enabled=&#8220;0&#8243;][\/dsm_dual_heading][et_pb_divider color=&#8220;#E2001A&#8220; divider_weight=&#8220;6px&#8220; _builder_version=&#8220;4.27.4&#8243; _module_preset=&#8220;default&#8220; width=&#8220;190px&#8220; module_alignment=&#8220;center&#8220; animation_style=&#8220;fold&#8220; animation_direction=&#8220;left&#8220; locked=&#8220;off&#8220; global_colors_info=&#8220;{}&#8220;][\/et_pb_divider][\/et_pb_column][\/et_pb_row][et_pb_row column_structure=&#8220;1_5,1_5,1_5,1_5,1_5&#8243; make_equal=&#8220;on&#8220; _builder_version=&#8220;4.27.4&#8243; _module_preset=&#8220;default&#8220; global_colors_info=&#8220;{}&#8220;][et_pb_column type=&#8220;1_5&#8243; _builder_version=&#8220;4.27.4&#8243; _module_preset=&#8220;default&#8220; animation_style=&#8220;slide&#8220; animation_direction=&#8220;bottom&#8220; animation_intensity_slide=&#8220;10%&#8220; global_colors_info=&#8220;{}&#8220;][et_pb_blurb title=&#8220;Lokal&#8220; use_icon=&#8220;on&#8220; font_icon=&#8220;&#xf024;||fa||900&#8243; icon_color=&#8220;#1A161B&#8220; image_icon_width=&#8220;92px&#8220; _builder_version=&#8220;4.27.5&#8243; _module_preset=&#8220;default&#8220; header_level=&#8220;h3&#8243; header_font=&#8220;|||on|||||&#8220; header_text_align=&#8220;center&#8220; header_text_color=&#8220;#1A161B&#8220; text_orientation=&#8220;center&#8220; hover_enabled=&#8220;0&#8243; global_colors_info=&#8220;{}&#8220; sticky_enabled=&#8220;0&#8243;]Wir achten auf das, was uns geh\u00f6rt. Wir sprechen Baskisch, wir f\u00f6rdern unsere Kultur, wir unterst\u00fctzen soziale Projekte in unserer Umgebung.[\/et_pb_blurb][\/et_pb_column][et_pb_column type=&#8220;1_5&#8243; _builder_version=&#8220;4.27.4&#8243; _module_preset=&#8220;default&#8220; animation_style=&#8220;slide&#8220; animation_direction=&#8220;bottom&#8220; animation_intensity_slide=&#8220;10%&#8220; global_colors_info=&#8220;{}&#8220;][et_pb_blurb title=&#8220;Weltweit&#8220; use_icon=&#8220;on&#8220; font_icon=&#8220;&#xf57c;||fa||900&#8243; icon_color=&#8220;#1A161B&#8220; image_icon_width=&#8220;92px&#8220; _builder_version=&#8220;4.27.5&#8243; _module_preset=&#8220;default&#8220; header_level=&#8220;h3&#8243; header_font=&#8220;|||on|||||&#8220; header_text_align=&#8220;center&#8220; header_text_color=&#8220;#1A161B&#8220; text_orientation=&#8220;center&#8220; hover_enabled=&#8220;0&#8243; global_colors_info=&#8220;{}&#8220; sticky_enabled=&#8220;0&#8243;]Spanien, Polen, Tschechien, China\u2026 Unsere Pr\u00e4senz ist wirklich global![\/et_pb_blurb][\/et_pb_column][et_pb_column type=&#8220;1_5&#8243; _builder_version=&#8220;4.27.4&#8243; _module_preset=&#8220;default&#8220; animation_style=&#8220;slide&#8220; animation_direction=&#8220;bottom&#8220; animation_intensity_slide=&#8220;10%&#8220; global_colors_info=&#8220;{}&#8220;][et_pb_blurb title=&#8220;Flexible&#8220; use_icon=&#8220;on&#8220; font_icon=&#8220;&#xf4be;||fa||900&#8243; icon_color=&#8220;#1A161B&#8220; image_icon_width=&#8220;92px&#8220; _builder_version=&#8220;4.27.5&#8243; _module_preset=&#8220;default&#8220; header_level=&#8220;h3&#8243; header_font=&#8220;|||on|||||&#8220; header_text_align=&#8220;center&#8220; header_text_color=&#8220;#1A161B&#8220; text_orientation=&#8220;center&#8220; hover_enabled=&#8220;0&#8243; global_colors_info=&#8220;{}&#8220; sticky_enabled=&#8220;0&#8243;]Wir suchen das Gemeinwohl. Uns liegen die Work-Life-Balance, das Wohlbefinden und die Gesundheit der Menschen am Herzen.[\/et_pb_blurb][\/et_pb_column][et_pb_column type=&#8220;1_5&#8243; _builder_version=&#8220;4.27.4&#8243; _module_preset=&#8220;default&#8220; animation_style=&#8220;slide&#8220; animation_direction=&#8220;bottom&#8220; animation_intensity_slide=&#8220;10%&#8220; global_colors_info=&#8220;{}&#8220;][et_pb_blurb title=&#8220;Berufliche Weiterbildung&#8220; use_icon=&#8220;on&#8220; font_icon=&#8220;&#xf135;||fa||900&#8243; icon_color=&#8220;#1A161B&#8220; image_icon_width=&#8220;92px&#8220; _builder_version=&#8220;4.27.5&#8243; _module_preset=&#8220;default&#8220; header_level=&#8220;h3&#8243; header_font=&#8220;|||on|||||&#8220; header_text_align=&#8220;center&#8220; header_text_color=&#8220;#1A161B&#8220; text_orientation=&#8220;center&#8220; hover_enabled=&#8220;0&#8243; global_colors_info=&#8220;{}&#8220; sticky_enabled=&#8220;0&#8243;]Kreieren, teilen, wachsen, tr\u00e4umen, f\u00fchren\u2026 Tun Sie es mit TAJO![\/et_pb_blurb][\/et_pb_column][et_pb_column type=&#8220;1_5&#8243; _builder_version=&#8220;4.27.4&#8243; _module_preset=&#8220;default&#8220; animation_style=&#8220;slide&#8220; animation_direction=&#8220;bottom&#8220; animation_intensity_slide=&#8220;10%&#8220; global_colors_info=&#8220;{}&#8220;][et_pb_blurb title=&#8220;Kontinuierliche Weiterbildung&#8220; use_icon=&#8220;on&#8220; font_icon=&#8220;&#xf0c0;||fa||900&#8243; icon_color=&#8220;#1A161B&#8220; image_icon_width=&#8220;92px&#8220; _builder_version=&#8220;4.27.5&#8243; _module_preset=&#8220;default&#8220; header_level=&#8220;h3&#8243; header_font=&#8220;|||on|||||&#8220; header_text_align=&#8220;center&#8220; header_text_color=&#8220;#1A161B&#8220; text_orientation=&#8220;center&#8220; hover_enabled=&#8220;0&#8243; global_colors_info=&#8220;{}&#8220; sticky_enabled=&#8220;0&#8243;]Wir investieren in kontinuierliche Weiterbildung, da wir uns bewusst sind, dass aktuelle Kenntnisse eine unserer wichtigsten Aktiva ist, um wettbewerbsf\u00e4hig zu bleiben und uns an neue Umgebungen anzupassen.[\/et_pb_blurb][\/et_pb_column][\/et_pb_row][et_pb_row _builder_version=&#8220;4.27.4&#8243; _module_preset=&#8220;default&#8220; global_colors_info=&#8220;{}&#8220;][et_pb_column type=&#8220;4_4&#8243; _builder_version=&#8220;4.27.4&#8243; _module_preset=&#8220;default&#8220; global_colors_info=&#8220;{}&#8220;][dsm_dual_heading before_text=&#8220;TAJO &#8220; middle_text=&#8220;AN IHRER SEITE&#8220; middle_background_color=&#8220;#E2001A&#8220; _builder_version=&#8220;4.27.5&#8243; _module_preset=&#8220;default&#8220; header_font=&#8220;|||on|||||&#8220; middle_text_color=&#8220;#FFFFFF&#8220; text_orientation=&#8220;center&#8220; custom_margin=&#8220;||||false|false&#8220; animation_style=&#8220;fade&#8220; hover_enabled=&#8220;0&#8243; header_font_size_tablet=&#8220;&#8220; header_font_size_phone=&#8220;2.7rem&#8220; header_font_size_last_edited=&#8220;on|phone&#8220; locked=&#8220;off&#8220; global_colors_info=&#8220;{}&#8220; sticky_enabled=&#8220;0&#8243;][\/dsm_dual_heading][et_pb_divider color=&#8220;#E2001A&#8220; divider_weight=&#8220;6px&#8220; _builder_version=&#8220;4.27.4&#8243; _module_preset=&#8220;default&#8220; width=&#8220;190px&#8220; module_alignment=&#8220;center&#8220; animation_style=&#8220;fold&#8220; animation_direction=&#8220;left&#8220; locked=&#8220;off&#8220; global_colors_info=&#8220;{}&#8220;][\/et_pb_divider][\/et_pb_column][\/et_pb_row][et_pb_row column_structure=&#8220;1_2,1_2&#8243; use_custom_gutter=&#8220;on&#8220; gutter_width=&#8220;1&#8243; make_equal=&#8220;on&#8220; _builder_version=&#8220;4.27.4&#8243; _module_preset=&#8220;default&#8220; width=&#8220;100%&#8220; custom_padding=&#8220;0px||0px||true|false&#8220; border_color_all=&#8220;#FFFFFF&#8220; locked=&#8220;off&#8220; global_colors_info=&#8220;{}&#8220;][et_pb_column type=&#8220;1_2&#8243; _builder_version=&#8220;4.27.4&#8243; _module_preset=&#8220;default&#8220; animation_style=&#8220;fade&#8220; animation_direction=&#8220;bottom&#8220; border_width_all=&#8220;6px&#8220; border_color_all=&#8220;#FFFFFF&#8220; global_colors_info=&#8220;{}&#8220;][et_pb_heading title=&#8220;STUDENTEN&#8220; _builder_version=&#8220;4.27.5&#8243; _module_preset=&#8220;default&#8220; title_level=&#8220;h2&#8243; title_font=&#8220;|||on|||||&#8220; title_text_align=&#8220;center&#8220; title_text_color=&#8220;#FFFFFF&#8220; title_font_size=&#8220;2rem&#8220; background_color=&#8220;#E2001A&#8220; width=&#8220;100%&#8220; module_alignment=&#8220;center&#8220; custom_margin=&#8220;||0px||false|false&#8220; hover_enabled=&#8220;0&#8243; global_colors_info=&#8220;{}&#8220; sticky_enabled=&#8220;0&#8243;][\/et_pb_heading][et_pb_image src=&#8220;https:\/\/tajo.coop\/wp-content\/uploads\/2025\/06\/tajo-group-global-solutions-technical-components-plastic-injection-automotive-home-applicances-TajoPolska072.webp&#8220; title_text=&#8220;tajo-group-global-solutions-technical-components-plastic-injection-automotive-home-applicances-TajoPolska072&#8243; _builder_version=&#8220;4.27.4&#8243; _module_preset=&#8220;default&#8220; global_colors_info=&#8220;{}&#8220;][\/et_pb_image][\/et_pb_column][et_pb_column type=&#8220;1_2&#8243; _builder_version=&#8220;4.27.4&#8243; _module_preset=&#8220;default&#8220; animation_style=&#8220;fade&#8220; animation_direction=&#8220;bottom&#8220; animation_delay=&#8220;300ms&#8220; border_width_all=&#8220;6px&#8220; border_color_all=&#8220;#FFFFFF&#8220; global_colors_info=&#8220;{}&#8220;][et_pb_heading title=&#8220; FACHKR\u00c4FTE&#8220; _builder_version=&#8220;4.27.5&#8243; _module_preset=&#8220;default&#8220; title_level=&#8220;h2&#8243; title_font=&#8220;|||on|||||&#8220; title_text_align=&#8220;center&#8220; title_text_color=&#8220;#FFFFFF&#8220; title_font_size=&#8220;2rem&#8220; background_color=&#8220;#E2001A&#8220; width=&#8220;100%&#8220; module_alignment=&#8220;center&#8220; custom_margin=&#8220;||0px||false|false&#8220; hover_enabled=&#8220;0&#8243; global_colors_info=&#8220;{}&#8220; sticky_enabled=&#8220;0&#8243;][\/et_pb_heading][et_pb_image src=&#8220;https:\/\/tajo.coop\/wp-content\/uploads\/2025\/06\/tajo-group-global-solutions-technical-components-plastic-injection-automotive-home-applicances-TabiPlast096.webp&#8220; title_text=&#8220;tajo-group-global-solutions-technical-components-plastic-injection-automotive-home-applicances-TabiPlast096&#8243; _builder_version=&#8220;4.27.4&#8243; _module_preset=&#8220;default&#8220; global_colors_info=&#8220;{}&#8220;][\/et_pb_image][\/et_pb_column][\/et_pb_row][et_pb_row _builder_version=&#8220;4.27.4&#8243; _module_preset=&#8220;default&#8220; global_colors_info=&#8220;{}&#8220;][et_pb_column type=&#8220;4_4&#8243; _builder_version=&#8220;4.27.4&#8243; _module_preset=&#8220;default&#8220; global_colors_info=&#8220;{}&#8220;][et_pb_button button_url=&#8220;mailto:arodrigues@tajo.coop&#8220; url_new_window=&#8220;on&#8220; button_text=&#8220;LEBENSLAUF JETZT SENDEN&#8220; button_alignment=&#8220;center&#8220; _builder_version=&#8220;4.27.5&#8243; _module_preset=&#8220;default&#8220; hover_enabled=&#8220;0&#8243; global_colors_info=&#8220;{}&#8220; sticky_enabled=&#8220;0&#8243;][\/et_pb_button][\/et_pb_column][\/et_pb_row][\/et_pb_section]<\/p>\n","protected":false},"excerpt":{"rendered":"<p><div class=\"et_pb_module dsm_dual_heading dsm_dual_heading_0 et_animated  et_pb_text_align_center et_pb_bg_layout_dark\">\n\t\t\t\t\n\t\t\t\t\n\t\t\t\t\n\t\t\t\t\n\t\t\t\t\n\t\t\t\t\n\t\t\t\t<div class=\"et_pb_module_inner\">\n\t\t\t\t\t<h1 class=\"dsm-dual-heading-main et_pb_module_header\"><span class=\"dsm-dual-heading-before\">Werden Sie Teil des <\/span><span class=\"dsm-dual-heading-middle\">Tajo<\/span><span class=\"dsm-dual-heading-after\">-Teams<\/span><\/h1>\n\t\t\t\t<\/div>\n\t\t\t<\/div><div class=\"et_pb_module dsm_dual_heading dsm_dual_heading_1 et_animated  et_pb_text_align_center et_pb_bg_layout_light\">\n\t\t\t\t\n\t\t\t\t\n\t\t\t\t\n\t\t\t\t\n\t\t\t\t\n\t\t\t\t\n\t\t\t\t<div class=\"et_pb_module_inner\">\n\t\t\t\t\t<h2 class=\"dsm-dual-heading-main et_pb_module_header\"><span class=\"dsm-dual-heading-before\">IN TAJO <\/span><span class=\"dsm-dual-heading-middle\">SIND WIR<\/span><\/h2>\n\t\t\t\t<\/div>\n\t\t\t<\/div>Wir achten auf das, was uns geh\u00f6rt. Wir sprechen Baskisch, wir f\u00f6rdern unsere Kultur, wir unterst\u00fctzen soziale Projekte in unserer Umgebung.Spanien, Polen, Tschechien, China\u2026 Unsere Pr\u00e4senz ist wirklich global!Wir suchen das Gemeinwohl. Uns liegen die Work-Life-Balance, das Wohlbefinden und die Gesundheit der Menschen am Herzen.Kreieren, teilen, wachsen, tr\u00e4umen, f\u00fchren\u2026 Tun Sie es mit TAJO!Wir investieren in kontinuierliche Weiterbildung, da wir uns bewusst sind, dass aktuelle Kenntnisse eine unserer wichtigsten Aktiva ist, um wettbewerbsf\u00e4hig zu bleiben und uns an neue Umgebungen anzupassen.<div class=\"et_pb_module dsm_dual_heading dsm_dual_heading_2 et_animated  et_pb_text_align_center et_pb_bg_layout_light\">\n\t\t\t\t\n\t\t\t\t\n\t\t\t\t\n\t\t\t\t\n\t\t\t\t\n\t\t\t\t\n\t\t\t\t<div class=\"et_pb_module_inner\">\n\t\t\t\t\t<h2 class=\"dsm-dual-heading-main et_pb_module_header\"><span class=\"dsm-dual-heading-before\">TAJO <\/span><span class=\"dsm-dual-heading-middle\">AN IHRER SEITE<\/span><\/h2>\n\t\t\t\t<\/div>\n\t\t\t<\/div><\/p>\n","protected":false},"author":1,"featured_media":0,"parent":0,"menu_order":40,"comment_status":"closed","ping_status":"closed","template":"","meta":{"_et_pb_use_builder":"on","_et_pb_old_content":"","_et_gb_content_width":"","footnotes":""},"class_list":["post-3464","page","type-page","status-publish","hentry"],"yoast_head":"<!-- This site is optimized with the Yoast SEO plugin v27.1.1 - https:\/\/yoast.com\/product\/yoast-seo-wordpress\/ -->\n<title>Jobs at Tajo Group | Work With Us<\/title>\n<meta name=\"description\" content=\"Jobs at Tajo Group: discover career opportunities, continuous training and global growth for students and professionals.\" \/>\n<meta name=\"robots\" content=\"index, follow, max-snippet:-1, max-image-preview:large, max-video-preview:-1\" \/>\n<link rel=\"canonical\" href=\"https:\/\/tajo.coop\/career\/\" \/>\n<meta property=\"og:locale\" content=\"de_DE\" \/>\n<meta property=\"og:type\" content=\"article\" \/>\n<meta property=\"og:title\" content=\"Jobs at Tajo Group | Work With Us\" \/>\n<meta property=\"og:description\" content=\"Jobs at Tajo Group: discover career opportunities, continuous training and global growth for students and professionals.\" \/>\n<meta property=\"og:url\" content=\"https:\/\/tajo.coop\/career\/\" \/>\n<meta property=\"og:site_name\" content=\"Tajo Group\" \/>\n<meta property=\"article:modified_time\" content=\"2026-02-25T15:09:10+00:00\" \/>\n<meta property=\"og:image\" content=\"https:\/\/tajo.coop\/wp-content\/uploads\/2025\/06\/tajo-group-logo.webp\" \/>\n\t<meta property=\"og:image:width\" content=\"168\" \/>\n\t<meta property=\"og:image:height\" content=\"64\" \/>\n\t<meta property=\"og:image:type\" content=\"image\/webp\" \/>\n<meta name=\"twitter:card\" content=\"summary_large_image\" \/>\n<meta name=\"twitter:label1\" content=\"Gesch\u00e4tzte Lesezeit\" \/>\n\t<meta name=\"twitter:data1\" content=\"1\u00a0Minute\" \/>\n<script type=\"application\/ld+json\" class=\"yoast-schema-graph\">{\"@context\":\"https:\/\/schema.org\",\"@graph\":[{\"@type\":\"WebPage\",\"@id\":\"https:\/\/tajo.coop\/career\/\",\"url\":\"https:\/\/tajo.coop\/career\/\",\"name\":\"Jobs at Tajo Group | Work With Us\",\"isPartOf\":{\"@id\":\"https:\/\/tajo.coop\/#website\"},\"datePublished\":\"2025-07-02T09:39:00+00:00\",\"dateModified\":\"2026-02-25T15:09:10+00:00\",\"description\":\"Jobs at Tajo Group: discover career opportunities, continuous training and global growth for students and professionals.\",\"breadcrumb\":{\"@id\":\"https:\/\/tajo.coop\/career\/#breadcrumb\"},\"inLanguage\":\"de\",\"potentialAction\":[{\"@type\":\"ReadAction\",\"target\":[\"https:\/\/tajo.coop\/career\/\"]}]},{\"@type\":\"BreadcrumbList\",\"@id\":\"https:\/\/tajo.coop\/career\/#breadcrumb\",\"itemListElement\":[{\"@type\":\"ListItem\",\"position\":1,\"name\":\"Home\",\"item\":\"https:\/\/tajo.coop\/\"},{\"@type\":\"ListItem\",\"position\":2,\"name\":\"Karriere\"}]},{\"@type\":\"WebSite\",\"@id\":\"https:\/\/tajo.coop\/#website\",\"url\":\"https:\/\/tajo.coop\/\",\"name\":\"Tajo Group\",\"description\":\"Global solutions for technical components in plastic injection\",\"potentialAction\":[{\"@type\":\"SearchAction\",\"target\":{\"@type\":\"EntryPoint\",\"urlTemplate\":\"https:\/\/tajo.coop\/?s={search_term_string}\"},\"query-input\":{\"@type\":\"PropertyValueSpecification\",\"valueRequired\":true,\"valueName\":\"search_term_string\"}}],\"inLanguage\":\"de\"}]}<\/script>\n<!-- \/ Yoast SEO plugin. -->","yoast_head_json":{"title":"Jobs at Tajo Group | Work With Us","description":"Jobs at Tajo Group: discover career opportunities, continuous training and global growth for students and professionals.","robots":{"index":"index","follow":"follow","max-snippet":"max-snippet:-1","max-image-preview":"max-image-preview:large","max-video-preview":"max-video-preview:-1"},"canonical":"https:\/\/tajo.coop\/career\/","og_locale":"de_DE","og_type":"article","og_title":"Jobs at Tajo Group | Work With Us","og_description":"Jobs at Tajo Group: discover career opportunities, continuous training and global growth for students and professionals.","og_url":"https:\/\/tajo.coop\/career\/","og_site_name":"Tajo Group","article_modified_time":"2026-02-25T15:09:10+00:00","og_image":[{"width":168,"height":64,"url":"https:\/\/tajo.coop\/wp-content\/uploads\/2025\/06\/tajo-group-logo.webp","type":"image\/webp"}],"twitter_card":"summary_large_image","twitter_misc":{"Gesch\u00e4tzte Lesezeit":"1\u00a0Minute"},"schema":{"@context":"https:\/\/schema.org","@graph":[{"@type":"WebPage","@id":"https:\/\/tajo.coop\/career\/","url":"https:\/\/tajo.coop\/career\/","name":"Jobs at Tajo Group | Work With Us","isPartOf":{"@id":"https:\/\/tajo.coop\/#website"},"datePublished":"2025-07-02T09:39:00+00:00","dateModified":"2026-02-25T15:09:10+00:00","description":"Jobs at Tajo Group: discover career opportunities, continuous training and global growth for students and professionals.","breadcrumb":{"@id":"https:\/\/tajo.coop\/career\/#breadcrumb"},"inLanguage":"de","potentialAction":[{"@type":"ReadAction","target":["https:\/\/tajo.coop\/career\/"]}]},{"@type":"BreadcrumbList","@id":"https:\/\/tajo.coop\/career\/#breadcrumb","itemListElement":[{"@type":"ListItem","position":1,"name":"Home","item":"https:\/\/tajo.coop\/"},{"@type":"ListItem","position":2,"name":"Karriere"}]},{"@type":"WebSite","@id":"https:\/\/tajo.coop\/#website","url":"https:\/\/tajo.coop\/","name":"Tajo Group","description":"Global solutions for technical components in plastic injection","potentialAction":[{"@type":"SearchAction","target":{"@type":"EntryPoint","urlTemplate":"https:\/\/tajo.coop\/?s={search_term_string}"},"query-input":{"@type":"PropertyValueSpecification","valueRequired":true,"valueName":"search_term_string"}}],"inLanguage":"de"}]}},"_links":{"self":[{"href":"https:\/\/tajo.coop\/de\/wp-json\/wp\/v2\/pages\/3464","targetHints":{"allow":["GET"]}}],"collection":[{"href":"https:\/\/tajo.coop\/de\/wp-json\/wp\/v2\/pages"}],"about":[{"href":"https:\/\/tajo.coop\/de\/wp-json\/wp\/v2\/types\/page"}],"author":[{"embeddable":true,"href":"https:\/\/tajo.coop\/de\/wp-json\/wp\/v2\/users\/1"}],"replies":[{"embeddable":true,"href":"https:\/\/tajo.coop\/de\/wp-json\/wp\/v2\/comments?post=3464"}],"version-history":[{"count":3,"href":"https:\/\/tajo.coop\/de\/wp-json\/wp\/v2\/pages\/3464\/revisions"}],"predecessor-version":[{"id":3467,"href":"https:\/\/tajo.coop\/de\/wp-json\/wp\/v2\/pages\/3464\/revisions\/3467"}],"wp:attachment":[{"href":"https:\/\/tajo.coop\/de\/wp-json\/wp\/v2\/media?parent=3464"}],"curies":[{"name":"wp","href":"https:\/\/api.w.org\/{rel}","templated":true}]}}