{"id":3403,"date":"2025-09-24T12:41:20","date_gmt":"2025-09-24T10:41:20","guid":{"rendered":"https:\/\/tajo.coop\/mission-vision\/"},"modified":"2026-02-25T12:02:55","modified_gmt":"2026-02-25T11:02:55","slug":"mission-vision","status":"publish","type":"page","link":"https:\/\/tajo.coop\/de\/mission-vision\/","title":{"rendered":"UNSERE Mission &#038; Vision"},"content":{"rendered":"<p>[et_pb_section fb_built=&#8220;1&#8243; admin_label=&#8220;Section&#8220; _builder_version=&#8220;4.27.4&#8243; _module_preset=&#8220;default&#8220; background_color=&#8220;rgba(26,22,27,0.7)&#8220; background_image=&#8220;https:\/\/tajo.coop\/wp-content\/uploads\/2025\/06\/tajo-group-global-solutions-technical-components-plastic-injection-automotive-home-applicances-TabiPlast082.webp&#8220; background_blend=&#8220;multiply&#8220; min_height=&#8220;100vh&#8220; custom_css_main_element=&#8220;align-items: center;||  display: grid;&#8220; global_colors_info=&#8220;{}&#8220;][et_pb_row _builder_version=&#8220;4.27.4&#8243; _module_preset=&#8220;default&#8220; global_colors_info=&#8220;{}&#8220;][et_pb_column type=&#8220;4_4&#8243; _builder_version=&#8220;4.27.4&#8243; _module_preset=&#8220;default&#8220; global_colors_info=&#8220;{}&#8220;][dsm_dual_heading before_text=&#8220;UNSERE &#8220; middle_text=&#8220;Mission &#038; Vision&#8220; heading_html_tag=&#8220;h1&#8243; _builder_version=&#8220;4.27.5&#8243; _module_preset=&#8220;default&#8220; header_font=&#8220;||on|on|||||&#8220; middle_text_color=&#8220;#E2001A&#8220; text_orientation=&#8220;center&#8220; background_layout=&#8220;dark&#8220; hover_enabled=&#8220;0&#8243; header_font_size_tablet=&#8220;&#8220; header_font_size_phone=&#8220;3.5rem&#8220; header_font_size_last_edited=&#8220;on|phone&#8220; global_colors_info=&#8220;{}&#8220; sticky_enabled=&#8220;0&#8243;][\/dsm_dual_heading][et_pb_icon font_icon=&#8220;&#x22;||divi||400&#8243; icon_color=&#8220;#FFFFFF&#8220; icon_width=&#8220;36px&#8220; url=&#8220;#more&#8220; module_class=&#8220;animar-vertical&#8220; _builder_version=&#8220;4.27.4&#8243; _module_preset=&#8220;default&#8220; positioning=&#8220;relative&#8220; vertical_offset=&#8220;20vh&#8220; custom_padding=&#8220;12px|12px|12px|12px|true|true&#8220; border_radii=&#8220;on|50%|50%|50%|50%&#8220; border_width_all=&#8220;1px&#8220; border_color_all=&#8220;#FFFFFF&#8220; global_colors_info=&#8220;{}&#8220;][\/et_pb_icon][\/et_pb_column][\/et_pb_row][\/et_pb_section][et_pb_section fb_built=&#8220;1&#8243; admin_label=&#8220;Section&#8220; module_id=&#8220;more&#8220; _builder_version=&#8220;4.27.4&#8243; _module_preset=&#8220;default&#8220; min_height=&#8220;60vh&#8220; custom_css_main_element=&#8220;display:flex;||align-items:center;&#8220; global_colors_info=&#8220;{}&#8220;][et_pb_row _builder_version=&#8220;4.27.4&#8243; _module_preset=&#8220;default&#8220; global_colors_info=&#8220;{}&#8220;][et_pb_column type=&#8220;4_4&#8243; _builder_version=&#8220;4.27.4&#8243; _module_preset=&#8220;default&#8220; global_colors_info=&#8220;{}&#8220;][dsm_dual_heading before_text=&#8220;Unsere &#8220; middle_text=&#8220;MISSION&#8220; middle_background_color=&#8220;#E2001A&#8220; _builder_version=&#8220;4.27.5&#8243; _module_preset=&#8220;default&#8220; header_font=&#8220;|||on|||||&#8220; middle_text_color=&#8220;#FFFFFF&#8220; text_orientation=&#8220;center&#8220; custom_margin=&#8220;||0px||false|false&#8220; animation_style=&#8220;fade&#8220; hover_enabled=&#8220;0&#8243; header_font_size_tablet=&#8220;&#8220; header_font_size_phone=&#8220;2.7rem&#8220; header_font_size_last_edited=&#8220;on|phone&#8220; locked=&#8220;off&#8220; global_colors_info=&#8220;{}&#8220; sticky_enabled=&#8220;0&#8243;][\/dsm_dual_heading][et_pb_divider color=&#8220;#E2001A&#8220; divider_weight=&#8220;6px&#8220; _builder_version=&#8220;4.27.4&#8243; _module_preset=&#8220;default&#8220; width=&#8220;190px&#8220; module_alignment=&#8220;center&#8220; animation_style=&#8220;fold&#8220; animation_direction=&#8220;left&#8220; locked=&#8220;off&#8220; global_colors_info=&#8220;{}&#8220;][\/et_pb_divider][et_pb_text _builder_version=&#8220;4.27.5&#8243; _module_preset=&#8220;default&#8220; text_font_size=&#8220;1.3rem&#8220; header_2_font=&#8220;|||on|||||&#8220; header_2_text_align=&#8220;center&#8220; header_3_font=&#8220;|||on|||||&#8220; header_3_text_align=&#8220;center&#8220; header_3_font_size=&#8220;1.5rem&#8220; text_orientation=&#8220;center&#8220; max_width=&#8220;820px&#8220; module_alignment=&#8220;center&#8220; custom_margin=&#8220;||4%||false|false&#8220; hover_enabled=&#8220;0&#8243; global_colors_info=&#8220;{}&#8220; sticky_enabled=&#8220;0&#8243;]<\/p>\n<p>Wir sind ein <strong>wettbewerbsf\u00e4higer Industriekonzern<\/strong>, der in die Mondrag\u00f3n Corporation<strong> integriert ist und sich auf die Projektentwicklung und die Herstellung von Kunststoffteilen<\/strong> und Baugruppen f\u00fcr den Haushaltsger\u00e4te- und Automobilsektor spezialisiert hat. Im Hinblick auf <strong>Entwicklung, Qualit\u00e4t und Service<\/strong> sind wir ein Ma\u00dfstab f\u00fcr unsere Kunden. Gleichzeitig f\u00f6rdern wir die F\u00e4higkeiten, das Engagement und die Weiterentwicklung unserer Mitarbeiter.<\/p>\n<p>[\/et_pb_text][\/et_pb_column][\/et_pb_row][\/et_pb_section][et_pb_section fb_built=&#8220;1&#8243; admin_label=&#8220;Section&#8220; _builder_version=&#8220;4.27.4&#8243; _module_preset=&#8220;default&#8220; background_color=&#8220;rgba(26,22,27,0.8)&#8220; background_image=&#8220;https:\/\/tajo.coop\/wp-content\/uploads\/2025\/06\/tajo-group-global-solutions-technical-components-plastic-injection-automotive-home-applicances-TabiPlast060.webp&#8220; background_blend=&#8220;multiply&#8220; min_height=&#8220;100vh&#8220; custom_css_main_element=&#8220;align-items: center;||  display: grid;&#8220; global_colors_info=&#8220;{}&#8220;][et_pb_row _builder_version=&#8220;4.27.4&#8243; _module_preset=&#8220;default&#8220; global_colors_info=&#8220;{}&#8220;][et_pb_column type=&#8220;4_4&#8243; _builder_version=&#8220;4.27.4&#8243; _module_preset=&#8220;default&#8220; global_colors_info=&#8220;{}&#8220;][dsm_dual_heading before_text=&#8220;Unsere &#8220; middle_text=&#8220;Vision&#8220; middle_background_color=&#8220;#E2001A&#8220; _builder_version=&#8220;4.27.5&#8243; _module_preset=&#8220;default&#8220; header_font=&#8220;|||on|||||&#8220; middle_text_color=&#8220;#FFFFFF&#8220; text_orientation=&#8220;center&#8220; background_layout=&#8220;dark&#8220; animation_style=&#8220;fade&#8220; hover_enabled=&#8220;0&#8243; header_font_size_tablet=&#8220;&#8220; header_font_size_phone=&#8220;2.7rem&#8220; header_font_size_last_edited=&#8220;on|phone&#8220; global_colors_info=&#8220;{}&#8220; sticky_enabled=&#8220;0&#8243;][\/dsm_dual_heading][et_pb_divider color=&#8220;#E2001A&#8220; divider_weight=&#8220;6px&#8220; _builder_version=&#8220;4.27.4&#8243; _module_preset=&#8220;default&#8220; width=&#8220;190px&#8220; module_alignment=&#8220;center&#8220; animation_style=&#8220;fold&#8220; animation_direction=&#8220;left&#8220; locked=&#8220;off&#8220; global_colors_info=&#8220;{}&#8220;][\/et_pb_divider][et_pb_text _builder_version=&#8220;4.27.5&#8243; _module_preset=&#8220;default&#8220; text_font_size=&#8220;1.3rem&#8220; header_2_font=&#8220;|||on|||||&#8220; header_2_text_align=&#8220;center&#8220; header_3_font=&#8220;|||on|||||&#8220; header_3_text_align=&#8220;center&#8220; header_3_font_size=&#8220;1.5rem&#8220; text_orientation=&#8220;center&#8220; background_layout=&#8220;dark&#8220; max_width=&#8220;760px&#8220; module_alignment=&#8220;center&#8220; animation_style=&#8220;fade&#8220; hover_enabled=&#8220;0&#8243; global_colors_info=&#8220;{}&#8220; sticky_enabled=&#8220;0&#8243;]<\/p>\n<p>Ein<strong> agiles Unternehmen mit hohen Standards in Bezug auf Management<\/strong> zu sein, dessen engagierte Mitarbeiter <strong>sich der effektiven und rentablen Erf\u00fcllung der Bed\u00fcrfnisse unserer Kunden widmen<\/strong>.<\/p>\n<p>[\/et_pb_text][\/et_pb_column][\/et_pb_row][\/et_pb_section]<\/p>\n","protected":false},"excerpt":{"rendered":"<p><div class=\"et_pb_module dsm_dual_heading dsm_dual_heading_0  et_pb_text_align_center et_pb_bg_layout_dark\">\n\t\t\t\t\n\t\t\t\t\n\t\t\t\t\n\t\t\t\t\n\t\t\t\t\n\t\t\t\t\n\t\t\t\t<div class=\"et_pb_module_inner\">\n\t\t\t\t\t<h1 class=\"dsm-dual-heading-main et_pb_module_header\"><span class=\"dsm-dual-heading-before\">UNSERE <\/span><span class=\"dsm-dual-heading-middle\">Mission &#038; Vision<\/span><\/h1>\n\t\t\t\t<\/div>\n\t\t\t<\/div><div class=\"et_pb_module dsm_dual_heading dsm_dual_heading_1 et_animated  et_pb_text_align_center et_pb_bg_layout_light\">\n\t\t\t\t\n\t\t\t\t\n\t\t\t\t\n\t\t\t\t\n\t\t\t\t\n\t\t\t\t\n\t\t\t\t<div class=\"et_pb_module_inner\">\n\t\t\t\t\t<h2 class=\"dsm-dual-heading-main et_pb_module_header\"><span class=\"dsm-dual-heading-before\">Unsere <\/span><span class=\"dsm-dual-heading-middle\">MISSION<\/span><\/h2>\n\t\t\t\t<\/div>\n\t\t\t<\/div>Wir sind ein wettbewerbsf\u00e4higer Industriekonzern, der in die Mondrag\u00f3n Corporation integriert ist und sich auf die Projektentwicklung und die Herstellung von Kunststoffteilen und Baugruppen f\u00fcr den Haushaltsger\u00e4te- und Automobilsektor spezialisiert hat. Im Hinblick auf Entwicklung, Qualit\u00e4t und Service sind wir ein Ma\u00dfstab f\u00fcr unsere Kunden. Gleichzeitig f\u00f6rdern wir die F\u00e4higkeiten, das Engagement und die Weiterentwicklung unserer Mitarbeiter.<div class=\"et_pb_module dsm_dual_heading dsm_dual_heading_2 et_animated  et_pb_text_align_center et_pb_bg_layout_dark\">\n\t\t\t\t\n\t\t\t\t\n\t\t\t\t\n\t\t\t\t\n\t\t\t\t\n\t\t\t\t\n\t\t\t\t<div class=\"et_pb_module_inner\">\n\t\t\t\t\t<h2 class=\"dsm-dual-heading-main et_pb_module_header\"><span class=\"dsm-dual-heading-before\">Unsere <\/span><span class=\"dsm-dual-heading-middle\">Vision<\/span><\/h2>\n\t\t\t\t<\/div>\n\t\t\t<\/div>Ein agiles Unternehmen mit hohen Standards in Bezug auf Management zu sein, dessen engagierte Mitarbeiter sich der effektiven und rentablen Erf\u00fcllung der Bed\u00fcrfnisse unserer Kunden widmen.<\/p>\n","protected":false},"author":1,"featured_media":0,"parent":0,"menu_order":23,"comment_status":"closed","ping_status":"closed","template":"","meta":{"_et_pb_use_builder":"on","_et_pb_old_content":"","_et_gb_content_width":"","footnotes":""},"class_list":["post-3403","page","type-page","status-publish","hentry"],"yoast_head":"<!-- This site is optimized with the Yoast SEO plugin v27.1.1 - https:\/\/yoast.com\/product\/yoast-seo-wordpress\/ -->\n<title>Industrial Plastic Injection Solutions | Tajo Group<\/title>\n<meta name=\"description\" content=\"Industrial plastic injection solutions for automotive and appliances, focused on quality, efficiency and people development. Tajo Group.\" \/>\n<meta name=\"robots\" content=\"index, follow, max-snippet:-1, max-image-preview:large, max-video-preview:-1\" \/>\n<link rel=\"canonical\" href=\"https:\/\/tajo.coop\/mission-vision\/\" \/>\n<meta property=\"og:locale\" content=\"de_DE\" \/>\n<meta property=\"og:type\" content=\"article\" \/>\n<meta property=\"og:title\" content=\"Industrial Plastic Injection Solutions | Tajo Group\" \/>\n<meta property=\"og:description\" content=\"Industrial plastic injection solutions for automotive and appliances, focused on quality, efficiency and people development. Tajo Group.\" \/>\n<meta property=\"og:url\" content=\"https:\/\/tajo.coop\/mission-vision\/\" \/>\n<meta property=\"og:site_name\" content=\"Tajo Group\" \/>\n<meta property=\"article:modified_time\" content=\"2026-02-25T11:02:55+00:00\" \/>\n<meta property=\"og:image\" content=\"https:\/\/tajo.coop\/wp-content\/uploads\/2025\/06\/tajo-group-logo.webp\" \/>\n\t<meta property=\"og:image:width\" content=\"168\" \/>\n\t<meta property=\"og:image:height\" content=\"64\" \/>\n\t<meta property=\"og:image:type\" content=\"image\/webp\" \/>\n<meta name=\"twitter:card\" content=\"summary_large_image\" \/>\n<meta name=\"twitter:label1\" content=\"Gesch\u00e4tzte Lesezeit\" \/>\n\t<meta name=\"twitter:data1\" content=\"1\u00a0Minute\" \/>\n<script type=\"application\/ld+json\" class=\"yoast-schema-graph\">{\"@context\":\"https:\/\/schema.org\",\"@graph\":[{\"@type\":\"WebPage\",\"@id\":\"https:\/\/tajo.coop\/mission-vision\/\",\"url\":\"https:\/\/tajo.coop\/mission-vision\/\",\"name\":\"Industrial Plastic Injection Solutions | Tajo Group\",\"isPartOf\":{\"@id\":\"https:\/\/tajo.coop\/#website\"},\"datePublished\":\"2025-09-24T10:41:20+00:00\",\"dateModified\":\"2026-02-25T11:02:55+00:00\",\"description\":\"Industrial plastic injection solutions for automotive and appliances, focused on quality, efficiency and people development. Tajo Group.\",\"breadcrumb\":{\"@id\":\"https:\/\/tajo.coop\/mission-vision\/#breadcrumb\"},\"inLanguage\":\"de\",\"potentialAction\":[{\"@type\":\"ReadAction\",\"target\":[\"https:\/\/tajo.coop\/mission-vision\/\"]}]},{\"@type\":\"BreadcrumbList\",\"@id\":\"https:\/\/tajo.coop\/mission-vision\/#breadcrumb\",\"itemListElement\":[{\"@type\":\"ListItem\",\"position\":1,\"name\":\"Home\",\"item\":\"https:\/\/tajo.coop\/\"},{\"@type\":\"ListItem\",\"position\":2,\"name\":\"UNSERE Mission &#038; Vision\"}]},{\"@type\":\"WebSite\",\"@id\":\"https:\/\/tajo.coop\/#website\",\"url\":\"https:\/\/tajo.coop\/\",\"name\":\"Tajo Group\",\"description\":\"Global solutions for technical components in plastic injection\",\"potentialAction\":[{\"@type\":\"SearchAction\",\"target\":{\"@type\":\"EntryPoint\",\"urlTemplate\":\"https:\/\/tajo.coop\/?s={search_term_string}\"},\"query-input\":{\"@type\":\"PropertyValueSpecification\",\"valueRequired\":true,\"valueName\":\"search_term_string\"}}],\"inLanguage\":\"de\"}]}<\/script>\n<!-- \/ Yoast SEO plugin. -->","yoast_head_json":{"title":"Industrial Plastic Injection Solutions | Tajo Group","description":"Industrial plastic injection solutions for automotive and appliances, focused on quality, efficiency and people development. Tajo Group.","robots":{"index":"index","follow":"follow","max-snippet":"max-snippet:-1","max-image-preview":"max-image-preview:large","max-video-preview":"max-video-preview:-1"},"canonical":"https:\/\/tajo.coop\/mission-vision\/","og_locale":"de_DE","og_type":"article","og_title":"Industrial Plastic Injection Solutions | Tajo Group","og_description":"Industrial plastic injection solutions for automotive and appliances, focused on quality, efficiency and people development. Tajo Group.","og_url":"https:\/\/tajo.coop\/mission-vision\/","og_site_name":"Tajo Group","article_modified_time":"2026-02-25T11:02:55+00:00","og_image":[{"width":168,"height":64,"url":"https:\/\/tajo.coop\/wp-content\/uploads\/2025\/06\/tajo-group-logo.webp","type":"image\/webp"}],"twitter_card":"summary_large_image","twitter_misc":{"Gesch\u00e4tzte Lesezeit":"1\u00a0Minute"},"schema":{"@context":"https:\/\/schema.org","@graph":[{"@type":"WebPage","@id":"https:\/\/tajo.coop\/mission-vision\/","url":"https:\/\/tajo.coop\/mission-vision\/","name":"Industrial Plastic Injection Solutions | Tajo Group","isPartOf":{"@id":"https:\/\/tajo.coop\/#website"},"datePublished":"2025-09-24T10:41:20+00:00","dateModified":"2026-02-25T11:02:55+00:00","description":"Industrial plastic injection solutions for automotive and appliances, focused on quality, efficiency and people development. Tajo Group.","breadcrumb":{"@id":"https:\/\/tajo.coop\/mission-vision\/#breadcrumb"},"inLanguage":"de","potentialAction":[{"@type":"ReadAction","target":["https:\/\/tajo.coop\/mission-vision\/"]}]},{"@type":"BreadcrumbList","@id":"https:\/\/tajo.coop\/mission-vision\/#breadcrumb","itemListElement":[{"@type":"ListItem","position":1,"name":"Home","item":"https:\/\/tajo.coop\/"},{"@type":"ListItem","position":2,"name":"UNSERE Mission &#038; Vision"}]},{"@type":"WebSite","@id":"https:\/\/tajo.coop\/#website","url":"https:\/\/tajo.coop\/","name":"Tajo Group","description":"Global solutions for technical components in plastic injection","potentialAction":[{"@type":"SearchAction","target":{"@type":"EntryPoint","urlTemplate":"https:\/\/tajo.coop\/?s={search_term_string}"},"query-input":{"@type":"PropertyValueSpecification","valueRequired":true,"valueName":"search_term_string"}}],"inLanguage":"de"}]}},"_links":{"self":[{"href":"https:\/\/tajo.coop\/de\/wp-json\/wp\/v2\/pages\/3403","targetHints":{"allow":["GET"]}}],"collection":[{"href":"https:\/\/tajo.coop\/de\/wp-json\/wp\/v2\/pages"}],"about":[{"href":"https:\/\/tajo.coop\/de\/wp-json\/wp\/v2\/types\/page"}],"author":[{"embeddable":true,"href":"https:\/\/tajo.coop\/de\/wp-json\/wp\/v2\/users\/1"}],"replies":[{"embeddable":true,"href":"https:\/\/tajo.coop\/de\/wp-json\/wp\/v2\/comments?post=3403"}],"version-history":[{"count":3,"href":"https:\/\/tajo.coop\/de\/wp-json\/wp\/v2\/pages\/3403\/revisions"}],"predecessor-version":[{"id":3407,"href":"https:\/\/tajo.coop\/de\/wp-json\/wp\/v2\/pages\/3403\/revisions\/3407"}],"wp:attachment":[{"href":"https:\/\/tajo.coop\/de\/wp-json\/wp\/v2\/media?parent=3403"}],"curies":[{"name":"wp","href":"https:\/\/api.w.org\/{rel}","templated":true}]}}